{"id":63339,"date":"2025-01-25T00:02:10","date_gmt":"2025-01-24T23:02:10","guid":{"rendered":"https:\/\/modelkars.com\/?post_type=product&#038;p=63339"},"modified":"2025-12-02T00:00:25","modified_gmt":"2025-12-01T23:00:25","slug":"p18164bast-ferrari-monza-sp1-icona-blanc-sanae","status":"publish","type":"product","link":"https:\/\/modelkars.com\/fr\/shop\/bbr\/p18164bast-ferrari-monza-sp1-icona-blanc-sanae\/","title":{"rendered":"Ferrari Monza SP1 (Icona)"},"content":{"rendered":"","protected":false},"excerpt":{"rendered":"<p>La Ferrari Monza SP1 en blanc Sanae est ici reproduite \u00e0 l&rsquo;\u00e9chelle 1:18 avec une pr\u00e9cision remarquable. Fabriqu\u00e9e par BBR en r\u00e9sine, cette \u00e9dition limit\u00e9e \u00e0 50 exemplaires repose sur un socle \u00e9l\u00e9gant. Inspir\u00e9e des barchettas vintage, cette pi\u00e8ce rare illustre parfaitement la fusion entre innovation moderne et h\u00e9ritage classique propre \u00e0 Ferrari.<\/p>\n","protected":false},"featured_media":63350,"template":"","meta":{"_seopress_robots_primary_cat":"","_seopress_titles_title":"","_seopress_titles_desc":"","_seopress_robots_index":""},"product_brand":[],"product_cat":[315],"product_tag":[84,93,92,85,86],"class_list":{"0":"post-63339","1":"product","2":"type-product","3":"status-publish","4":"has-post-thumbnail","6":"product_cat-bbr","7":"product_tag-echelle-118","8":"product_tag-edition-limitee","9":"product_tag-resine","10":"product_tag-sans-ouvrants","11":"product_tag-socle-inclus","13":"first","14":"instock","15":"taxable","16":"shipping-taxable","17":"purchasable","18":"product-type-simple"},"_links":{"self":[{"href":"https:\/\/modelkars.com\/fr\/wp-json\/wp\/v2\/product\/63339","targetHints":{"allow":["GET"]}}],"collection":[{"href":"https:\/\/modelkars.com\/fr\/wp-json\/wp\/v2\/product"}],"about":[{"href":"https:\/\/modelkars.com\/fr\/wp-json\/wp\/v2\/types\/product"}],"wp:featuredmedia":[{"embeddable":true,"href":"https:\/\/modelkars.com\/fr\/wp-json\/wp\/v2\/media\/63350"}],"wp:attachment":[{"href":"https:\/\/modelkars.com\/fr\/wp-json\/wp\/v2\/media?parent=63339"}],"wp:term":[{"taxonomy":"product_brand","embeddable":true,"href":"https:\/\/modelkars.com\/fr\/wp-json\/wp\/v2\/product_brand?post=63339"},{"taxonomy":"product_cat","embeddable":true,"href":"https:\/\/modelkars.com\/fr\/wp-json\/wp\/v2\/product_cat?post=63339"},{"taxonomy":"product_tag","embeddable":true,"href":"https:\/\/modelkars.com\/fr\/wp-json\/wp\/v2\/product_tag?post=63339"}],"curies":[{"name":"wp","href":"https:\/\/api.w.org\/{rel}","templated":true}]}}