{"id":6320,"date":"2019-08-08T21:14:15","date_gmt":"2019-08-08T19:14:15","guid":{"rendered":"https:\/\/modelkars.com\/?post_type=product&#038;p=6320"},"modified":"2025-12-01T01:55:27","modified_gmt":"2025-12-01T00:55:27","slug":"72951-ford-focus-rs-2016-blanche","status":"publish","type":"product","link":"https:\/\/modelkars.com\/fr\/shop\/autoart\/72951-ford-focus-rs-2016-blanche\/","title":{"rendered":"Ford Focus RS 2016"},"content":{"rendered":"\n\t<section class=\"section\" id=\"section_1287220986\">\n\t\t<div class=\"section-bg fill\" >\n\t\t\t\t\t\t\t\t\t\n\t\t\t\n\n\t\t<\/div>\n\n\t\t\n\n\t\t<div class=\"section-content relative\">\n\t\t\t\n  <div class=\"banner-grid-wrapper\">\n  <div id=\"banner-grid-913251043\" class=\"banner-grid row row-grid row-small\" data-packery-options=\"\">\n                      \n<div class=\"col grid-col large-12 grid-col-2-3\" ><div class=\"col-inner\">\n\t<div class=\"img has-hover x md-x lg-x y md-y lg-y\" id=\"image_1613135840\">\n\t\t\t\t\t\t\t\t<div class=\"img-inner dark\" >\n\t\t\t<img decoding=\"async\" width=\"1020\" height=\"680\" src=\"https:\/\/modelkars.com\/wp-content\/uploads\/1200-72951-grille-1050x700.jpg\" class=\"attachment-large size-large\" alt=\"\" srcset=\"https:\/\/modelkars.com\/wp-content\/uploads\/1200-72951-grille-1050x700.jpg 1050w, https:\/\/modelkars.com\/wp-content\/uploads\/1200-72951-grille-680x453.jpg 680w, https:\/\/modelkars.com\/wp-content\/uploads\/1200-72951-grille-64x43.jpg 64w, https:\/\/modelkars.com\/wp-content\/uploads\/1200-72951-grille-690x460.jpg 690w, https:\/\/modelkars.com\/wp-content\/uploads\/1200-72951-grille-768x512.jpg 768w, https:\/\/modelkars.com\/wp-content\/uploads\/1200-72951-grille.jpg 1200w\" sizes=\"(max-width: 1020px) 100vw, 1020px\" \/>\t\t\t\t\t\t\n\t\t\t\t\t<\/div>\n\t\t\t\t\t\t\t\t\n<style>\n#image_1613135840 {\n  width: 100%;\n}\n<\/style>\n\t<\/div>\n\t\n<\/div><\/div>\n<div class=\"col grid-col small-12 large-6 grid-col-2-3\" ><div class=\"col-inner\">\n\t<div class=\"img has-hover x md-x lg-x y md-y lg-y\" id=\"image_1718862209\">\n\t\t\t\t\t\t\t\t<div class=\"img-inner dark\" >\n\t\t\t<img decoding=\"async\" width=\"1020\" height=\"683\" src=\"https:\/\/modelkars.com\/wp-content\/uploads\/1200-72951-engine-1050x703.jpg\" class=\"attachment-large size-large\" alt=\"\" srcset=\"https:\/\/modelkars.com\/wp-content\/uploads\/1200-72951-engine-1050x703.jpg 1050w, https:\/\/modelkars.com\/wp-content\/uploads\/1200-72951-engine-680x455.jpg 680w, https:\/\/modelkars.com\/wp-content\/uploads\/1200-72951-engine-64x43.jpg 64w, https:\/\/modelkars.com\/wp-content\/uploads\/1200-72951-engine-690x462.jpg 690w, https:\/\/modelkars.com\/wp-content\/uploads\/1200-72951-engine-768x514.jpg 768w, https:\/\/modelkars.com\/wp-content\/uploads\/1200-72951-engine.jpg 1200w\" sizes=\"(max-width: 1020px) 100vw, 1020px\" \/>\t\t\t\t\t\t\n\t\t\t\t\t<\/div>\n\t\t\t\t\t\t\t\t\n<style>\n#image_1718862209 {\n  width: 100%;\n}\n<\/style>\n\t<\/div>\n\t\n<\/div><\/div>\n<div class=\"col grid-col small-12 large-6 grid-col-1-2\" ><div class=\"col-inner\">\n\t<div class=\"img has-hover x md-x lg-x y md-y lg-y\" id=\"image_384309573\">\n\t\t\t\t\t\t\t\t<div class=\"img-inner dark\" >\n\t\t\t<img decoding=\"async\" width=\"1020\" height=\"698\" src=\"https:\/\/modelkars.com\/wp-content\/uploads\/1200-72951-interior-1050x719.jpg\" class=\"attachment-large size-large\" alt=\"\" srcset=\"https:\/\/modelkars.com\/wp-content\/uploads\/1200-72951-interior-1050x719.jpg 1050w, https:\/\/modelkars.com\/wp-content\/uploads\/1200-72951-interior-680x466.jpg 680w, https:\/\/modelkars.com\/wp-content\/uploads\/1200-72951-interior-64x44.jpg 64w, https:\/\/modelkars.com\/wp-content\/uploads\/1200-72951-interior-690x473.jpg 690w, https:\/\/modelkars.com\/wp-content\/uploads\/1200-72951-interior-768x526.jpg 768w, https:\/\/modelkars.com\/wp-content\/uploads\/1200-72951-interior.jpg 1200w\" sizes=\"(max-width: 1020px) 100vw, 1020px\" \/>\t\t\t\t\t\t\n\t\t\t\t\t<\/div>\n\t\t\t\t\t\t\t\t\n<style>\n#image_384309573 {\n  width: 100%;\n}\n<\/style>\n\t<\/div>\n\t\n<\/div><\/div>\n<div class=\"col grid-col small-6 large-3 grid-col-1-2\" ><div class=\"col-inner\">\n\t<div class=\"img has-hover x md-x lg-x y md-y lg-y\" id=\"image_1223355176\">\n\t\t\t\t\t\t\t\t<div class=\"img-inner dark\" >\n\t\t\t<img decoding=\"async\" width=\"1020\" height=\"706\" src=\"https:\/\/modelkars.com\/wp-content\/uploads\/1200-72951-coffre-1050x727.jpg\" class=\"attachment-large size-large\" alt=\"\" srcset=\"https:\/\/modelkars.com\/wp-content\/uploads\/1200-72951-coffre-1050x727.jpg 1050w, https:\/\/modelkars.com\/wp-content\/uploads\/1200-72951-coffre-680x471.jpg 680w, https:\/\/modelkars.com\/wp-content\/uploads\/1200-72951-coffre-64x44.jpg 64w, https:\/\/modelkars.com\/wp-content\/uploads\/1200-72951-coffre-690x478.jpg 690w, https:\/\/modelkars.com\/wp-content\/uploads\/1200-72951-coffre-768x532.jpg 768w, https:\/\/modelkars.com\/wp-content\/uploads\/1200-72951-coffre.jpg 1200w\" sizes=\"(max-width: 1020px) 100vw, 1020px\" \/>\t\t\t\t\t\t\n\t\t\t\t\t<\/div>\n\t\t\t\t\t\t\t\t\n<style>\n#image_1223355176 {\n  width: 100%;\n}\n<\/style>\n\t<\/div>\n\t\n<\/div><\/div>\n<div class=\"col grid-col small-6 large-3 grid-col-1-2\" ><div class=\"col-inner\">\n\t<div class=\"img has-hover x md-x lg-x y md-y lg-y\" id=\"image_681108152\">\n\t\t\t\t\t\t\t\t<div class=\"img-inner dark\" >\n\t\t\t<img decoding=\"async\" width=\"1020\" height=\"680\" src=\"https:\/\/modelkars.com\/wp-content\/uploads\/1200-72951-wheel-1050x700.jpg\" class=\"attachment-large size-large\" alt=\"\" srcset=\"https:\/\/modelkars.com\/wp-content\/uploads\/1200-72951-wheel-1050x700.jpg 1050w, https:\/\/modelkars.com\/wp-content\/uploads\/1200-72951-wheel-680x453.jpg 680w, https:\/\/modelkars.com\/wp-content\/uploads\/1200-72951-wheel-64x43.jpg 64w, https:\/\/modelkars.com\/wp-content\/uploads\/1200-72951-wheel-690x460.jpg 690w, https:\/\/modelkars.com\/wp-content\/uploads\/1200-72951-wheel-768x512.jpg 768w, https:\/\/modelkars.com\/wp-content\/uploads\/1200-72951-wheel.jpg 1200w\" sizes=\"(max-width: 1020px) 100vw, 1020px\" \/>\t\t\t\t\t\t\n\t\t\t\t\t<\/div>\n\t\t\t\t\t\t\t\t\n<style>\n#image_681108152 {\n  width: 100%;\n}\n<\/style>\n\t<\/div>\n\t\n<\/div><\/div>\n<div class=\"col grid-col small-12 large-6 grid-col-1-3\" ><div class=\"col-inner\">\n\t<div class=\"img has-hover x md-x lg-x y md-y lg-y\" id=\"image_691929180\">\n\t\t\t\t\t\t\t\t<div class=\"img-inner dark\" >\n\t\t\t<img decoding=\"async\" width=\"1020\" height=\"510\" src=\"https:\/\/modelkars.com\/wp-content\/uploads\/1200-72951-side-1050x525.jpg\" class=\"attachment-large size-large\" alt=\"\" srcset=\"https:\/\/modelkars.com\/wp-content\/uploads\/1200-72951-side-1050x525.jpg 1050w, https:\/\/modelkars.com\/wp-content\/uploads\/1200-72951-side-680x340.jpg 680w, https:\/\/modelkars.com\/wp-content\/uploads\/1200-72951-side-64x32.jpg 64w, https:\/\/modelkars.com\/wp-content\/uploads\/1200-72951-side-690x345.jpg 690w, https:\/\/modelkars.com\/wp-content\/uploads\/1200-72951-side-768x384.jpg 768w, https:\/\/modelkars.com\/wp-content\/uploads\/1200-72951-side.jpg 1200w\" sizes=\"(max-width: 1020px) 100vw, 1020px\" \/>\t\t\t\t\t\t\n\t\t\t\t\t<\/div>\n\t\t\t\t\t\t\t\t\n<style>\n#image_691929180 {\n  width: 100%;\n}\n<\/style>\n\t<\/div>\n\t\n<\/div><\/div>\n<div class=\"col grid-col large-12 grid-col-2-3\" ><div class=\"col-inner\">\n\t<div class=\"img has-hover x md-x lg-x y md-y lg-y\" id=\"image_865414927\">\n\t\t\t\t\t\t\t\t<div class=\"img-inner dark\" >\n\t\t\t<img decoding=\"async\" width=\"1020\" height=\"674\" src=\"https:\/\/modelkars.com\/wp-content\/uploads\/1200-72951-rear2-1050x694.jpg\" class=\"attachment-large size-large\" alt=\"\" srcset=\"https:\/\/modelkars.com\/wp-content\/uploads\/1200-72951-rear2-1050x694.jpg 1050w, https:\/\/modelkars.com\/wp-content\/uploads\/1200-72951-rear2-680x449.jpg 680w, https:\/\/modelkars.com\/wp-content\/uploads\/1200-72951-rear2-64x42.jpg 64w, https:\/\/modelkars.com\/wp-content\/uploads\/1200-72951-rear2-690x456.jpg 690w, https:\/\/modelkars.com\/wp-content\/uploads\/1200-72951-rear2-768x508.jpg 768w, https:\/\/modelkars.com\/wp-content\/uploads\/1200-72951-rear2.jpg 1200w\" sizes=\"(max-width: 1020px) 100vw, 1020px\" \/>\t\t\t\t\t\t\n\t\t\t\t\t<\/div>\n\t\t\t\t\t\t\t\t\n<style>\n#image_865414927 {\n  width: 100%;\n}\n<\/style>\n\t<\/div>\n\t\n<\/div><\/div>\n            <\/div>\n    <style>\n    #banner-grid-913251043 .grid-col-1{height: 700px}\n    #banner-grid-913251043 .grid-col-1-2{height: 350px}\n    #banner-grid-913251043 .grid-col-1-3{height:233.33333333333px}\n    #banner-grid-913251043 .grid-col-2-3{height: 466.66666666667px}\n    #banner-grid-913251043 .grid-col-1-4{height: 175px}\n    #banner-grid-913251043 .grid-col-3-4{height: 525px}\n\n\n    \n    \n\n  <\/style>\n    <\/div>\n  \n\t\t<\/div>\n\n\t\t\n<style>\n#section_1287220986 {\n  padding-top: 30px;\n  padding-bottom: 30px;\n  background-color: rgba(0, 0, 0, 0.8);\n}\n<\/style>\n\t<\/section>\n\t\n","protected":false},"excerpt":{"rendered":"<p>En 2016, Ford d\u00e9voile la nouvelle version de sa sportive compacte, la Focus RS. La voici reproduite par AUTOart \u00e0 l\u2019\u00e9chelle 1:18 dans sa livr\u00e9e blanche Frozen White. Cette miniature d\u2019une qualit\u00e9 exceptionnelle poss\u00e8de de nombreux ouvrants (portes avant et arri\u00e8re, coffre, capot moteur) ainsi que les roues directionnelles.<\/p>\n","protected":false},"featured_media":6544,"template":"","meta":{"_seopress_robots_primary_cat":"none","_seopress_titles_title":"","_seopress_titles_desc":"","_seopress_robots_index":""},"product_brand":[],"product_cat":[118],"product_tag":[117,119,84],"class_list":{"0":"post-6320","1":"product","2":"type-product","3":"status-publish","4":"has-post-thumbnail","6":"product_cat-autoart","7":"product_tag-avec-ouvrants","8":"product_tag-composite","9":"product_tag-echelle-118","10":"product_shipping_class-delivengo","12":"first","13":"outofstock","14":"taxable","15":"shipping-taxable","16":"purchasable","17":"product-type-simple"},"_links":{"self":[{"href":"https:\/\/modelkars.com\/fr\/wp-json\/wp\/v2\/product\/6320","targetHints":{"allow":["GET"]}}],"collection":[{"href":"https:\/\/modelkars.com\/fr\/wp-json\/wp\/v2\/product"}],"about":[{"href":"https:\/\/modelkars.com\/fr\/wp-json\/wp\/v2\/types\/product"}],"wp:featuredmedia":[{"embeddable":true,"href":"https:\/\/modelkars.com\/fr\/wp-json\/wp\/v2\/media\/6544"}],"wp:attachment":[{"href":"https:\/\/modelkars.com\/fr\/wp-json\/wp\/v2\/media?parent=6320"}],"wp:term":[{"taxonomy":"product_brand","embeddable":true,"href":"https:\/\/modelkars.com\/fr\/wp-json\/wp\/v2\/product_brand?post=6320"},{"taxonomy":"product_cat","embeddable":true,"href":"https:\/\/modelkars.com\/fr\/wp-json\/wp\/v2\/product_cat?post=6320"},{"taxonomy":"product_tag","embeddable":true,"href":"https:\/\/modelkars.com\/fr\/wp-json\/wp\/v2\/product_tag?post=6320"}],"curies":[{"name":"wp","href":"https:\/\/api.w.org\/{rel}","templated":true}]}}