{"id":6315,"date":"2019-08-08T21:14:13","date_gmt":"2019-08-08T19:14:13","guid":{"rendered":"https:\/\/modelkars.com\/?post_type=product&#038;p=6315"},"modified":"2025-12-01T01:55:29","modified_gmt":"2025-12-01T00:55:29","slug":"81801-audi-r8-lms-gris-nardo","status":"publish","type":"product","link":"https:\/\/modelkars.com\/fr\/shop\/autoart\/81801-audi-r8-lms-gris-nardo\/","title":{"rendered":"Audi R8 LMS"},"content":{"rendered":"\n\t<section class=\"section\" id=\"section_1244400897\">\n\t\t<div class=\"section-bg fill\" >\n\t\t\t\t\t\t\t\t\t\n\t\t\t\n\n\t\t<\/div>\n\n\t\t\n\n\t\t<div class=\"section-content relative\">\n\t\t\t\n  <div class=\"banner-grid-wrapper\">\n  <div id=\"banner-grid-1109261874\" class=\"banner-grid row row-grid row-small\" data-packery-options=\"\">\n                      \n<div class=\"col grid-col small-12 large-6 grid-col-2-3\" ><div class=\"col-inner\">\n\t<div class=\"img has-hover x md-x lg-x y md-y lg-y\" id=\"image_1803793764\">\n\t\t\t\t\t\t\t\t<div class=\"img-inner dark\" >\n\t\t\t<img decoding=\"async\" width=\"1020\" height=\"683\" src=\"https:\/\/modelkars.com\/wp-content\/uploads\/81801-detail-4-1050x703.jpg\" class=\"attachment-large size-large\" alt=\"\" srcset=\"https:\/\/modelkars.com\/wp-content\/uploads\/81801-detail-4-1050x703.jpg 1050w, https:\/\/modelkars.com\/wp-content\/uploads\/81801-detail-4-680x455.jpg 680w, https:\/\/modelkars.com\/wp-content\/uploads\/81801-detail-4-64x43.jpg 64w, https:\/\/modelkars.com\/wp-content\/uploads\/81801-detail-4-690x462.jpg 690w, https:\/\/modelkars.com\/wp-content\/uploads\/81801-detail-4-768x514.jpg 768w, https:\/\/modelkars.com\/wp-content\/uploads\/81801-detail-4.jpg 1200w\" sizes=\"(max-width: 1020px) 100vw, 1020px\" \/>\t\t\t\t\t\t\n\t\t\t\t\t<\/div>\n\t\t\t\t\t\t\t\t\n<style>\n#image_1803793764 {\n  width: 100%;\n}\n<\/style>\n\t<\/div>\n\t\n<\/div><\/div>\n<div class=\"col grid-col medium-6 small-12 large-3 grid-col-1-2\" ><div class=\"col-inner\">\n\t<div class=\"img has-hover x md-x lg-x y md-y lg-y\" id=\"image_1368464345\">\n\t\t\t\t\t\t\t\t<div class=\"img-inner dark\" >\n\t\t\t<img decoding=\"async\" width=\"1020\" height=\"680\" src=\"https:\/\/modelkars.com\/wp-content\/uploads\/81801-detail-10-1050x700.jpg\" class=\"attachment-large size-large\" alt=\"\" srcset=\"https:\/\/modelkars.com\/wp-content\/uploads\/81801-detail-10-1050x700.jpg 1050w, https:\/\/modelkars.com\/wp-content\/uploads\/81801-detail-10-680x453.jpg 680w, https:\/\/modelkars.com\/wp-content\/uploads\/81801-detail-10-64x43.jpg 64w, https:\/\/modelkars.com\/wp-content\/uploads\/81801-detail-10-690x460.jpg 690w, https:\/\/modelkars.com\/wp-content\/uploads\/81801-detail-10-768x512.jpg 768w, https:\/\/modelkars.com\/wp-content\/uploads\/81801-detail-10.jpg 1200w\" sizes=\"(max-width: 1020px) 100vw, 1020px\" \/>\t\t\t\t\t\t\n\t\t\t\t\t<\/div>\n\t\t\t\t\t\t\t\t\n<style>\n#image_1368464345 {\n  width: 100%;\n}\n<\/style>\n\t<\/div>\n\t\n<\/div><\/div>\n<div class=\"col grid-col medium-6 small-12 large-3 grid-col-1-2\" ><div class=\"col-inner\">\n\t<div class=\"img has-hover x md-x lg-x y md-y lg-y\" id=\"image_500174631\">\n\t\t\t\t\t\t\t\t<div class=\"img-inner dark\" >\n\t\t\t<img decoding=\"async\" width=\"1020\" height=\"680\" src=\"https:\/\/modelkars.com\/wp-content\/uploads\/81801-detail-14-1050x700.jpg\" class=\"attachment-large size-large\" alt=\"\" srcset=\"https:\/\/modelkars.com\/wp-content\/uploads\/81801-detail-14-1050x700.jpg 1050w, https:\/\/modelkars.com\/wp-content\/uploads\/81801-detail-14-680x453.jpg 680w, https:\/\/modelkars.com\/wp-content\/uploads\/81801-detail-14-64x43.jpg 64w, https:\/\/modelkars.com\/wp-content\/uploads\/81801-detail-14-690x460.jpg 690w, https:\/\/modelkars.com\/wp-content\/uploads\/81801-detail-14-768x512.jpg 768w, https:\/\/modelkars.com\/wp-content\/uploads\/81801-detail-14.jpg 1200w\" sizes=\"(max-width: 1020px) 100vw, 1020px\" \/>\t\t\t\t\t\t\n\t\t\t\t\t<\/div>\n\t\t\t\t\t\t\t\t\n<style>\n#image_500174631 {\n  width: 100%;\n}\n<\/style>\n\t<\/div>\n\t\n<\/div><\/div>\n<div class=\"col grid-col small-12 large-6 grid-col-1-2\" ><div class=\"col-inner\">\n\t<div class=\"img has-hover x md-x lg-x y md-y lg-y\" id=\"image_2028272480\">\n\t\t\t\t\t\t\t\t<div class=\"img-inner dark\" >\n\t\t\t<img decoding=\"async\" width=\"1020\" height=\"683\" src=\"https:\/\/modelkars.com\/wp-content\/uploads\/81801-detail-11-1050x703.jpg\" class=\"attachment-large size-large\" alt=\"\" srcset=\"https:\/\/modelkars.com\/wp-content\/uploads\/81801-detail-11-1050x703.jpg 1050w, https:\/\/modelkars.com\/wp-content\/uploads\/81801-detail-11-680x455.jpg 680w, https:\/\/modelkars.com\/wp-content\/uploads\/81801-detail-11-64x43.jpg 64w, https:\/\/modelkars.com\/wp-content\/uploads\/81801-detail-11-690x462.jpg 690w, https:\/\/modelkars.com\/wp-content\/uploads\/81801-detail-11-768x514.jpg 768w, https:\/\/modelkars.com\/wp-content\/uploads\/81801-detail-11.jpg 1200w\" sizes=\"(max-width: 1020px) 100vw, 1020px\" \/>\t\t\t\t\t\t\n\t\t\t\t\t<\/div>\n\t\t\t\t\t\t\t\t\n<style>\n#image_2028272480 {\n  width: 100%;\n}\n<\/style>\n\t<\/div>\n\t\n<\/div><\/div>\n<div class=\"col grid-col small-12 large-6 grid-col-1-3\" ><div class=\"col-inner\">\n\t<div class=\"img has-hover x md-x lg-x y md-y lg-y\" id=\"image_1758152102\">\n\t\t\t\t\t\t\t\t<div class=\"img-inner dark\" >\n\t\t\t<img decoding=\"async\" width=\"1020\" height=\"680\" src=\"https:\/\/modelkars.com\/wp-content\/uploads\/81801-detail-7-1050x700.jpg\" class=\"attachment-large size-large\" alt=\"\" srcset=\"https:\/\/modelkars.com\/wp-content\/uploads\/81801-detail-7-1050x700.jpg 1050w, https:\/\/modelkars.com\/wp-content\/uploads\/81801-detail-7-680x453.jpg 680w, https:\/\/modelkars.com\/wp-content\/uploads\/81801-detail-7-64x43.jpg 64w, https:\/\/modelkars.com\/wp-content\/uploads\/81801-detail-7-690x460.jpg 690w, https:\/\/modelkars.com\/wp-content\/uploads\/81801-detail-7-768x512.jpg 768w, https:\/\/modelkars.com\/wp-content\/uploads\/81801-detail-7.jpg 1200w\" sizes=\"(max-width: 1020px) 100vw, 1020px\" \/>\t\t\t\t\t\t\n\t\t\t\t\t<\/div>\n\t\t\t\t\t\t\t\t\n<style>\n#image_1758152102 {\n  width: 100%;\n}\n<\/style>\n\t<\/div>\n\t\n<\/div><\/div>\n            <\/div>\n    <style>\n    #banner-grid-1109261874 .grid-col-1{height: 680px}\n    #banner-grid-1109261874 .grid-col-1-2{height: 340px}\n    #banner-grid-1109261874 .grid-col-1-3{height:226.66666666667px}\n    #banner-grid-1109261874 .grid-col-2-3{height: 453.33333333333px}\n    #banner-grid-1109261874 .grid-col-1-4{height: 170px}\n    #banner-grid-1109261874 .grid-col-3-4{height: 510px}\n\n\n    \n    \n\n  <\/style>\n    <\/div>\n  \n\t\t<\/div>\n\n\t\t\n<style>\n#section_1244400897 {\n  padding-top: 30px;\n  padding-bottom: 30px;\n  background-color: rgb(34, 40, 49);\n}\n<\/style>\n\t<\/section>\n\t\n","protected":false},"excerpt":{"rendered":"<p>Cette miniature haut de gamme reproduit avec une finesse incroyable l&rsquo;Audi R8 en version LMS dans une livr\u00e9e grise Nardo. Fabriqu\u00e9e par AUTOart, ce mod\u00e8le r\u00e9duit \u00e0 l&rsquo;\u00e9chelle 1:18 poss\u00e8de des ouvrants (portes) et roues directionnelles.<\/p>\n","protected":false},"featured_media":6368,"template":"","meta":{"_seopress_robots_primary_cat":"none","_seopress_titles_title":"","_seopress_titles_desc":"","_seopress_robots_index":""},"product_brand":[],"product_cat":[118],"product_tag":[117,119,84],"class_list":{"0":"post-6315","1":"product","2":"type-product","3":"status-publish","4":"has-post-thumbnail","6":"product_cat-autoart","7":"product_tag-avec-ouvrants","8":"product_tag-composite","9":"product_tag-echelle-118","10":"product_shipping_class-delivengo","12":"first","13":"outofstock","14":"taxable","15":"shipping-taxable","16":"purchasable","17":"product-type-simple"},"_links":{"self":[{"href":"https:\/\/modelkars.com\/fr\/wp-json\/wp\/v2\/product\/6315","targetHints":{"allow":["GET"]}}],"collection":[{"href":"https:\/\/modelkars.com\/fr\/wp-json\/wp\/v2\/product"}],"about":[{"href":"https:\/\/modelkars.com\/fr\/wp-json\/wp\/v2\/types\/product"}],"wp:featuredmedia":[{"embeddable":true,"href":"https:\/\/modelkars.com\/fr\/wp-json\/wp\/v2\/media\/6368"}],"wp:attachment":[{"href":"https:\/\/modelkars.com\/fr\/wp-json\/wp\/v2\/media?parent=6315"}],"wp:term":[{"taxonomy":"product_brand","embeddable":true,"href":"https:\/\/modelkars.com\/fr\/wp-json\/wp\/v2\/product_brand?post=6315"},{"taxonomy":"product_cat","embeddable":true,"href":"https:\/\/modelkars.com\/fr\/wp-json\/wp\/v2\/product_cat?post=6315"},{"taxonomy":"product_tag","embeddable":true,"href":"https:\/\/modelkars.com\/fr\/wp-json\/wp\/v2\/product_tag?post=6315"}],"curies":[{"name":"wp","href":"https:\/\/api.w.org\/{rel}","templated":true}]}}