{"id":6311,"date":"2019-08-08T21:14:11","date_gmt":"2019-08-08T19:14:11","guid":{"rendered":"https:\/\/modelkars.com\/?post_type=product&#038;p=6311"},"modified":"2025-12-01T01:55:29","modified_gmt":"2025-12-01T00:55:29","slug":"70261-aston-martin-vulcan-blanche","status":"publish","type":"product","link":"https:\/\/modelkars.com\/fr\/shop\/autoart\/70261-aston-martin-vulcan-blanche\/","title":{"rendered":"Aston Martin Vulcan"},"content":{"rendered":"\n\t<section class=\"section\" id=\"section_1580344838\">\n\t\t<div class=\"section-bg fill\" >\n\t\t\t\t\t\t\t\t\t<div class=\"section-bg-overlay absolute fill\"><\/div>\n\t\t\t\n\n\t\t<\/div>\n\n\t\t\n\n\t\t<div class=\"section-content relative\">\n\t\t\t\n  <div class=\"banner-grid-wrapper\">\n  <div id=\"banner-grid-1044471123\" class=\"banner-grid row row-grid row-xsmall\" data-packery-options=\"\">\n                      \n<div class=\"col grid-col small-12 large-6 grid-col-2-3\" ><div class=\"col-inner\">\n\t<div class=\"img has-hover x md-x lg-x y md-y lg-y\" id=\"image_933870161\">\n\t\t\t\t\t\t\t\t<div class=\"img-inner dark\" >\n\t\t\t<img decoding=\"async\" width=\"1020\" height=\"680\" src=\"https:\/\/modelkars.com\/wp-content\/uploads\/1200-70261_engine2.jpg\" class=\"attachment-large size-large\" alt=\"\" srcset=\"https:\/\/modelkars.com\/wp-content\/uploads\/1200-70261_engine2.jpg 1200w, https:\/\/modelkars.com\/wp-content\/uploads\/1200-70261_engine2-680x453.jpg 680w\" sizes=\"(max-width: 1020px) 100vw, 1020px\" \/>\t\t\t\t\t\t\n\t\t\t\t\t<\/div>\n\t\t\t\t\t\t\t\t\n<style>\n#image_933870161 {\n  width: 100%;\n}\n<\/style>\n\t<\/div>\n\t\n<\/div><\/div>\n<div class=\"col grid-col large-6 grid-col-1-2\" ><div class=\"col-inner\">\n\t<div class=\"img has-hover x md-x lg-x y md-y lg-y\" id=\"image_1218028804\">\n\t\t\t\t\t\t\t\t<div class=\"img-inner dark\" >\n\t\t\t<img decoding=\"async\" width=\"1020\" height=\"680\" src=\"https:\/\/modelkars.com\/wp-content\/uploads\/1200-70261_rearlight3-1050x700.jpg\" class=\"attachment-large size-large\" alt=\"\" srcset=\"https:\/\/modelkars.com\/wp-content\/uploads\/1200-70261_rearlight3-1050x700.jpg 1050w, https:\/\/modelkars.com\/wp-content\/uploads\/1200-70261_rearlight3-680x453.jpg 680w, https:\/\/modelkars.com\/wp-content\/uploads\/1200-70261_rearlight3-64x43.jpg 64w, https:\/\/modelkars.com\/wp-content\/uploads\/1200-70261_rearlight3-690x460.jpg 690w, https:\/\/modelkars.com\/wp-content\/uploads\/1200-70261_rearlight3-768x512.jpg 768w, https:\/\/modelkars.com\/wp-content\/uploads\/1200-70261_rearlight3.jpg 1200w\" sizes=\"(max-width: 1020px) 100vw, 1020px\" \/>\t\t\t\t\t\t\n\t\t\t\t\t<\/div>\n\t\t\t\t\t\t\t\t\n<style>\n#image_1218028804 {\n  width: 100%;\n}\n<\/style>\n\t<\/div>\n\t\n<\/div><\/div>\n<div class=\"col grid-col small-6 large-3 grid-col-1-2\" ><div class=\"col-inner\">\n\t<div class=\"img has-hover x md-x lg-x y md-y lg-y\" id=\"image_262424865\">\n\t\t\t\t\t\t\t\t<div class=\"img-inner dark\" >\n\t\t\t<img decoding=\"async\" width=\"1020\" height=\"680\" src=\"https:\/\/modelkars.com\/wp-content\/uploads\/1200-70261_mirror-1050x700.jpg\" class=\"attachment-large size-large\" alt=\"\" srcset=\"https:\/\/modelkars.com\/wp-content\/uploads\/1200-70261_mirror-1050x700.jpg 1050w, https:\/\/modelkars.com\/wp-content\/uploads\/1200-70261_mirror-680x453.jpg 680w, https:\/\/modelkars.com\/wp-content\/uploads\/1200-70261_mirror-64x43.jpg 64w, https:\/\/modelkars.com\/wp-content\/uploads\/1200-70261_mirror-690x460.jpg 690w, https:\/\/modelkars.com\/wp-content\/uploads\/1200-70261_mirror-768x512.jpg 768w, https:\/\/modelkars.com\/wp-content\/uploads\/1200-70261_mirror.jpg 1200w\" sizes=\"(max-width: 1020px) 100vw, 1020px\" \/>\t\t\t\t\t\t\n\t\t\t\t\t<\/div>\n\t\t\t\t\t\t\t\t\n<style>\n#image_262424865 {\n  width: 100%;\n}\n<\/style>\n\t<\/div>\n\t\n<\/div><\/div>\n<div class=\"col grid-col small-12 large-3 grid-col-1-2\" ><div class=\"col-inner\">\n\t<div class=\"img has-hover x md-x lg-x y md-y lg-y\" id=\"image_1415493918\">\n\t\t\t\t\t\t\t\t<div class=\"img-inner dark\" >\n\t\t\t<img decoding=\"async\" width=\"1020\" height=\"683\" src=\"https:\/\/modelkars.com\/wp-content\/uploads\/1200-70261_wheel-1050x703.jpg\" class=\"attachment-large size-large\" alt=\"\" srcset=\"https:\/\/modelkars.com\/wp-content\/uploads\/1200-70261_wheel-1050x703.jpg 1050w, https:\/\/modelkars.com\/wp-content\/uploads\/1200-70261_wheel-680x455.jpg 680w, https:\/\/modelkars.com\/wp-content\/uploads\/1200-70261_wheel-64x43.jpg 64w, https:\/\/modelkars.com\/wp-content\/uploads\/1200-70261_wheel-690x462.jpg 690w, https:\/\/modelkars.com\/wp-content\/uploads\/1200-70261_wheel-768x514.jpg 768w, https:\/\/modelkars.com\/wp-content\/uploads\/1200-70261_wheel.jpg 1200w\" sizes=\"(max-width: 1020px) 100vw, 1020px\" \/>\t\t\t\t\t\t\n\t\t\t\t\t<\/div>\n\t\t\t\t\t\t\t\t\n<style>\n#image_1415493918 {\n  width: 100%;\n}\n<\/style>\n\t<\/div>\n\t\n<\/div><\/div>\n<div class=\"col grid-col small-12 large-6 grid-col-1-3\" ><div class=\"col-inner\">\n\t<div class=\"img has-hover x md-x lg-x y md-y lg-y\" id=\"image_1514443538\">\n\t\t\t\t\t\t\t\t<div class=\"img-inner dark\" >\n\t\t\t<img decoding=\"async\" width=\"1020\" height=\"680\" src=\"https:\/\/modelkars.com\/wp-content\/uploads\/1200-70261_interior1-1050x700.jpg\" class=\"attachment-large size-large\" alt=\"\" srcset=\"https:\/\/modelkars.com\/wp-content\/uploads\/1200-70261_interior1-1050x700.jpg 1050w, https:\/\/modelkars.com\/wp-content\/uploads\/1200-70261_interior1-680x453.jpg 680w, https:\/\/modelkars.com\/wp-content\/uploads\/1200-70261_interior1-64x43.jpg 64w, https:\/\/modelkars.com\/wp-content\/uploads\/1200-70261_interior1-690x460.jpg 690w, https:\/\/modelkars.com\/wp-content\/uploads\/1200-70261_interior1-768x512.jpg 768w, https:\/\/modelkars.com\/wp-content\/uploads\/1200-70261_interior1.jpg 1200w\" sizes=\"(max-width: 1020px) 100vw, 1020px\" \/>\t\t\t\t\t\t\n\t\t\t\t\t<\/div>\n\t\t\t\t\t\t\t\t\n<style>\n#image_1514443538 {\n  width: 100%;\n}\n<\/style>\n\t<\/div>\n\t\n<\/div><\/div>\n            <\/div>\n    <style>\n    #banner-grid-1044471123 .grid-col-1{height: 600px}\n    #banner-grid-1044471123 .grid-col-1-2{height: 300px}\n    #banner-grid-1044471123 .grid-col-1-3{height:200px}\n    #banner-grid-1044471123 .grid-col-2-3{height: 400px}\n    #banner-grid-1044471123 .grid-col-1-4{height: 150px}\n    #banner-grid-1044471123 .grid-col-3-4{height: 450px}\n\n\n    \n    \n\n  <\/style>\n    <\/div>\n  \n\t\t<\/div>\n\n\t\t\n<style>\n#section_1580344838 {\n  padding-top: 0px;\n  padding-bottom: 0px;\n  background-color: rgb(255,255,255);\n}\n#section_1580344838 .section-bg-overlay {\n  background-color: rgba(255,255,255,.5);\n}\n<\/style>\n\t<\/section>\n\t\n","protected":false},"excerpt":{"rendered":"<p>Cette miniature haut de gamme reproduit avec une grande pr\u00e9cision l\u2019Aston Martin Vulcan dans une livr\u00e9e blanche avec accents bleus et rouges. Fabriqu\u00e9e par AUTOart, ce mod\u00e8le r\u00e9duit poss\u00e8de des ouvrants (portes et capot) ainsi que les roues pivotantes.<\/p>\n","protected":false},"featured_media":6325,"template":"","meta":{"_seopress_robots_primary_cat":"none","_seopress_titles_title":"","_seopress_titles_desc":"","_seopress_robots_index":""},"product_brand":[],"product_cat":[118],"product_tag":[117,119,84],"class_list":{"0":"post-6311","1":"product","2":"type-product","3":"status-publish","4":"has-post-thumbnail","6":"product_cat-autoart","7":"product_tag-avec-ouvrants","8":"product_tag-composite","9":"product_tag-echelle-118","11":"first","12":"outofstock","13":"taxable","14":"shipping-taxable","15":"purchasable","16":"product-type-simple"},"_links":{"self":[{"href":"https:\/\/modelkars.com\/fr\/wp-json\/wp\/v2\/product\/6311","targetHints":{"allow":["GET"]}}],"collection":[{"href":"https:\/\/modelkars.com\/fr\/wp-json\/wp\/v2\/product"}],"about":[{"href":"https:\/\/modelkars.com\/fr\/wp-json\/wp\/v2\/types\/product"}],"wp:featuredmedia":[{"embeddable":true,"href":"https:\/\/modelkars.com\/fr\/wp-json\/wp\/v2\/media\/6325"}],"wp:attachment":[{"href":"https:\/\/modelkars.com\/fr\/wp-json\/wp\/v2\/media?parent=6311"}],"wp:term":[{"taxonomy":"product_brand","embeddable":true,"href":"https:\/\/modelkars.com\/fr\/wp-json\/wp\/v2\/product_brand?post=6311"},{"taxonomy":"product_cat","embeddable":true,"href":"https:\/\/modelkars.com\/fr\/wp-json\/wp\/v2\/product_cat?post=6311"},{"taxonomy":"product_tag","embeddable":true,"href":"https:\/\/modelkars.com\/fr\/wp-json\/wp\/v2\/product_tag?post=6311"}],"curies":[{"name":"wp","href":"https:\/\/api.w.org\/{rel}","templated":true}]}}