{"id":63079,"date":"2025-02-22T13:14:10","date_gmt":"2025-02-22T12:14:10","guid":{"rendered":"https:\/\/modelkars.com\/?post_type=product&#038;p=63079"},"modified":"2025-12-01T01:52:35","modified_gmt":"2025-12-01T00:52:35","slug":"ot1072-toyota-corolla-gr-circuit-edition-rouge-supersonic","status":"publish","type":"product","link":"https:\/\/modelkars.com\/fr\/shop\/ottomobile\/ot1072-toyota-corolla-gr-circuit-edition-rouge-supersonic\/","title":{"rendered":"Toyota Corolla GR Circuit Edition"},"content":{"rendered":"","protected":false},"excerpt":{"rendered":"<p>D\u00e9couvrez la Toyota GR Corolla Circuit Edition par OttOmobile, une merveille en r\u00e9sine \u00e0 l&rsquo;\u00e9chelle 1:18. Son rouge Supersonic sublime cette s\u00e9rie de 999 pi\u00e8ces, c\u00e9l\u00e9brant la premi\u00e8re Corolla assembl\u00e9e \u00e0 la main dans l&rsquo;atelier des voitures de comp\u00e9tition GR.<\/p>\n","protected":false},"featured_media":63105,"template":"","meta":{"_seopress_robots_primary_cat":"","_seopress_titles_title":"","_seopress_titles_desc":"","_seopress_robots_index":""},"product_brand":[],"product_cat":[225],"product_tag":[84,93,92,85],"class_list":{"0":"post-63079","1":"product","2":"type-product","3":"status-publish","4":"has-post-thumbnail","6":"product_cat-ottomobile","7":"product_tag-echelle-118","8":"product_tag-edition-limitee","9":"product_tag-resine","10":"product_tag-sans-ouvrants","12":"first","13":"outofstock","14":"taxable","15":"shipping-taxable","16":"purchasable","17":"product-type-simple"},"_links":{"self":[{"href":"https:\/\/modelkars.com\/fr\/wp-json\/wp\/v2\/product\/63079","targetHints":{"allow":["GET"]}}],"collection":[{"href":"https:\/\/modelkars.com\/fr\/wp-json\/wp\/v2\/product"}],"about":[{"href":"https:\/\/modelkars.com\/fr\/wp-json\/wp\/v2\/types\/product"}],"wp:featuredmedia":[{"embeddable":true,"href":"https:\/\/modelkars.com\/fr\/wp-json\/wp\/v2\/media\/63105"}],"wp:attachment":[{"href":"https:\/\/modelkars.com\/fr\/wp-json\/wp\/v2\/media?parent=63079"}],"wp:term":[{"taxonomy":"product_brand","embeddable":true,"href":"https:\/\/modelkars.com\/fr\/wp-json\/wp\/v2\/product_brand?post=63079"},{"taxonomy":"product_cat","embeddable":true,"href":"https:\/\/modelkars.com\/fr\/wp-json\/wp\/v2\/product_cat?post=63079"},{"taxonomy":"product_tag","embeddable":true,"href":"https:\/\/modelkars.com\/fr\/wp-json\/wp\/v2\/product_tag?post=63079"}],"curies":[{"name":"wp","href":"https:\/\/api.w.org\/{rel}","templated":true}]}}