{"id":62910,"date":"2025-09-24T00:00:01","date_gmt":"2025-09-23T22:00:01","guid":{"rendered":"https:\/\/modelkars.com\/?post_type=product&#038;p=62910"},"modified":"2025-12-01T01:51:48","modified_gmt":"2025-12-01T00:51:48","slug":"850331021die-pagani-huayra-dinastia-yazi-carbone-violet","status":"publish","type":"product","link":"https:\/\/modelkars.com\/fr\/shop\/bbr\/850331021die-pagani-huayra-dinastia-yazi-carbone-violet\/","title":{"rendered":"Pagani Huayra Dinastia Yazi"},"content":{"rendered":"","protected":false},"excerpt":{"rendered":"<p>Cette voiture miniature \u00e0 l&rsquo;\u00e9chelle 1:18\u00e8me reproduit la Pagani Huayra Dinastia Yazi dans un coloris carbone violet. Mod\u00e8le BBR fabriqu\u00e9 en collaboration avec Almost Real. Suspensions fonctionnelles et multiples ouvrants. Livr\u00e9e sur socle premium, avec vitrine et coffret haut de gamme inclus. Ce mod\u00e8le r\u00e9duit est r\u00e9alis\u00e9 en m\u00e9tal est produit en s\u00e9rie limit\u00e9e.<\/p>\n","protected":false},"featured_media":73411,"template":"","meta":{"_seopress_robots_primary_cat":"","_seopress_titles_title":"","_seopress_titles_desc":"","_seopress_robots_index":""},"product_brand":[],"product_cat":[315],"product_tag":[117,84,93,89,86,323],"class_list":{"0":"post-62910","1":"product","2":"type-product","3":"status-publish","4":"has-post-thumbnail","6":"product_cat-bbr","7":"product_tag-avec-ouvrants","8":"product_tag-echelle-118","9":"product_tag-edition-limitee","10":"product_tag-metal","11":"product_tag-socle-inclus","12":"product_tag-vitrine-incluse","14":"first","15":"outofstock","16":"taxable","17":"shipping-taxable","18":"purchasable","19":"product-type-simple"},"_links":{"self":[{"href":"https:\/\/modelkars.com\/fr\/wp-json\/wp\/v2\/product\/62910","targetHints":{"allow":["GET"]}}],"collection":[{"href":"https:\/\/modelkars.com\/fr\/wp-json\/wp\/v2\/product"}],"about":[{"href":"https:\/\/modelkars.com\/fr\/wp-json\/wp\/v2\/types\/product"}],"wp:featuredmedia":[{"embeddable":true,"href":"https:\/\/modelkars.com\/fr\/wp-json\/wp\/v2\/media\/73411"}],"wp:attachment":[{"href":"https:\/\/modelkars.com\/fr\/wp-json\/wp\/v2\/media?parent=62910"}],"wp:term":[{"taxonomy":"product_brand","embeddable":true,"href":"https:\/\/modelkars.com\/fr\/wp-json\/wp\/v2\/product_brand?post=62910"},{"taxonomy":"product_cat","embeddable":true,"href":"https:\/\/modelkars.com\/fr\/wp-json\/wp\/v2\/product_cat?post=62910"},{"taxonomy":"product_tag","embeddable":true,"href":"https:\/\/modelkars.com\/fr\/wp-json\/wp\/v2\/product_tag?post=62910"}],"curies":[{"name":"wp","href":"https:\/\/api.w.org\/{rel}","templated":true}]}}