{"id":62908,"date":"2025-01-20T23:00:01","date_gmt":"2025-01-20T22:00:01","guid":{"rendered":"https:\/\/modelkars.com\/?post_type=product&#038;p=62908"},"modified":"2026-01-01T12:50:58","modified_gmt":"2026-01-01T11:50:58","slug":"850613021die-pagani-zonda-cinque-roadster-jaune-ginevra","status":"publish","type":"product","link":"https:\/\/modelkars.com\/fr\/shop\/bbr\/850613021die-pagani-zonda-cinque-roadster-jaune-ginevra\/","title":{"rendered":"Pagani Zonda Cinque Roadster"},"content":{"rendered":"","protected":false},"excerpt":{"rendered":"<p>Cette Pagani Zonda Cinque Roadster au 1:18 par BBR se pare d&rsquo;une \u00e9clatante teinte Giallo Ginevra. Avec ses ouvrants multiples et ses suspensions fonctionnelles, cette miniature est pr\u00e9sent\u00e9e sur un socle premium avec sa vitrine. Elle reproduit fid\u00e8lement le mod\u00e8le qui battit le record de vitesse pour un roadster \u00e0 son \u00e9poque, atteignant 350 km\/h capote baiss\u00e9e.<\/p>\n","protected":false},"featured_media":63047,"template":"","meta":{"_seopress_robots_primary_cat":"","_seopress_titles_title":"","_seopress_titles_desc":"","_seopress_robots_index":""},"product_brand":[],"product_cat":[315],"product_tag":[117,84,93,89,86,323],"class_list":{"0":"post-62908","1":"product","2":"type-product","3":"status-publish","4":"has-post-thumbnail","6":"product_cat-bbr","7":"product_tag-avec-ouvrants","8":"product_tag-echelle-118","9":"product_tag-edition-limitee","10":"product_tag-metal","11":"product_tag-socle-inclus","12":"product_tag-vitrine-incluse","14":"first","15":"outofstock","16":"taxable","17":"shipping-taxable","18":"purchasable","19":"product-type-simple"},"_links":{"self":[{"href":"https:\/\/modelkars.com\/fr\/wp-json\/wp\/v2\/product\/62908","targetHints":{"allow":["GET"]}}],"collection":[{"href":"https:\/\/modelkars.com\/fr\/wp-json\/wp\/v2\/product"}],"about":[{"href":"https:\/\/modelkars.com\/fr\/wp-json\/wp\/v2\/types\/product"}],"wp:featuredmedia":[{"embeddable":true,"href":"https:\/\/modelkars.com\/fr\/wp-json\/wp\/v2\/media\/63047"}],"wp:attachment":[{"href":"https:\/\/modelkars.com\/fr\/wp-json\/wp\/v2\/media?parent=62908"}],"wp:term":[{"taxonomy":"product_brand","embeddable":true,"href":"https:\/\/modelkars.com\/fr\/wp-json\/wp\/v2\/product_brand?post=62908"},{"taxonomy":"product_cat","embeddable":true,"href":"https:\/\/modelkars.com\/fr\/wp-json\/wp\/v2\/product_cat?post=62908"},{"taxonomy":"product_tag","embeddable":true,"href":"https:\/\/modelkars.com\/fr\/wp-json\/wp\/v2\/product_tag?post=62908"}],"curies":[{"name":"wp","href":"https:\/\/api.w.org\/{rel}","templated":true}]}}