{"id":62902,"date":"2025-10-02T00:00:01","date_gmt":"2025-10-01T22:00:01","guid":{"rendered":"https:\/\/modelkars.com\/?post_type=product&#038;p=62902"},"modified":"2025-12-02T00:00:14","modified_gmt":"2025-12-01T23:00:14","slug":"ts0530-nissan-z-rz34-pandem-bleu-seiran","status":"publish","type":"product","link":"https:\/\/modelkars.com\/fr\/shop\/topspeed\/ts0530-nissan-z-rz34-pandem-bleu-seiran\/","title":{"rendered":"Nissan Z RZ34 Pandem"},"content":{"rendered":"","protected":false},"excerpt":{"rendered":"<p>Cette Nissan Z RZ34 Pandem au 1:18 par TopSpeed se distingue par sa livr\u00e9e Seiran Blue. La version Pandem, cr\u00e9\u00e9e par le l\u00e9gendaire Kei Miura, r\u00e9interpr\u00e8te l&rsquo;h\u00e9ritage des Z en y ajoutant une touche de modernit\u00e9 agressive que cette miniature en r\u00e9sine capture parfaitement.<\/p>\n","protected":false},"featured_media":62925,"template":"","meta":{"_seopress_robots_primary_cat":"","_seopress_titles_title":"","_seopress_titles_desc":"","_seopress_robots_index":""},"product_brand":[],"product_cat":[74],"product_tag":[84,92,85],"class_list":{"0":"post-62902","1":"product","2":"type-product","3":"status-publish","4":"has-post-thumbnail","6":"product_cat-topspeed","7":"product_tag-echelle-118","8":"product_tag-resine","9":"product_tag-sans-ouvrants","11":"first","12":"instock","13":"taxable","14":"shipping-taxable","15":"purchasable","16":"product-type-simple"},"_links":{"self":[{"href":"https:\/\/modelkars.com\/fr\/wp-json\/wp\/v2\/product\/62902","targetHints":{"allow":["GET"]}}],"collection":[{"href":"https:\/\/modelkars.com\/fr\/wp-json\/wp\/v2\/product"}],"about":[{"href":"https:\/\/modelkars.com\/fr\/wp-json\/wp\/v2\/types\/product"}],"wp:featuredmedia":[{"embeddable":true,"href":"https:\/\/modelkars.com\/fr\/wp-json\/wp\/v2\/media\/62925"}],"wp:attachment":[{"href":"https:\/\/modelkars.com\/fr\/wp-json\/wp\/v2\/media?parent=62902"}],"wp:term":[{"taxonomy":"product_brand","embeddable":true,"href":"https:\/\/modelkars.com\/fr\/wp-json\/wp\/v2\/product_brand?post=62902"},{"taxonomy":"product_cat","embeddable":true,"href":"https:\/\/modelkars.com\/fr\/wp-json\/wp\/v2\/product_cat?post=62902"},{"taxonomy":"product_tag","embeddable":true,"href":"https:\/\/modelkars.com\/fr\/wp-json\/wp\/v2\/product_tag?post=62902"}],"curies":[{"name":"wp","href":"https:\/\/api.w.org\/{rel}","templated":true}]}}