{"id":62880,"date":"2025-06-25T00:00:01","date_gmt":"2025-06-24T22:00:01","guid":{"rendered":"https:\/\/modelkars.com\/?post_type=product&#038;p=62880"},"modified":"2025-12-01T01:52:14","modified_gmt":"2025-12-01T00:52:14","slug":"fe033se-ferrari-812-competizione-sketch-tailor-made-jaune-tristrato","status":"publish","type":"product","link":"https:\/\/modelkars.com\/fr\/shop\/mr-collection\/fe033se-ferrari-812-competizione-sketch-tailor-made-jaune-tristrato\/","title":{"rendered":"Ferrari 812 Competizione Sketch (Tailor Made)"},"content":{"rendered":"","protected":false},"excerpt":{"rendered":"<p>Cette Ferrari 812 Competizione en r\u00e9sine \u00e0 l&rsquo;\u00e9chelle 1:18 par MR Collection capture l&rsquo;essence du projet Tailor Made \u00ab\u00a0Sketch\u00a0\u00bb. Pr\u00e9sent\u00e9e dans sa teinte Giallo Tristrato mat avec des traits en Nero DS Sketch, cette \u00e9dition limit\u00e9e \u00e0 99 exemplaires repose sur un socle en carbone sous vitrine. La version originale incarne l&rsquo;art du design Ferrari, avec des croquis directement inspir\u00e9s des carnets de notes de Flavio Manzoni, le directeur du design.<\/p>\n","protected":false},"featured_media":62882,"template":"","meta":{"_seopress_robots_primary_cat":"","_seopress_titles_title":"","_seopress_titles_desc":"","_seopress_robots_index":""},"product_brand":[],"product_cat":[95],"product_tag":[84,93,92,85,86,323],"class_list":{"0":"post-62880","1":"product","2":"type-product","3":"status-publish","4":"has-post-thumbnail","6":"product_cat-mr-collection","7":"product_tag-echelle-118","8":"product_tag-edition-limitee","9":"product_tag-resine","10":"product_tag-sans-ouvrants","11":"product_tag-socle-inclus","12":"product_tag-vitrine-incluse","14":"first","15":"outofstock","16":"taxable","17":"shipping-taxable","18":"purchasable","19":"product-type-simple"},"_links":{"self":[{"href":"https:\/\/modelkars.com\/fr\/wp-json\/wp\/v2\/product\/62880","targetHints":{"allow":["GET"]}}],"collection":[{"href":"https:\/\/modelkars.com\/fr\/wp-json\/wp\/v2\/product"}],"about":[{"href":"https:\/\/modelkars.com\/fr\/wp-json\/wp\/v2\/types\/product"}],"wp:featuredmedia":[{"embeddable":true,"href":"https:\/\/modelkars.com\/fr\/wp-json\/wp\/v2\/media\/62882"}],"wp:attachment":[{"href":"https:\/\/modelkars.com\/fr\/wp-json\/wp\/v2\/media?parent=62880"}],"wp:term":[{"taxonomy":"product_brand","embeddable":true,"href":"https:\/\/modelkars.com\/fr\/wp-json\/wp\/v2\/product_brand?post=62880"},{"taxonomy":"product_cat","embeddable":true,"href":"https:\/\/modelkars.com\/fr\/wp-json\/wp\/v2\/product_cat?post=62880"},{"taxonomy":"product_tag","embeddable":true,"href":"https:\/\/modelkars.com\/fr\/wp-json\/wp\/v2\/product_tag?post=62880"}],"curies":[{"name":"wp","href":"https:\/\/api.w.org\/{rel}","templated":true}]}}