{"id":62738,"date":"2025-01-14T00:00:01","date_gmt":"2025-01-13T23:00:01","guid":{"rendered":"https:\/\/modelkars.com\/?post_type=product&#038;p=62738"},"modified":"2025-12-01T01:52:42","modified_gmt":"2025-12-01T00:52:42","slug":"top093c-spyker-c8-aileron-gris-gun-metal","status":"publish","type":"product","link":"https:\/\/modelkars.com\/fr\/shop\/top-marques\/top093c-spyker-c8-aileron-gris-gun-metal\/","title":{"rendered":"Spyker C8 Aileron"},"content":{"rendered":"","protected":false},"excerpt":{"rendered":"<p>D\u00e9couvrez la Spyker C8 Aileron \u00e0 l&rsquo;\u00e9chelle 1:18 dans une \u00e9l\u00e9gante teinte gris Gun Metal. Fabriqu\u00e9 par Top Marques en r\u00e9sine, ce mod\u00e8le exclusif, limit\u00e9 \u00e0 500 exemplaires, repose sur un socle et est accompagn\u00e9 d\u2019une vitrine pour un affichage parfait. La C8 Aileron s\u00e9duit par ses lignes inspir\u00e9es des avions et ses finitions artisanales d\u2019une rare pr\u00e9cision.<\/p>\n","protected":false},"featured_media":62748,"template":"","meta":{"_seopress_robots_primary_cat":"","_seopress_titles_title":"","_seopress_titles_desc":"","_seopress_robots_index":""},"product_brand":[],"product_cat":[547],"product_tag":[84,93,92,85,86,323],"class_list":{"0":"post-62738","1":"product","2":"type-product","3":"status-publish","4":"has-post-thumbnail","6":"product_cat-top-marques","7":"product_tag-echelle-118","8":"product_tag-edition-limitee","9":"product_tag-resine","10":"product_tag-sans-ouvrants","11":"product_tag-socle-inclus","12":"product_tag-vitrine-incluse","14":"first","15":"outofstock","16":"taxable","17":"shipping-taxable","18":"purchasable","19":"product-type-simple"},"_links":{"self":[{"href":"https:\/\/modelkars.com\/fr\/wp-json\/wp\/v2\/product\/62738","targetHints":{"allow":["GET"]}}],"collection":[{"href":"https:\/\/modelkars.com\/fr\/wp-json\/wp\/v2\/product"}],"about":[{"href":"https:\/\/modelkars.com\/fr\/wp-json\/wp\/v2\/types\/product"}],"wp:featuredmedia":[{"embeddable":true,"href":"https:\/\/modelkars.com\/fr\/wp-json\/wp\/v2\/media\/62748"}],"wp:attachment":[{"href":"https:\/\/modelkars.com\/fr\/wp-json\/wp\/v2\/media?parent=62738"}],"wp:term":[{"taxonomy":"product_brand","embeddable":true,"href":"https:\/\/modelkars.com\/fr\/wp-json\/wp\/v2\/product_brand?post=62738"},{"taxonomy":"product_cat","embeddable":true,"href":"https:\/\/modelkars.com\/fr\/wp-json\/wp\/v2\/product_cat?post=62738"},{"taxonomy":"product_tag","embeddable":true,"href":"https:\/\/modelkars.com\/fr\/wp-json\/wp\/v2\/product_tag?post=62738"}],"curies":[{"name":"wp","href":"https:\/\/api.w.org\/{rel}","templated":true}]}}