{"id":62737,"date":"2025-01-14T00:00:01","date_gmt":"2025-01-13T23:00:01","guid":{"rendered":"https:\/\/modelkars.com\/?post_type=product&#038;p=62737"},"modified":"2025-12-01T01:52:42","modified_gmt":"2025-12-01T00:52:42","slug":"top093b-spyker-c8-aileron-blanc-cumulus","status":"publish","type":"product","link":"https:\/\/modelkars.com\/fr\/shop\/top-marques\/top093b-spyker-c8-aileron-blanc-cumulus\/","title":{"rendered":"Spyker C8 Aileron"},"content":{"rendered":"","protected":false},"excerpt":{"rendered":"<p>La Spyker C8 Aileron \u00e0 l&rsquo;\u00e9chelle 1:18, ici en blanc Cumulus, illustre un luxe et une performance hors pair. Ce mod\u00e8le r\u00e9duit en r\u00e9sine, fabriqu\u00e9 par Top Marques, est limit\u00e9 \u00e0 500 exemplaires et livr\u00e9 avec un socle raffin\u00e9 et une vitrine. Ce chef-d\u2019\u0153uvre n\u00e9erlandais m\u00eale design aviation et excellence automobile, \u00e9voquant les d\u00e9buts de Spyker dans l\u2019aviation au d\u00e9but du XXe si\u00e8cle.<\/p>\n","protected":false},"featured_media":62741,"template":"","meta":{"_seopress_robots_primary_cat":"","_seopress_titles_title":"","_seopress_titles_desc":"","_seopress_robots_index":""},"product_brand":[],"product_cat":[547],"product_tag":[84,93,92,85,86,323],"class_list":{"0":"post-62737","1":"product","2":"type-product","3":"status-publish","4":"has-post-thumbnail","6":"product_cat-top-marques","7":"product_tag-echelle-118","8":"product_tag-edition-limitee","9":"product_tag-resine","10":"product_tag-sans-ouvrants","11":"product_tag-socle-inclus","12":"product_tag-vitrine-incluse","14":"first","15":"outofstock","16":"taxable","17":"shipping-taxable","18":"purchasable","19":"product-type-simple"},"_links":{"self":[{"href":"https:\/\/modelkars.com\/fr\/wp-json\/wp\/v2\/product\/62737","targetHints":{"allow":["GET"]}}],"collection":[{"href":"https:\/\/modelkars.com\/fr\/wp-json\/wp\/v2\/product"}],"about":[{"href":"https:\/\/modelkars.com\/fr\/wp-json\/wp\/v2\/types\/product"}],"wp:featuredmedia":[{"embeddable":true,"href":"https:\/\/modelkars.com\/fr\/wp-json\/wp\/v2\/media\/62741"}],"wp:attachment":[{"href":"https:\/\/modelkars.com\/fr\/wp-json\/wp\/v2\/media?parent=62737"}],"wp:term":[{"taxonomy":"product_brand","embeddable":true,"href":"https:\/\/modelkars.com\/fr\/wp-json\/wp\/v2\/product_brand?post=62737"},{"taxonomy":"product_cat","embeddable":true,"href":"https:\/\/modelkars.com\/fr\/wp-json\/wp\/v2\/product_cat?post=62737"},{"taxonomy":"product_tag","embeddable":true,"href":"https:\/\/modelkars.com\/fr\/wp-json\/wp\/v2\/product_tag?post=62737"}],"curies":[{"name":"wp","href":"https:\/\/api.w.org\/{rel}","templated":true}]}}