{"id":62736,"date":"2025-01-14T00:00:01","date_gmt":"2025-01-13T23:00:01","guid":{"rendered":"https:\/\/modelkars.com\/?post_type=product&#038;p=62736"},"modified":"2025-12-01T01:52:42","modified_gmt":"2025-12-01T00:52:42","slug":"top098b-ferrari-f40-jaune","status":"publish","type":"product","link":"https:\/\/modelkars.com\/fr\/shop\/top-marques\/top098b-ferrari-f40-jaune\/","title":{"rendered":"Ferrari F40"},"content":{"rendered":"","protected":false},"excerpt":{"rendered":"<p>Cette Ferrari F40 \u00e0 l&rsquo;\u00e9chelle 1:18 brille dans une rare teinte jaune, un choix audacieux pour ce classique iconique. Fabriqu\u00e9 par Top Marques en r\u00e9sine, ce mod\u00e8le en s\u00e9rie limit\u00e9e \u00e0 seulement 250 exemplaires est pr\u00e9sent\u00e9 sur un socle \u00e9l\u00e9gant avec une vitrine protectrice. La Ferrari F40, con\u00e7ue pour c\u00e9l\u00e9brer les 40 ans de Ferrari, est l\u2019une des premi\u00e8res supercars \u00e0 atteindre 320 km\/h.<\/p>\n","protected":false},"featured_media":62757,"template":"","meta":{"_seopress_robots_primary_cat":"","_seopress_titles_title":"","_seopress_titles_desc":"","_seopress_robots_index":""},"product_brand":[],"product_cat":[547],"product_tag":[84,93,92,85,86,323],"class_list":{"0":"post-62736","1":"product","2":"type-product","3":"status-publish","4":"has-post-thumbnail","6":"product_cat-top-marques","7":"product_tag-echelle-118","8":"product_tag-edition-limitee","9":"product_tag-resine","10":"product_tag-sans-ouvrants","11":"product_tag-socle-inclus","12":"product_tag-vitrine-incluse","14":"first","15":"outofstock","16":"taxable","17":"shipping-taxable","18":"purchasable","19":"product-type-simple"},"_links":{"self":[{"href":"https:\/\/modelkars.com\/fr\/wp-json\/wp\/v2\/product\/62736","targetHints":{"allow":["GET"]}}],"collection":[{"href":"https:\/\/modelkars.com\/fr\/wp-json\/wp\/v2\/product"}],"about":[{"href":"https:\/\/modelkars.com\/fr\/wp-json\/wp\/v2\/types\/product"}],"wp:featuredmedia":[{"embeddable":true,"href":"https:\/\/modelkars.com\/fr\/wp-json\/wp\/v2\/media\/62757"}],"wp:attachment":[{"href":"https:\/\/modelkars.com\/fr\/wp-json\/wp\/v2\/media?parent=62736"}],"wp:term":[{"taxonomy":"product_brand","embeddable":true,"href":"https:\/\/modelkars.com\/fr\/wp-json\/wp\/v2\/product_brand?post=62736"},{"taxonomy":"product_cat","embeddable":true,"href":"https:\/\/modelkars.com\/fr\/wp-json\/wp\/v2\/product_cat?post=62736"},{"taxonomy":"product_tag","embeddable":true,"href":"https:\/\/modelkars.com\/fr\/wp-json\/wp\/v2\/product_tag?post=62736"}],"curies":[{"name":"wp","href":"https:\/\/api.w.org\/{rel}","templated":true}]}}