{"id":62693,"date":"2025-01-24T00:00:01","date_gmt":"2025-01-23T23:00:01","guid":{"rendered":"https:\/\/modelkars.com\/?post_type=product&#038;p=62693"},"modified":"2026-02-26T15:12:25","modified_gmt":"2026-02-26T14:12:25","slug":"110032021-mercedes-amg-gt-black-series-jaune-solarbeam","status":"publish","type":"product","link":"https:\/\/modelkars.com\/fr\/shop\/minichamps\/110032021-mercedes-amg-gt-black-series-jaune-solarbeam\/","title":{"rendered":"Mercedes-AMG GT Black Series"},"content":{"rendered":"","protected":false},"excerpt":{"rendered":"<p>Cette Mercedes-AMG GT Black Series \u00e0 l&rsquo;\u00e9chelle 1:18 est un bijou miniature en jaune Solarbeam. Fabriqu\u00e9e par Minichamps en m\u00e9tal de haute qualit\u00e9, elle est \u00e9quip\u00e9e de porti\u00e8res, capot et coffre ouvrants pour r\u00e9v\u00e9ler des d\u00e9tails fascinants de l&rsquo;int\u00e9rieur et du moteur. Cette supercar est con\u00e7ue pour repousser les limites sur circuit, affichant un aileron imposant et une a\u00e9rodynamique agressive.<\/p>\n","protected":false},"featured_media":62725,"template":"","meta":{"_seopress_robots_primary_cat":"","_seopress_titles_title":"","_seopress_titles_desc":"","_seopress_robots_index":""},"product_brand":[],"product_cat":[94],"product_tag":[117,84,89],"class_list":{"0":"post-62693","1":"product","2":"type-product","3":"status-publish","4":"has-post-thumbnail","6":"product_cat-minichamps","7":"product_tag-avec-ouvrants","8":"product_tag-echelle-118","9":"product_tag-metal","11":"first","12":"instock","13":"taxable","14":"shipping-taxable","15":"purchasable","16":"product-type-simple"},"_links":{"self":[{"href":"https:\/\/modelkars.com\/fr\/wp-json\/wp\/v2\/product\/62693","targetHints":{"allow":["GET"]}}],"collection":[{"href":"https:\/\/modelkars.com\/fr\/wp-json\/wp\/v2\/product"}],"about":[{"href":"https:\/\/modelkars.com\/fr\/wp-json\/wp\/v2\/types\/product"}],"wp:featuredmedia":[{"embeddable":true,"href":"https:\/\/modelkars.com\/fr\/wp-json\/wp\/v2\/media\/62725"}],"wp:attachment":[{"href":"https:\/\/modelkars.com\/fr\/wp-json\/wp\/v2\/media?parent=62693"}],"wp:term":[{"taxonomy":"product_brand","embeddable":true,"href":"https:\/\/modelkars.com\/fr\/wp-json\/wp\/v2\/product_brand?post=62693"},{"taxonomy":"product_cat","embeddable":true,"href":"https:\/\/modelkars.com\/fr\/wp-json\/wp\/v2\/product_cat?post=62693"},{"taxonomy":"product_tag","embeddable":true,"href":"https:\/\/modelkars.com\/fr\/wp-json\/wp\/v2\/product_tag?post=62693"}],"curies":[{"name":"wp","href":"https:\/\/api.w.org\/{rel}","templated":true}]}}