{"id":62374,"date":"2025-01-06T14:48:39","date_gmt":"2025-01-06T13:48:39","guid":{"rendered":"https:\/\/modelkars.com\/?post_type=product&#038;p=62374"},"modified":"2025-12-01T01:52:43","modified_gmt":"2025-12-01T00:52:43","slug":"gt518-lamborghini-countach-lb-works-blanc-stickers-noirs","status":"publish","type":"product","link":"https:\/\/modelkars.com\/fr\/shop\/gt-spirit\/gt518-lamborghini-countach-lb-works-blanc-stickers-noirs\/","title":{"rendered":"Lamborghini Countach LB-Works"},"content":{"rendered":"","protected":false},"excerpt":{"rendered":"<p>Cette Lamborghini Countach LB-Works \u00e0 l&rsquo;\u00e9chelle 1:18, avec sa teinte blanche orn\u00e9e de stickers noirs, r\u00e9interpr\u00e8te un classique intemporel avec audace. R\u00e9alis\u00e9e en r\u00e9sine par GT Spirit en s\u00e9rie limit\u00e9e, elle capture l\u2019essence de la supercar italienne tout en y ajoutant l\u2019extravagance du style LB-Works.<\/p>\n","protected":false},"featured_media":74370,"template":"","meta":{"_seopress_robots_primary_cat":"","_seopress_titles_title":"","_seopress_titles_desc":"","_seopress_robots_index":""},"product_brand":[],"product_cat":[71,163],"product_tag":[84,93,604,92,85],"class_list":{"0":"post-62374","1":"product","2":"type-product","3":"status-publish","4":"has-post-thumbnail","6":"product_cat-gt-spirit","7":"product_cat-precommandes","8":"product_tag-echelle-118","9":"product_tag-edition-limitee","10":"product_tag-juillet-2025","11":"product_tag-resine","12":"product_tag-sans-ouvrants","14":"first","15":"outofstock","16":"taxable","17":"shipping-taxable","18":"purchasable","19":"product-type-simple"},"_links":{"self":[{"href":"https:\/\/modelkars.com\/fr\/wp-json\/wp\/v2\/product\/62374","targetHints":{"allow":["GET"]}}],"collection":[{"href":"https:\/\/modelkars.com\/fr\/wp-json\/wp\/v2\/product"}],"about":[{"href":"https:\/\/modelkars.com\/fr\/wp-json\/wp\/v2\/types\/product"}],"wp:featuredmedia":[{"embeddable":true,"href":"https:\/\/modelkars.com\/fr\/wp-json\/wp\/v2\/media\/74370"}],"wp:attachment":[{"href":"https:\/\/modelkars.com\/fr\/wp-json\/wp\/v2\/media?parent=62374"}],"wp:term":[{"taxonomy":"product_brand","embeddable":true,"href":"https:\/\/modelkars.com\/fr\/wp-json\/wp\/v2\/product_brand?post=62374"},{"taxonomy":"product_cat","embeddable":true,"href":"https:\/\/modelkars.com\/fr\/wp-json\/wp\/v2\/product_cat?post=62374"},{"taxonomy":"product_tag","embeddable":true,"href":"https:\/\/modelkars.com\/fr\/wp-json\/wp\/v2\/product_tag?post=62374"}],"curies":[{"name":"wp","href":"https:\/\/api.w.org\/{rel}","templated":true}]}}