{"id":62373,"date":"2025-08-19T00:00:01","date_gmt":"2025-08-18T22:00:01","guid":{"rendered":"https:\/\/modelkars.com\/?post_type=product&#038;p=62373"},"modified":"2026-03-06T22:19:38","modified_gmt":"2026-03-06T21:19:38","slug":"gt509-bmw-m5-touring-g99-vert-isle-of-man","status":"publish","type":"product","link":"https:\/\/modelkars.com\/fr\/shop\/gt-spirit\/gt509-bmw-m5-touring-g99-vert-isle-of-man\/","title":{"rendered":"BMW M5 Touring (G99)"},"content":{"rendered":"","protected":false},"excerpt":{"rendered":"<p>La BMW M5 Touring (G99) \u00e0 l\u2019\u00e9chelle 1:18, pr\u00e9sent\u00e9e en vert Isle of Man, combine la praticit\u00e9 d\u2019un break avec la puissance l\u00e9gendaire de la M5. Fabriqu\u00e9e en r\u00e9sine par GT Spirit en s\u00e9rie limit\u00e9e, cette miniature met en lumi\u00e8re une voiture qui offre le meilleur des deux mondes : espace et performances exaltantes.<\/p>\n","protected":false},"featured_media":65561,"template":"","meta":{"_seopress_robots_primary_cat":"","_seopress_titles_title":"","_seopress_titles_desc":"","_seopress_robots_index":""},"product_brand":[],"product_cat":[71],"product_tag":[84,93,604,92,85],"class_list":{"0":"post-62373","1":"product","2":"type-product","3":"status-publish","4":"has-post-thumbnail","6":"product_cat-gt-spirit","7":"product_tag-echelle-118","8":"product_tag-edition-limitee","9":"product_tag-juillet-2025","10":"product_tag-resine","11":"product_tag-sans-ouvrants","13":"first","14":"outofstock","15":"taxable","16":"shipping-taxable","17":"purchasable","18":"product-type-simple"},"_links":{"self":[{"href":"https:\/\/modelkars.com\/fr\/wp-json\/wp\/v2\/product\/62373","targetHints":{"allow":["GET"]}}],"collection":[{"href":"https:\/\/modelkars.com\/fr\/wp-json\/wp\/v2\/product"}],"about":[{"href":"https:\/\/modelkars.com\/fr\/wp-json\/wp\/v2\/types\/product"}],"wp:featuredmedia":[{"embeddable":true,"href":"https:\/\/modelkars.com\/fr\/wp-json\/wp\/v2\/media\/65561"}],"wp:attachment":[{"href":"https:\/\/modelkars.com\/fr\/wp-json\/wp\/v2\/media?parent=62373"}],"wp:term":[{"taxonomy":"product_brand","embeddable":true,"href":"https:\/\/modelkars.com\/fr\/wp-json\/wp\/v2\/product_brand?post=62373"},{"taxonomy":"product_cat","embeddable":true,"href":"https:\/\/modelkars.com\/fr\/wp-json\/wp\/v2\/product_cat?post=62373"},{"taxonomy":"product_tag","embeddable":true,"href":"https:\/\/modelkars.com\/fr\/wp-json\/wp\/v2\/product_tag?post=62373"}],"curies":[{"name":"wp","href":"https:\/\/api.w.org\/{rel}","templated":true}]}}