{"id":6208,"date":"2020-09-07T17:20:25","date_gmt":"2020-09-07T15:20:25","guid":{"rendered":"https:\/\/modelkars.com\/?post_type=product&#038;p=6208"},"modified":"2025-12-01T01:55:08","modified_gmt":"2025-12-01T00:55:08","slug":"ts0185-aston-martin-vantage-grise","status":"publish","type":"product","link":"https:\/\/modelkars.com\/fr\/shop\/topspeed\/ts0185-aston-martin-vantage-grise\/","title":{"rendered":"Aston Martin Vantage"},"content":{"rendered":"","protected":false},"excerpt":{"rendered":"<p>Cette splendide miniature \u00e0 l\u2019\u00e9chelle 1:18 reproduit avec une grande fid\u00e9lit\u00e9 l\u2019Aston Martin Vantage dans sa livr\u00e9e grise \u00ab\u00a0China Grey\u00a0\u00bb. Cette miniature est livr\u00e9e sur un socle noir.<\/p>\n","protected":false},"featured_media":6247,"template":"","meta":{"_seopress_robots_primary_cat":"none","_seopress_titles_title":"","_seopress_titles_desc":"","_seopress_robots_index":""},"product_brand":[],"product_cat":[74],"product_tag":[84,92,85,86],"class_list":{"0":"post-6208","1":"product","2":"type-product","3":"status-publish","4":"has-post-thumbnail","6":"product_cat-topspeed","7":"product_tag-echelle-118","8":"product_tag-resine","9":"product_tag-sans-ouvrants","10":"product_tag-socle-inclus","12":"first","13":"outofstock","14":"taxable","15":"shipping-taxable","16":"purchasable","17":"product-type-simple"},"_links":{"self":[{"href":"https:\/\/modelkars.com\/fr\/wp-json\/wp\/v2\/product\/6208","targetHints":{"allow":["GET"]}}],"collection":[{"href":"https:\/\/modelkars.com\/fr\/wp-json\/wp\/v2\/product"}],"about":[{"href":"https:\/\/modelkars.com\/fr\/wp-json\/wp\/v2\/types\/product"}],"wp:featuredmedia":[{"embeddable":true,"href":"https:\/\/modelkars.com\/fr\/wp-json\/wp\/v2\/media\/6247"}],"wp:attachment":[{"href":"https:\/\/modelkars.com\/fr\/wp-json\/wp\/v2\/media?parent=6208"}],"wp:term":[{"taxonomy":"product_brand","embeddable":true,"href":"https:\/\/modelkars.com\/fr\/wp-json\/wp\/v2\/product_brand?post=6208"},{"taxonomy":"product_cat","embeddable":true,"href":"https:\/\/modelkars.com\/fr\/wp-json\/wp\/v2\/product_cat?post=6208"},{"taxonomy":"product_tag","embeddable":true,"href":"https:\/\/modelkars.com\/fr\/wp-json\/wp\/v2\/product_tag?post=6208"}],"curies":[{"name":"wp","href":"https:\/\/api.w.org\/{rel}","templated":true}]}}