{"id":61690,"date":"2026-01-28T00:00:01","date_gmt":"2026-01-27T23:00:01","guid":{"rendered":"https:\/\/modelkars.com\/?post_type=product&#038;p=61690"},"modified":"2026-05-02T22:25:33","modified_gmt":"2026-05-02T20:25:33","slug":"p18250e-pagani-imola-roadster-metallic-azzurro-sardegna-gloss","status":"publish","type":"product","link":"https:\/\/modelkars.com\/fr\/shop\/bbr\/p18250e-pagani-imola-roadster-metallic-azzurro-sardegna-gloss\/","title":{"rendered":"Pagani Imola Roadster"},"content":{"rendered":"","protected":false},"excerpt":{"rendered":"<p>La Pagani Imola Roadster est magnifiquement reproduite \u00e0 l\u2019\u00e9chelle 1:18 dans une teinte m\u00e9tallis\u00e9e Azzurro Sardegna Gloss. Fabriqu\u00e9 en r\u00e9sine par BBR, ce mod\u00e8le limit\u00e9 repose sur un socle et incarne l\u2019exclusivit\u00e9 et l\u2019artisanat haut de gamme de Pagani.<\/p>\n","protected":false},"featured_media":96509,"template":"","meta":{"_seopress_robots_primary_cat":"","_seopress_titles_title":"","_seopress_titles_desc":"","_seopress_robots_index":""},"product_brand":[],"product_cat":[315],"product_tag":[84,93,92,85,86],"class_list":{"0":"post-61690","1":"product","2":"type-product","3":"status-publish","4":"has-post-thumbnail","6":"product_cat-bbr","7":"product_tag-echelle-118","8":"product_tag-edition-limitee","9":"product_tag-resine","10":"product_tag-sans-ouvrants","11":"product_tag-socle-inclus","13":"first","14":"outofstock","15":"taxable","16":"shipping-taxable","17":"purchasable","18":"product-type-simple"},"_links":{"self":[{"href":"https:\/\/modelkars.com\/fr\/wp-json\/wp\/v2\/product\/61690","targetHints":{"allow":["GET"]}}],"collection":[{"href":"https:\/\/modelkars.com\/fr\/wp-json\/wp\/v2\/product"}],"about":[{"href":"https:\/\/modelkars.com\/fr\/wp-json\/wp\/v2\/types\/product"}],"wp:featuredmedia":[{"embeddable":true,"href":"https:\/\/modelkars.com\/fr\/wp-json\/wp\/v2\/media\/96509"}],"wp:attachment":[{"href":"https:\/\/modelkars.com\/fr\/wp-json\/wp\/v2\/media?parent=61690"}],"wp:term":[{"taxonomy":"product_brand","embeddable":true,"href":"https:\/\/modelkars.com\/fr\/wp-json\/wp\/v2\/product_brand?post=61690"},{"taxonomy":"product_cat","embeddable":true,"href":"https:\/\/modelkars.com\/fr\/wp-json\/wp\/v2\/product_cat?post=61690"},{"taxonomy":"product_tag","embeddable":true,"href":"https:\/\/modelkars.com\/fr\/wp-json\/wp\/v2\/product_tag?post=61690"}],"curies":[{"name":"wp","href":"https:\/\/api.w.org\/{rel}","templated":true}]}}