{"id":61686,"date":"2025-09-24T00:00:01","date_gmt":"2025-09-23T22:00:01","guid":{"rendered":"https:\/\/modelkars.com\/?post_type=product&#038;p=61686"},"modified":"2026-01-15T22:10:54","modified_gmt":"2026-01-15T21:10:54","slug":"850409021die-pagani-zonda-f-orange-st-tropez","status":"publish","type":"product","link":"https:\/\/modelkars.com\/fr\/shop\/bbr\/850409021die-pagani-zonda-f-orange-st-tropez\/","title":{"rendered":"Pagani Zonda F"},"content":{"rendered":"","protected":false},"excerpt":{"rendered":"<p>Cette Pagani Zonda F \u00e0 l\u2019\u00e9chelle 1:18 se distingue par sa teinte orange St. Tropez \u00e9clatante. Fabriqu\u00e9e en m\u00e9tal par BBR en collaboration avec Almost Real, elle propose des ouvrants et des d\u00e9tails raffin\u00e9s comme des suspensions fonctionnelles et des pi\u00e8ces en aluminium usin\u00e9. Livr\u00e9e avec un socle, une vitrine et un coffret haut de gamme, c\u2019est une pi\u00e8ce incontournable pour les passionn\u00e9s.<\/p>\n","protected":false},"featured_media":61720,"template":"","meta":{"_seopress_robots_primary_cat":"","_seopress_titles_title":"","_seopress_titles_desc":"","_seopress_robots_index":""},"product_brand":[],"product_cat":[315],"product_tag":[117,84,93,89,86,323],"class_list":{"0":"post-61686","1":"product","2":"type-product","3":"status-publish","4":"has-post-thumbnail","6":"product_cat-bbr","7":"product_tag-avec-ouvrants","8":"product_tag-echelle-118","9":"product_tag-edition-limitee","10":"product_tag-metal","11":"product_tag-socle-inclus","12":"product_tag-vitrine-incluse","14":"first","15":"outofstock","16":"taxable","17":"shipping-taxable","18":"purchasable","19":"product-type-simple"},"_links":{"self":[{"href":"https:\/\/modelkars.com\/fr\/wp-json\/wp\/v2\/product\/61686","targetHints":{"allow":["GET"]}}],"collection":[{"href":"https:\/\/modelkars.com\/fr\/wp-json\/wp\/v2\/product"}],"about":[{"href":"https:\/\/modelkars.com\/fr\/wp-json\/wp\/v2\/types\/product"}],"wp:featuredmedia":[{"embeddable":true,"href":"https:\/\/modelkars.com\/fr\/wp-json\/wp\/v2\/media\/61720"}],"wp:attachment":[{"href":"https:\/\/modelkars.com\/fr\/wp-json\/wp\/v2\/media?parent=61686"}],"wp:term":[{"taxonomy":"product_brand","embeddable":true,"href":"https:\/\/modelkars.com\/fr\/wp-json\/wp\/v2\/product_brand?post=61686"},{"taxonomy":"product_cat","embeddable":true,"href":"https:\/\/modelkars.com\/fr\/wp-json\/wp\/v2\/product_cat?post=61686"},{"taxonomy":"product_tag","embeddable":true,"href":"https:\/\/modelkars.com\/fr\/wp-json\/wp\/v2\/product_tag?post=61686"}],"curies":[{"name":"wp","href":"https:\/\/api.w.org\/{rel}","templated":true}]}}