{"id":61685,"date":"2025-09-24T00:00:01","date_gmt":"2025-09-23T22:00:01","guid":{"rendered":"https:\/\/modelkars.com\/?post_type=product&#038;p=61685"},"modified":"2025-12-01T01:51:48","modified_gmt":"2025-12-01T00:51:48","slug":"850410021die-pagani-zonda-f-carbone-noir-brillant-bande-rouge","status":"publish","type":"product","link":"https:\/\/modelkars.com\/fr\/shop\/bbr\/850410021die-pagani-zonda-f-carbone-noir-brillant-bande-rouge\/","title":{"rendered":"Pagani Zonda F"},"content":{"rendered":"","protected":false},"excerpt":{"rendered":"<p>Fabriqu\u00e9e en m\u00e9tal \u00e0 l\u2019\u00e9chelle 1:18, cette Pagani Zonda F arbore une finition carbone noir brillant avec une bande rouge distinctive. R\u00e9alis\u00e9e par BBR en collaboration avec Almost Real, elle inclut des ouvrants, des suspensions fonctionnelles et des d\u00e9tails exclusifs comme des pi\u00e8ces tourn\u00e9es en aluminium et acier. Livr\u00e9e sur socle avec une vitrine et un coffret de luxe.<\/p>\n","protected":false},"featured_media":61709,"template":"","meta":{"_seopress_robots_primary_cat":"","_seopress_titles_title":"","_seopress_titles_desc":"","_seopress_robots_index":""},"product_brand":[],"product_cat":[315],"product_tag":[117,84,93,89,86,323],"class_list":{"0":"post-61685","1":"product","2":"type-product","3":"status-publish","4":"has-post-thumbnail","6":"product_cat-bbr","7":"product_tag-avec-ouvrants","8":"product_tag-echelle-118","9":"product_tag-edition-limitee","10":"product_tag-metal","11":"product_tag-socle-inclus","12":"product_tag-vitrine-incluse","14":"first","15":"outofstock","16":"taxable","17":"shipping-taxable","18":"purchasable","19":"product-type-simple"},"_links":{"self":[{"href":"https:\/\/modelkars.com\/fr\/wp-json\/wp\/v2\/product\/61685","targetHints":{"allow":["GET"]}}],"collection":[{"href":"https:\/\/modelkars.com\/fr\/wp-json\/wp\/v2\/product"}],"about":[{"href":"https:\/\/modelkars.com\/fr\/wp-json\/wp\/v2\/types\/product"}],"wp:featuredmedia":[{"embeddable":true,"href":"https:\/\/modelkars.com\/fr\/wp-json\/wp\/v2\/media\/61709"}],"wp:attachment":[{"href":"https:\/\/modelkars.com\/fr\/wp-json\/wp\/v2\/media?parent=61685"}],"wp:term":[{"taxonomy":"product_brand","embeddable":true,"href":"https:\/\/modelkars.com\/fr\/wp-json\/wp\/v2\/product_brand?post=61685"},{"taxonomy":"product_cat","embeddable":true,"href":"https:\/\/modelkars.com\/fr\/wp-json\/wp\/v2\/product_cat?post=61685"},{"taxonomy":"product_tag","embeddable":true,"href":"https:\/\/modelkars.com\/fr\/wp-json\/wp\/v2\/product_tag?post=61685"}],"curies":[{"name":"wp","href":"https:\/\/api.w.org\/{rel}","templated":true}]}}