{"id":61682,"date":"2026-03-12T00:00:01","date_gmt":"2026-03-11T23:00:01","guid":{"rendered":"https:\/\/modelkars.com\/?post_type=product&#038;p=61682"},"modified":"2026-03-28T08:14:05","modified_gmt":"2026-03-28T07:14:05","slug":"18u00111-porsche-911-992-gt3-gt-silver","status":"publish","type":"product","link":"https:\/\/modelkars.com\/fr\/shop\/schuco\/18u00111-porsche-911-992-gt3-gt-silver\/","title":{"rendered":"Porsche 911 (992) GT3"},"content":{"rendered":"","protected":false},"excerpt":{"rendered":"<p>Ce mod\u00e8le r\u00e9duit en r\u00e9sine \u00e0 l\u2019\u00e9chelle 1:18 repr\u00e9sente la Porsche 911 (992) GT3 dans une finition GT Silver. Fabriqu\u00e9 par Schuco, il est livr\u00e9 avec un socle et une vitrine, rendant hommage \u00e0 l\u2019ADN sportif de la 911.<\/p>\n","protected":false},"featured_media":61944,"template":"","meta":{"_seopress_robots_primary_cat":"","_seopress_titles_title":"","_seopress_titles_desc":"","_seopress_robots_index":""},"product_brand":[],"product_cat":[467],"product_tag":[84,92,85,86,323],"class_list":{"0":"post-61682","1":"product","2":"type-product","3":"status-publish","4":"has-post-thumbnail","6":"product_cat-schuco","7":"product_tag-echelle-118","8":"product_tag-resine","9":"product_tag-sans-ouvrants","10":"product_tag-socle-inclus","11":"product_tag-vitrine-incluse","13":"first","14":"instock","15":"taxable","16":"shipping-taxable","17":"purchasable","18":"product-type-simple"},"_links":{"self":[{"href":"https:\/\/modelkars.com\/fr\/wp-json\/wp\/v2\/product\/61682","targetHints":{"allow":["GET"]}}],"collection":[{"href":"https:\/\/modelkars.com\/fr\/wp-json\/wp\/v2\/product"}],"about":[{"href":"https:\/\/modelkars.com\/fr\/wp-json\/wp\/v2\/types\/product"}],"wp:featuredmedia":[{"embeddable":true,"href":"https:\/\/modelkars.com\/fr\/wp-json\/wp\/v2\/media\/61944"}],"wp:attachment":[{"href":"https:\/\/modelkars.com\/fr\/wp-json\/wp\/v2\/media?parent=61682"}],"wp:term":[{"taxonomy":"product_brand","embeddable":true,"href":"https:\/\/modelkars.com\/fr\/wp-json\/wp\/v2\/product_brand?post=61682"},{"taxonomy":"product_cat","embeddable":true,"href":"https:\/\/modelkars.com\/fr\/wp-json\/wp\/v2\/product_cat?post=61682"},{"taxonomy":"product_tag","embeddable":true,"href":"https:\/\/modelkars.com\/fr\/wp-json\/wp\/v2\/product_tag?post=61682"}],"curies":[{"name":"wp","href":"https:\/\/api.w.org\/{rel}","templated":true}]}}