{"id":61681,"date":"2024-12-15T02:03:38","date_gmt":"2024-12-15T01:03:38","guid":{"rendered":"https:\/\/modelkars.com\/?post_type=product&#038;p=61681"},"modified":"2025-12-01T01:52:44","modified_gmt":"2025-12-01T00:52:44","slug":"18u00090-gma-t-50s-niki-lauda","status":"publish","type":"product","link":"https:\/\/modelkars.com\/fr\/shop\/precommandes\/18u00090-gma-t-50s-niki-lauda\/","title":{"rendered":"GMA T.50s Niki Lauda"},"content":{"rendered":"","protected":false},"excerpt":{"rendered":"<p>Le mod\u00e8le r\u00e9duit \u00e0 l\u2019\u00e9chelle 1:18 de la GMA T.50s Niki Lauda, con\u00e7u en r\u00e9sine par Schuco, c\u00e9l\u00e8bre l\u2019hommage de Gordon Murray \u00e0 l\u2019un des pilotes les plus embl\u00e9matiques de l\u2019histoire de la F1. Livr\u00e9 avec un socle et une vitrine, il incarne la performance ultime et le design avant-gardiste.<\/p>\n","protected":false},"featured_media":61941,"template":"","meta":{"_seopress_robots_primary_cat":"","_seopress_titles_title":"","_seopress_titles_desc":"","_seopress_robots_index":""},"product_brand":[],"product_cat":[163,467],"product_tag":[84,92,85,86,323],"class_list":{"0":"post-61681","1":"product","2":"type-product","3":"status-publish","4":"has-post-thumbnail","6":"product_cat-precommandes","7":"product_cat-schuco","8":"product_tag-echelle-118","9":"product_tag-resine","10":"product_tag-sans-ouvrants","11":"product_tag-socle-inclus","12":"product_tag-vitrine-incluse","14":"first","15":"outofstock","16":"taxable","17":"shipping-taxable","18":"purchasable","19":"product-type-simple"},"_links":{"self":[{"href":"https:\/\/modelkars.com\/fr\/wp-json\/wp\/v2\/product\/61681","targetHints":{"allow":["GET"]}}],"collection":[{"href":"https:\/\/modelkars.com\/fr\/wp-json\/wp\/v2\/product"}],"about":[{"href":"https:\/\/modelkars.com\/fr\/wp-json\/wp\/v2\/types\/product"}],"wp:featuredmedia":[{"embeddable":true,"href":"https:\/\/modelkars.com\/fr\/wp-json\/wp\/v2\/media\/61941"}],"wp:attachment":[{"href":"https:\/\/modelkars.com\/fr\/wp-json\/wp\/v2\/media?parent=61681"}],"wp:term":[{"taxonomy":"product_brand","embeddable":true,"href":"https:\/\/modelkars.com\/fr\/wp-json\/wp\/v2\/product_brand?post=61681"},{"taxonomy":"product_cat","embeddable":true,"href":"https:\/\/modelkars.com\/fr\/wp-json\/wp\/v2\/product_cat?post=61681"},{"taxonomy":"product_tag","embeddable":true,"href":"https:\/\/modelkars.com\/fr\/wp-json\/wp\/v2\/product_tag?post=61681"}],"curies":[{"name":"wp","href":"https:\/\/api.w.org\/{rel}","templated":true}]}}