{"id":61679,"date":"2026-03-12T00:00:01","date_gmt":"2026-03-11T23:00:01","guid":{"rendered":"https:\/\/modelkars.com\/?post_type=product&#038;p=61679"},"modified":"2026-04-13T19:57:12","modified_gmt":"2026-04-13T17:57:12","slug":"18u00025-lamborghini-countach-lp400-s-bleu","status":"publish","type":"product","link":"https:\/\/modelkars.com\/fr\/shop\/schuco\/18u00025-lamborghini-countach-lp400-s-bleu\/","title":{"rendered":"Lamborghini Countach LP400 S"},"content":{"rendered":"","protected":false},"excerpt":{"rendered":"<p>\u00c0 l\u2019\u00e9chelle 1:18, ce mod\u00e8le r\u00e9duit en r\u00e9sine reproduit la mythique Lamborghini Countach LP400 S dans une teinte bleu vibrante. Fabriqu\u00e9 par Schuco, il est livr\u00e9 avec un socle et une vitrine pour sublimer cette ic\u00f4ne du design automobile.<\/p>\n","protected":false},"featured_media":61935,"template":"","meta":{"_seopress_robots_primary_cat":"","_seopress_titles_title":"","_seopress_titles_desc":"","_seopress_robots_index":""},"product_brand":[],"product_cat":[467],"product_tag":[84,92,85,86,323],"class_list":{"0":"post-61679","1":"product","2":"type-product","3":"status-publish","4":"has-post-thumbnail","6":"product_cat-schuco","7":"product_tag-echelle-118","8":"product_tag-resine","9":"product_tag-sans-ouvrants","10":"product_tag-socle-inclus","11":"product_tag-vitrine-incluse","13":"first","14":"outofstock","15":"taxable","16":"shipping-taxable","17":"purchasable","18":"product-type-simple"},"_links":{"self":[{"href":"https:\/\/modelkars.com\/fr\/wp-json\/wp\/v2\/product\/61679","targetHints":{"allow":["GET"]}}],"collection":[{"href":"https:\/\/modelkars.com\/fr\/wp-json\/wp\/v2\/product"}],"about":[{"href":"https:\/\/modelkars.com\/fr\/wp-json\/wp\/v2\/types\/product"}],"wp:featuredmedia":[{"embeddable":true,"href":"https:\/\/modelkars.com\/fr\/wp-json\/wp\/v2\/media\/61935"}],"wp:attachment":[{"href":"https:\/\/modelkars.com\/fr\/wp-json\/wp\/v2\/media?parent=61679"}],"wp:term":[{"taxonomy":"product_brand","embeddable":true,"href":"https:\/\/modelkars.com\/fr\/wp-json\/wp\/v2\/product_brand?post=61679"},{"taxonomy":"product_cat","embeddable":true,"href":"https:\/\/modelkars.com\/fr\/wp-json\/wp\/v2\/product_cat?post=61679"},{"taxonomy":"product_tag","embeddable":true,"href":"https:\/\/modelkars.com\/fr\/wp-json\/wp\/v2\/product_tag?post=61679"}],"curies":[{"name":"wp","href":"https:\/\/api.w.org\/{rel}","templated":true}]}}