{"id":61677,"date":"2025-07-10T00:00:01","date_gmt":"2025-07-09T22:00:01","guid":{"rendered":"https:\/\/modelkars.com\/?post_type=product&#038;p=61677"},"modified":"2025-12-02T00:00:19","modified_gmt":"2025-12-01T23:00:19","slug":"77514-nissan-gt-r50-by-italdesign-metallic-red-gold","status":"publish","type":"product","link":"https:\/\/modelkars.com\/fr\/shop\/autoart\/77514-nissan-gt-r50-by-italdesign-metallic-red-gold\/","title":{"rendered":"Nissan GT-R50 by Italdesign"},"content":{"rendered":"","protected":false},"excerpt":{"rendered":"<p>La Nissan GT-R50 by Italdesign se pare ici d\u2019une finition rouge m\u00e9tallis\u00e9 et or \u00e0 l\u2019\u00e9chelle 1:18. Fabriqu\u00e9 en composite par AUTOart, ce mod\u00e8le avec ouvrants rend hommage \u00e0 la fusion de puissance et d\u2019\u00e9l\u00e9gance de ce v\u00e9hicule unique.<\/p>\n","protected":false},"featured_media":68099,"template":"","meta":{"_seopress_robots_primary_cat":"","_seopress_titles_title":"","_seopress_titles_desc":"","_seopress_robots_index":""},"product_brand":[],"product_cat":[118],"product_tag":[117,119,84],"class_list":{"0":"post-61677","1":"product","2":"type-product","3":"status-publish","4":"has-post-thumbnail","6":"product_cat-autoart","7":"product_tag-avec-ouvrants","8":"product_tag-composite","9":"product_tag-echelle-118","11":"first","12":"instock","13":"taxable","14":"shipping-taxable","15":"purchasable","16":"product-type-simple"},"_links":{"self":[{"href":"https:\/\/modelkars.com\/fr\/wp-json\/wp\/v2\/product\/61677","targetHints":{"allow":["GET"]}}],"collection":[{"href":"https:\/\/modelkars.com\/fr\/wp-json\/wp\/v2\/product"}],"about":[{"href":"https:\/\/modelkars.com\/fr\/wp-json\/wp\/v2\/types\/product"}],"wp:featuredmedia":[{"embeddable":true,"href":"https:\/\/modelkars.com\/fr\/wp-json\/wp\/v2\/media\/68099"}],"wp:attachment":[{"href":"https:\/\/modelkars.com\/fr\/wp-json\/wp\/v2\/media?parent=61677"}],"wp:term":[{"taxonomy":"product_brand","embeddable":true,"href":"https:\/\/modelkars.com\/fr\/wp-json\/wp\/v2\/product_brand?post=61677"},{"taxonomy":"product_cat","embeddable":true,"href":"https:\/\/modelkars.com\/fr\/wp-json\/wp\/v2\/product_cat?post=61677"},{"taxonomy":"product_tag","embeddable":true,"href":"https:\/\/modelkars.com\/fr\/wp-json\/wp\/v2\/product_tag?post=61677"}],"curies":[{"name":"wp","href":"https:\/\/api.w.org\/{rel}","templated":true}]}}