{"id":61674,"date":"2025-03-27T00:00:01","date_gmt":"2025-03-26T23:00:01","guid":{"rendered":"https:\/\/modelkars.com\/?post_type=product&#038;p=61674"},"modified":"2025-12-01T01:52:31","modified_gmt":"2025-12-01T00:52:31","slug":"77510-nissan-gt-r50-by-italdesign-liquid-kinetic-grey-energetic-sigma-gold","status":"publish","type":"product","link":"https:\/\/modelkars.com\/fr\/shop\/autoart\/77510-nissan-gt-r50-by-italdesign-liquid-kinetic-grey-energetic-sigma-gold\/","title":{"rendered":"Nissan GT-R50 by Italdesign (Goodwood version)"},"content":{"rendered":"","protected":false},"excerpt":{"rendered":"<p>Ce mod\u00e8le r\u00e9duit \u00e0 l\u2019\u00e9chelle 1:18 reproduit la Nissan GT-R50 by Italdesign dans une finition Liquid Kinetic Grey avec des accents Energetic Sigma Gold. Fabriqu\u00e9 en composite par AUTOart, ce mod\u00e8le dispose de parties ouvrantes, mettant en valeur l\u2019exclusivit\u00e9 de ce design comm\u00e9moratif des 50 ans de la GT-R.<\/p>\n","protected":false},"featured_media":61832,"template":"","meta":{"_seopress_robots_primary_cat":"","_seopress_titles_title":"","_seopress_titles_desc":"","_seopress_robots_index":""},"product_brand":[],"product_cat":[118],"product_tag":[117,119,84],"class_list":{"0":"post-61674","1":"product","2":"type-product","3":"status-publish","4":"has-post-thumbnail","6":"product_cat-autoart","7":"product_tag-avec-ouvrants","8":"product_tag-composite","9":"product_tag-echelle-118","11":"first","12":"outofstock","13":"taxable","14":"shipping-taxable","15":"purchasable","16":"product-type-simple"},"_links":{"self":[{"href":"https:\/\/modelkars.com\/fr\/wp-json\/wp\/v2\/product\/61674","targetHints":{"allow":["GET"]}}],"collection":[{"href":"https:\/\/modelkars.com\/fr\/wp-json\/wp\/v2\/product"}],"about":[{"href":"https:\/\/modelkars.com\/fr\/wp-json\/wp\/v2\/types\/product"}],"wp:featuredmedia":[{"embeddable":true,"href":"https:\/\/modelkars.com\/fr\/wp-json\/wp\/v2\/media\/61832"}],"wp:attachment":[{"href":"https:\/\/modelkars.com\/fr\/wp-json\/wp\/v2\/media?parent=61674"}],"wp:term":[{"taxonomy":"product_brand","embeddable":true,"href":"https:\/\/modelkars.com\/fr\/wp-json\/wp\/v2\/product_brand?post=61674"},{"taxonomy":"product_cat","embeddable":true,"href":"https:\/\/modelkars.com\/fr\/wp-json\/wp\/v2\/product_cat?post=61674"},{"taxonomy":"product_tag","embeddable":true,"href":"https:\/\/modelkars.com\/fr\/wp-json\/wp\/v2\/product_tag?post=61674"}],"curies":[{"name":"wp","href":"https:\/\/api.w.org\/{rel}","templated":true}]}}