{"id":61666,"date":"2025-11-17T00:00:01","date_gmt":"2025-11-16T23:00:01","guid":{"rendered":"https:\/\/modelkars.com\/?post_type=product&#038;p=61666"},"modified":"2026-03-06T22:38:34","modified_gmt":"2026-03-06T21:38:34","slug":"ts0456-bugatti-atlantic-concept-noir-nocturne","status":"publish","type":"product","link":"https:\/\/modelkars.com\/fr\/shop\/topspeed\/ts0456-bugatti-atlantic-concept-noir-nocturne\/","title":{"rendered":"Bugatti Atlantic Concept"},"content":{"rendered":"","protected":false},"excerpt":{"rendered":"<p>Ce mod\u00e8le r\u00e9duit \u00e0 l&rsquo;\u00e9chelle 1:18 reproduit le concept Bugatti Atlantic dans une \u00e9l\u00e9gante teinte noir Nocturne. Fabriqu\u00e9 en r\u00e9sine par TopSpeed, ce chef-d&rsquo;\u0153uvre capture les lignes futuristes de cette Bugatti embl\u00e9matique, inspir\u00e9e de l&rsquo;Atlantic originale des ann\u00e9es 1930, qui est l&rsquo;une des voitures les plus rares et les plus pris\u00e9es au monde.<\/p>\n","protected":false},"featured_media":76034,"template":"","meta":{"_seopress_robots_primary_cat":"","_seopress_titles_title":"","_seopress_titles_desc":"","_seopress_robots_index":""},"product_brand":[],"product_cat":[74],"product_tag":[84,92,85],"class_list":{"0":"post-61666","1":"product","2":"type-product","3":"status-publish","4":"has-post-thumbnail","6":"product_cat-topspeed","7":"product_tag-echelle-118","8":"product_tag-resine","9":"product_tag-sans-ouvrants","11":"first","12":"outofstock","13":"taxable","14":"shipping-taxable","15":"purchasable","16":"product-type-simple"},"_links":{"self":[{"href":"https:\/\/modelkars.com\/fr\/wp-json\/wp\/v2\/product\/61666","targetHints":{"allow":["GET"]}}],"collection":[{"href":"https:\/\/modelkars.com\/fr\/wp-json\/wp\/v2\/product"}],"about":[{"href":"https:\/\/modelkars.com\/fr\/wp-json\/wp\/v2\/types\/product"}],"wp:featuredmedia":[{"embeddable":true,"href":"https:\/\/modelkars.com\/fr\/wp-json\/wp\/v2\/media\/76034"}],"wp:attachment":[{"href":"https:\/\/modelkars.com\/fr\/wp-json\/wp\/v2\/media?parent=61666"}],"wp:term":[{"taxonomy":"product_brand","embeddable":true,"href":"https:\/\/modelkars.com\/fr\/wp-json\/wp\/v2\/product_brand?post=61666"},{"taxonomy":"product_cat","embeddable":true,"href":"https:\/\/modelkars.com\/fr\/wp-json\/wp\/v2\/product_cat?post=61666"},{"taxonomy":"product_tag","embeddable":true,"href":"https:\/\/modelkars.com\/fr\/wp-json\/wp\/v2\/product_tag?post=61666"}],"curies":[{"name":"wp","href":"https:\/\/api.w.org\/{rel}","templated":true}]}}