{"id":60964,"date":"2024-11-15T19:09:13","date_gmt":"2024-11-15T18:09:13","guid":{"rendered":"https:\/\/modelkars.com\/?post_type=product&#038;p=60964"},"modified":"2025-12-03T21:08:06","modified_gmt":"2025-12-03T20:08:06","slug":"wap0211680sxms-porsche-911-dakar-christmas-edition-blanche-et-bleue-decorations-rothmans","status":"publish","type":"product","link":"https:\/\/modelkars.com\/fr\/shop\/spark\/wap0211680sxms-porsche-911-dakar-christmas-edition-blanche-et-bleue-decorations-rothmans\/","title":{"rendered":"Porsche 911 Dakar (Christmas Edition)"},"content":{"rendered":"","protected":false},"excerpt":{"rendered":"<p>Cette Porsche 911 Dakar (Christmas Edition) \u00e0 l&rsquo;\u00e9chelle 1:18 de Spark est un mod\u00e8le unique, limit\u00e9 \u00e0 500 exemplaires. Pr\u00e9sent\u00e9e sur un socle enneig\u00e9 et dans une vitrine, cette version blanche et bleue arbore des d\u00e9corations aux couleurs d&rsquo;\u00e9poque, et un effet \u00ab enneig\u00e9 \u00bb r\u00e9aliste. La galerie de toit est charg\u00e9e de cadeaux et d\u2019un sapin, un clin d&rsquo;\u0153il festif pour les collectionneurs. Ce mod\u00e8le en r\u00e9sine, dans son emballage officiel Porsche, capture l&rsquo;esprit d&rsquo;aventure de la 911 Dakar, pr\u00eat pour les routes les plus extr\u00eames.<\/p>\n","protected":false},"featured_media":61035,"template":"","meta":{"_seopress_robots_primary_cat":"","_seopress_titles_title":"","_seopress_titles_desc":"","_seopress_robots_index":""},"product_brand":[],"product_cat":[216],"product_tag":[84,93,92,85,86,323],"class_list":{"0":"post-60964","1":"product","2":"type-product","3":"status-publish","4":"has-post-thumbnail","6":"product_cat-spark","7":"product_tag-echelle-118","8":"product_tag-edition-limitee","9":"product_tag-resine","10":"product_tag-sans-ouvrants","11":"product_tag-socle-inclus","12":"product_tag-vitrine-incluse","14":"first","15":"outofstock","16":"taxable","17":"shipping-taxable","18":"purchasable","19":"product-type-simple"},"_links":{"self":[{"href":"https:\/\/modelkars.com\/fr\/wp-json\/wp\/v2\/product\/60964","targetHints":{"allow":["GET"]}}],"collection":[{"href":"https:\/\/modelkars.com\/fr\/wp-json\/wp\/v2\/product"}],"about":[{"href":"https:\/\/modelkars.com\/fr\/wp-json\/wp\/v2\/types\/product"}],"wp:featuredmedia":[{"embeddable":true,"href":"https:\/\/modelkars.com\/fr\/wp-json\/wp\/v2\/media\/61035"}],"wp:attachment":[{"href":"https:\/\/modelkars.com\/fr\/wp-json\/wp\/v2\/media?parent=60964"}],"wp:term":[{"taxonomy":"product_brand","embeddable":true,"href":"https:\/\/modelkars.com\/fr\/wp-json\/wp\/v2\/product_brand?post=60964"},{"taxonomy":"product_cat","embeddable":true,"href":"https:\/\/modelkars.com\/fr\/wp-json\/wp\/v2\/product_cat?post=60964"},{"taxonomy":"product_tag","embeddable":true,"href":"https:\/\/modelkars.com\/fr\/wp-json\/wp\/v2\/product_tag?post=60964"}],"curies":[{"name":"wp","href":"https:\/\/api.w.org\/{rel}","templated":true}]}}