{"id":60963,"date":"2024-11-15T19:09:12","date_gmt":"2024-11-15T18:09:12","guid":{"rendered":"https:\/\/modelkars.com\/?post_type=product&#038;p=60963"},"modified":"2025-12-01T01:52:50","modified_gmt":"2025-12-01T00:52:50","slug":"76066-mclaren-p1-alaskan-diamond-white-interieur-bleu-et-noir","status":"publish","type":"product","link":"https:\/\/modelkars.com\/fr\/shop\/autoart\/76066-mclaren-p1-alaskan-diamond-white-interieur-bleu-et-noir\/","title":{"rendered":"McLaren P1"},"content":{"rendered":"","protected":false},"excerpt":{"rendered":"<p>La McLaren P1 \u00e0 l&rsquo;\u00e9chelle 1:18 en Alaskan Diamond White d&rsquo;AUTOart est une merveille de finesse, avec un int\u00e9rieur bleu et noir sophistiqu\u00e9. Ce mod\u00e8le en composite, avec ouvrants fonctionnels, r\u00e9v\u00e8le l&rsquo;esth\u00e9tique incomparable et la technologie r\u00e9volutionnaire de la P1, symbole d&rsquo;innovation hybride et de performance extr\u00eame. La couleur blanche \u00e9clatante rappelle l&rsquo;audace de cette hypercar qui reste une r\u00e9f\u00e9rence de vitesse et de design.<\/p>\n","protected":false},"featured_media":61000,"template":"","meta":{"_seopress_robots_primary_cat":"","_seopress_titles_title":"","_seopress_titles_desc":"","_seopress_robots_index":""},"product_brand":[],"product_cat":[118],"product_tag":[117,119,84],"class_list":{"0":"post-60963","1":"product","2":"type-product","3":"status-publish","4":"has-post-thumbnail","6":"product_cat-autoart","7":"product_tag-avec-ouvrants","8":"product_tag-composite","9":"product_tag-echelle-118","11":"first","12":"outofstock","13":"taxable","14":"shipping-taxable","15":"purchasable","16":"product-type-simple"},"_links":{"self":[{"href":"https:\/\/modelkars.com\/fr\/wp-json\/wp\/v2\/product\/60963","targetHints":{"allow":["GET"]}}],"collection":[{"href":"https:\/\/modelkars.com\/fr\/wp-json\/wp\/v2\/product"}],"about":[{"href":"https:\/\/modelkars.com\/fr\/wp-json\/wp\/v2\/types\/product"}],"wp:featuredmedia":[{"embeddable":true,"href":"https:\/\/modelkars.com\/fr\/wp-json\/wp\/v2\/media\/61000"}],"wp:attachment":[{"href":"https:\/\/modelkars.com\/fr\/wp-json\/wp\/v2\/media?parent=60963"}],"wp:term":[{"taxonomy":"product_brand","embeddable":true,"href":"https:\/\/modelkars.com\/fr\/wp-json\/wp\/v2\/product_brand?post=60963"},{"taxonomy":"product_cat","embeddable":true,"href":"https:\/\/modelkars.com\/fr\/wp-json\/wp\/v2\/product_cat?post=60963"},{"taxonomy":"product_tag","embeddable":true,"href":"https:\/\/modelkars.com\/fr\/wp-json\/wp\/v2\/product_tag?post=60963"}],"curies":[{"name":"wp","href":"https:\/\/api.w.org\/{rel}","templated":true}]}}