{"id":60522,"date":"2024-11-19T00:00:01","date_gmt":"2024-11-18T23:00:01","guid":{"rendered":"https:\/\/modelkars.com\/?post_type=product&#038;p=60522"},"modified":"2025-12-01T01:52:49","modified_gmt":"2025-12-01T00:52:49","slug":"fe036se4-ferrari-daytona-sp3-rouge-magma-details-or","status":"publish","type":"product","link":"https:\/\/modelkars.com\/fr\/shop\/mr-collection\/fe036se4-ferrari-daytona-sp3-rouge-magma-details-or\/","title":{"rendered":"Ferrari Daytona SP3"},"content":{"rendered":"","protected":false},"excerpt":{"rendered":"<p>Cette Ferrari Daytona SP3 \u00e0 l&rsquo;\u00e9chelle 1:18 est un chef-d&rsquo;\u0153uvre en rouge Magma avec des d\u00e9tails en or, incarnant l&rsquo;\u00e9l\u00e9gance et la puissance de Ferrari. Fabriqu\u00e9e en r\u00e9sine par MR Collection et limit\u00e9e \u00e0 99 exemplaires, elle est pr\u00e9sent\u00e9e avec un socle et une vitrine, offrant une pr\u00e9sentation exceptionnelle. Inspir\u00e9e par les voitures de course des ann\u00e9es 1960, la Daytona SP3 se distingue par son design audacieux et son moteur V12 \u00e0 haute performance.<\/p>\n","protected":false},"featured_media":60542,"template":"","meta":{"_seopress_robots_primary_cat":"","_seopress_titles_title":"","_seopress_titles_desc":"","_seopress_robots_index":""},"product_brand":[],"product_cat":[95],"product_tag":[84,93,92,85,86,323],"class_list":{"0":"post-60522","1":"product","2":"type-product","3":"status-publish","4":"has-post-thumbnail","6":"product_cat-mr-collection","7":"product_tag-echelle-118","8":"product_tag-edition-limitee","9":"product_tag-resine","10":"product_tag-sans-ouvrants","11":"product_tag-socle-inclus","12":"product_tag-vitrine-incluse","14":"first","15":"outofstock","16":"taxable","17":"shipping-taxable","18":"purchasable","19":"product-type-simple"},"_links":{"self":[{"href":"https:\/\/modelkars.com\/fr\/wp-json\/wp\/v2\/product\/60522","targetHints":{"allow":["GET"]}}],"collection":[{"href":"https:\/\/modelkars.com\/fr\/wp-json\/wp\/v2\/product"}],"about":[{"href":"https:\/\/modelkars.com\/fr\/wp-json\/wp\/v2\/types\/product"}],"wp:featuredmedia":[{"embeddable":true,"href":"https:\/\/modelkars.com\/fr\/wp-json\/wp\/v2\/media\/60542"}],"wp:attachment":[{"href":"https:\/\/modelkars.com\/fr\/wp-json\/wp\/v2\/media?parent=60522"}],"wp:term":[{"taxonomy":"product_brand","embeddable":true,"href":"https:\/\/modelkars.com\/fr\/wp-json\/wp\/v2\/product_brand?post=60522"},{"taxonomy":"product_cat","embeddable":true,"href":"https:\/\/modelkars.com\/fr\/wp-json\/wp\/v2\/product_cat?post=60522"},{"taxonomy":"product_tag","embeddable":true,"href":"https:\/\/modelkars.com\/fr\/wp-json\/wp\/v2\/product_tag?post=60522"}],"curies":[{"name":"wp","href":"https:\/\/api.w.org\/{rel}","templated":true}]}}