{"id":60420,"date":"2024-11-08T10:09:19","date_gmt":"2024-11-08T09:09:19","guid":{"rendered":"https:\/\/modelkars.com\/?post_type=product&#038;p=60420"},"modified":"2025-12-01T01:52:50","modified_gmt":"2025-12-01T00:52:50","slug":"he180052c-ferrari-purosangue-vert-dora","status":"publish","type":"product","link":"https:\/\/modelkars.com\/fr\/shop\/bbr\/he180052c-ferrari-purosangue-vert-dora\/","title":{"rendered":"Ferrari Purosangue"},"content":{"rendered":"","protected":false},"excerpt":{"rendered":"<p>La Ferrari Purosangue au 1:18\u00e8me de BBR, en vert Dora, est une r\u00e9plique saisissante de ce SUV de luxe. Fabriqu\u00e9e en m\u00e9tal avec des ouvrants fonctionnels (portes, capot, coffre) et des roues directionnelles, elle offre un r\u00e9alisme exceptionnel. Ce mod\u00e8le en s\u00e9rie limit\u00e9e capture l&rsquo;\u00e2me de la Purosangue, une premi\u00e8re pour Ferrari dans le monde des SUV.<\/p>\n","protected":false},"featured_media":60424,"template":"","meta":{"_seopress_robots_primary_cat":"","_seopress_titles_title":"","_seopress_titles_desc":"","_seopress_robots_index":""},"product_brand":[],"product_cat":[315,163],"product_tag":[117,84,93,89],"class_list":{"0":"post-60420","1":"product","2":"type-product","3":"status-publish","4":"has-post-thumbnail","6":"product_cat-bbr","7":"product_cat-precommandes","8":"product_tag-avec-ouvrants","9":"product_tag-echelle-118","10":"product_tag-edition-limitee","11":"product_tag-metal","13":"first","14":"outofstock","15":"taxable","16":"shipping-taxable","17":"purchasable","18":"product-type-simple"},"_links":{"self":[{"href":"https:\/\/modelkars.com\/fr\/wp-json\/wp\/v2\/product\/60420","targetHints":{"allow":["GET"]}}],"collection":[{"href":"https:\/\/modelkars.com\/fr\/wp-json\/wp\/v2\/product"}],"about":[{"href":"https:\/\/modelkars.com\/fr\/wp-json\/wp\/v2\/types\/product"}],"wp:featuredmedia":[{"embeddable":true,"href":"https:\/\/modelkars.com\/fr\/wp-json\/wp\/v2\/media\/60424"}],"wp:attachment":[{"href":"https:\/\/modelkars.com\/fr\/wp-json\/wp\/v2\/media?parent=60420"}],"wp:term":[{"taxonomy":"product_brand","embeddable":true,"href":"https:\/\/modelkars.com\/fr\/wp-json\/wp\/v2\/product_brand?post=60420"},{"taxonomy":"product_cat","embeddable":true,"href":"https:\/\/modelkars.com\/fr\/wp-json\/wp\/v2\/product_cat?post=60420"},{"taxonomy":"product_tag","embeddable":true,"href":"https:\/\/modelkars.com\/fr\/wp-json\/wp\/v2\/product_tag?post=60420"}],"curies":[{"name":"wp","href":"https:\/\/api.w.org\/{rel}","templated":true}]}}