{"id":60123,"date":"2026-02-16T00:00:01","date_gmt":"2026-02-15T23:00:01","guid":{"rendered":"https:\/\/modelkars.com\/?post_type=product&#038;p=60123"},"modified":"2026-02-17T21:52:19","modified_gmt":"2026-02-17T20:52:19","slug":"gt495-porsche-911-992-gt3-r-rennsport-blanc-bleu-rouge","status":"publish","type":"product","link":"https:\/\/modelkars.com\/fr\/shop\/gt-spirit\/gt495-porsche-911-992-gt3-r-rennsport-blanc-bleu-rouge\/","title":{"rendered":"Porsche 911 (992) GT3 R rennsport"},"content":{"rendered":"","protected":false},"excerpt":{"rendered":"<p>Cette Porsche 911 (992) GT3 R rennsport \u00e0 l\u2019\u00e9chelle 1:18, avec son design tricolore blanc, bleu, rouge, c\u00e9l\u00e8bre l\u2019h\u00e9ritage sportif de Porsche. Fabriqu\u00e9 par GT Spirit en r\u00e9sine, ce mod\u00e8le en s\u00e9rie limit\u00e9e \u00e9voque la puissance et la pr\u00e9cision de cette l\u00e9gendaire GT3.<\/p>\n","protected":false},"featured_media":65163,"template":"","meta":{"_seopress_robots_primary_cat":"","_seopress_titles_title":"","_seopress_titles_desc":"","_seopress_robots_index":""},"product_brand":[],"product_cat":[71],"product_tag":[597,84,93,92,85],"class_list":{"0":"post-60123","1":"product","2":"type-product","3":"status-publish","4":"has-post-thumbnail","6":"product_cat-gt-spirit","7":"product_tag-avril-2025","8":"product_tag-echelle-118","9":"product_tag-edition-limitee","10":"product_tag-resine","11":"product_tag-sans-ouvrants","13":"first","14":"outofstock","15":"taxable","16":"shipping-taxable","17":"purchasable","18":"product-type-simple"},"_links":{"self":[{"href":"https:\/\/modelkars.com\/fr\/wp-json\/wp\/v2\/product\/60123","targetHints":{"allow":["GET"]}}],"collection":[{"href":"https:\/\/modelkars.com\/fr\/wp-json\/wp\/v2\/product"}],"about":[{"href":"https:\/\/modelkars.com\/fr\/wp-json\/wp\/v2\/types\/product"}],"wp:featuredmedia":[{"embeddable":true,"href":"https:\/\/modelkars.com\/fr\/wp-json\/wp\/v2\/media\/65163"}],"wp:attachment":[{"href":"https:\/\/modelkars.com\/fr\/wp-json\/wp\/v2\/media?parent=60123"}],"wp:term":[{"taxonomy":"product_brand","embeddable":true,"href":"https:\/\/modelkars.com\/fr\/wp-json\/wp\/v2\/product_brand?post=60123"},{"taxonomy":"product_cat","embeddable":true,"href":"https:\/\/modelkars.com\/fr\/wp-json\/wp\/v2\/product_cat?post=60123"},{"taxonomy":"product_tag","embeddable":true,"href":"https:\/\/modelkars.com\/fr\/wp-json\/wp\/v2\/product_tag?post=60123"}],"curies":[{"name":"wp","href":"https:\/\/api.w.org\/{rel}","templated":true}]}}