{"id":59752,"date":"2025-11-12T00:00:01","date_gmt":"2025-11-11T23:00:01","guid":{"rendered":"https:\/\/modelkars.com\/?post_type=product&#038;p=59752"},"modified":"2025-12-05T20:26:29","modified_gmt":"2025-12-05T19:26:29","slug":"fe045se2-ferrari-f80-argent-alluminio-lucido","status":"publish","type":"product","link":"https:\/\/modelkars.com\/fr\/shop\/mr-collection\/fe045se2-ferrari-f80-argent-alluminio-lucido\/","title":{"rendered":"Ferrari F80"},"content":{"rendered":"","protected":false},"excerpt":{"rendered":"<p>Cette Ferrari F80 en argent Alluminio Lucido \u00e0 l\u2019\u00e9chelle 1:18 est une \u00e9dition limit\u00e9e de 49 pi\u00e8ces par MR Collection. Pos\u00e9e sur un socle sous vitrine, elle capture l\u2019essence du luxe et de la puissance hybride de Ferrari. Pour les passionn\u00e9s de performances exceptionnelles.<\/p>\n","protected":false},"featured_media":72259,"template":"","meta":{"_seopress_robots_primary_cat":"","_seopress_titles_title":"","_seopress_titles_desc":"","_seopress_robots_index":""},"product_brand":[],"product_cat":[95],"product_tag":[84,93,92,85,86,323],"class_list":{"0":"post-59752","1":"product","2":"type-product","3":"status-publish","4":"has-post-thumbnail","6":"product_cat-mr-collection","7":"product_tag-echelle-118","8":"product_tag-edition-limitee","9":"product_tag-resine","10":"product_tag-sans-ouvrants","11":"product_tag-socle-inclus","12":"product_tag-vitrine-incluse","14":"first","15":"instock","16":"taxable","17":"shipping-taxable","18":"purchasable","19":"product-type-simple"},"_links":{"self":[{"href":"https:\/\/modelkars.com\/fr\/wp-json\/wp\/v2\/product\/59752","targetHints":{"allow":["GET"]}}],"collection":[{"href":"https:\/\/modelkars.com\/fr\/wp-json\/wp\/v2\/product"}],"about":[{"href":"https:\/\/modelkars.com\/fr\/wp-json\/wp\/v2\/types\/product"}],"wp:featuredmedia":[{"embeddable":true,"href":"https:\/\/modelkars.com\/fr\/wp-json\/wp\/v2\/media\/72259"}],"wp:attachment":[{"href":"https:\/\/modelkars.com\/fr\/wp-json\/wp\/v2\/media?parent=59752"}],"wp:term":[{"taxonomy":"product_brand","embeddable":true,"href":"https:\/\/modelkars.com\/fr\/wp-json\/wp\/v2\/product_brand?post=59752"},{"taxonomy":"product_cat","embeddable":true,"href":"https:\/\/modelkars.com\/fr\/wp-json\/wp\/v2\/product_cat?post=59752"},{"taxonomy":"product_tag","embeddable":true,"href":"https:\/\/modelkars.com\/fr\/wp-json\/wp\/v2\/product_tag?post=59752"}],"curies":[{"name":"wp","href":"https:\/\/api.w.org\/{rel}","templated":true}]}}