{"id":59751,"date":"2025-11-12T00:00:01","date_gmt":"2025-11-11T23:00:01","guid":{"rendered":"https:\/\/modelkars.com\/?post_type=product&#038;p=59751"},"modified":"2025-12-05T20:26:29","modified_gmt":"2025-12-05T19:26:29","slug":"fe045se-ferrari-f80-gris-canna-di-fucile","status":"publish","type":"product","link":"https:\/\/modelkars.com\/fr\/shop\/mr-collection\/fe045se-ferrari-f80-gris-canna-di-fucile\/","title":{"rendered":"Ferrari F80"},"content":{"rendered":"<div class=\"row row-collapse row-full-width\"  id=\"row-407844197\">\n\n\n\t<div id=\"col-1933635087\" class=\"col small-12 large-12\"  >\n\t\t\t\t<div class=\"col-inner\"  >\n\t\t\t\n\t\t\t\n\n<div class=\"container section-title-container\" ><h3 class=\"section-title section-title-center\"><b aria-hidden=\"true\"><\/b><span class=\"section-title-main\" >Images du prototype<\/span><b aria-hidden=\"true\"><\/b><\/h3><\/div>\n\n  <div class=\"banner-grid-wrapper\">\n  <div id=\"banner-grid-1569773576\" class=\"banner-grid row row-grid row-collapse\" data-packery-options=\"\">\n                      \n\n<div class=\"col grid-col small-12 large-6 grid-col-2-3\" ><div class=\"col-inner\">\n\n\t<div class=\"img has-hover x md-x lg-x y md-y lg-y\" id=\"image_746003887\">\n\t\t\t\t\t\t\t\t<div class=\"img-inner dark\" >\n\t\t\t<img decoding=\"async\" width=\"1020\" height=\"680\" src=\"https:\/\/modelkars.com\/wp-content\/uploads\/mr-models-ferrarif80-mr-models-3.webp\" class=\"attachment-large size-large\" alt=\"\" srcset=\"https:\/\/modelkars.com\/wp-content\/uploads\/mr-models-ferrarif80-mr-models-3.webp 1080w, https:\/\/modelkars.com\/wp-content\/uploads\/mr-models-ferrarif80-mr-models-3-680x453.webp 680w, https:\/\/modelkars.com\/wp-content\/uploads\/mr-models-ferrarif80-mr-models-3-64x43.webp 64w\" sizes=\"(max-width: 1020px) 100vw, 1020px\" \/>\t\t\t\t\t\t\n\t\t\t\t\t<\/div>\n\t\t\t\t\t\t\t\t\n<style>\n#image_746003887 {\n  width: 100%;\n}\n<\/style>\n\t<\/div>\n\t\n\n\n<\/div><\/div>\n<div class=\"col grid-col small-12 large-6 grid-col-1-2\" ><div class=\"col-inner\">\n\n\t<div class=\"img has-hover x md-x lg-x y md-y lg-y\" id=\"image_232398303\">\n\t\t\t\t\t\t\t\t<div class=\"img-inner dark\" >\n\t\t\t<img decoding=\"async\" width=\"1020\" height=\"679\" src=\"https:\/\/modelkars.com\/wp-content\/uploads\/mr-models-ferrarif80-mr-models-5.webp\" class=\"attachment-large size-large\" alt=\"\" srcset=\"https:\/\/modelkars.com\/wp-content\/uploads\/mr-models-ferrarif80-mr-models-5.webp 1080w, https:\/\/modelkars.com\/wp-content\/uploads\/mr-models-ferrarif80-mr-models-5-680x453.webp 680w, https:\/\/modelkars.com\/wp-content\/uploads\/mr-models-ferrarif80-mr-models-5-64x43.webp 64w\" sizes=\"(max-width: 1020px) 100vw, 1020px\" \/>\t\t\t\t\t\t\n\t\t\t\t\t<\/div>\n\t\t\t\t\t\t\t\t\n<style>\n#image_232398303 {\n  width: 100%;\n}\n<\/style>\n\t<\/div>\n\t\n\n\n<\/div><\/div>\n<div class=\"col grid-col small-6 large-3 grid-col-1-2\" ><div class=\"col-inner\">\n\n\t<div class=\"img has-hover x md-x lg-x y md-y lg-y\" id=\"image_19636608\">\n\t\t\t\t\t\t\t\t<div class=\"img-inner dark\" >\n\t\t\t<img decoding=\"async\" width=\"1020\" height=\"680\" src=\"https:\/\/modelkars.com\/wp-content\/uploads\/mr-models-ferrarif80-mr-models-8.webp\" class=\"attachment-large size-large\" alt=\"\" srcset=\"https:\/\/modelkars.com\/wp-content\/uploads\/mr-models-ferrarif80-mr-models-8.webp 1080w, https:\/\/modelkars.com\/wp-content\/uploads\/mr-models-ferrarif80-mr-models-8-680x453.webp 680w, https:\/\/modelkars.com\/wp-content\/uploads\/mr-models-ferrarif80-mr-models-8-64x43.webp 64w\" sizes=\"(max-width: 1020px) 100vw, 1020px\" \/>\t\t\t\t\t\t\n\t\t\t\t\t<\/div>\n\t\t\t\t\t\t\t\t\n<style>\n#image_19636608 {\n  width: 100%;\n}\n<\/style>\n\t<\/div>\n\t\n\n\n<\/div><\/div>\n<div class=\"col grid-col small-6 large-3 grid-col-1-2\" ><div class=\"col-inner\">\n\n\t<div class=\"img has-hover x md-x lg-x y md-y lg-y\" id=\"image_979374147\">\n\t\t\t\t\t\t\t\t<div class=\"img-inner dark\" >\n\t\t\t<img decoding=\"async\" width=\"1020\" height=\"680\" src=\"https:\/\/modelkars.com\/wp-content\/uploads\/mr-models-ferrarif80-mr-models-6.webp\" class=\"attachment-large size-large\" alt=\"\" srcset=\"https:\/\/modelkars.com\/wp-content\/uploads\/mr-models-ferrarif80-mr-models-6.webp 1080w, https:\/\/modelkars.com\/wp-content\/uploads\/mr-models-ferrarif80-mr-models-6-680x453.webp 680w, https:\/\/modelkars.com\/wp-content\/uploads\/mr-models-ferrarif80-mr-models-6-64x43.webp 64w\" sizes=\"(max-width: 1020px) 100vw, 1020px\" \/>\t\t\t\t\t\t\n\t\t\t\t\t<\/div>\n\t\t\t\t\t\t\t\t\n<style>\n#image_979374147 {\n  width: 100%;\n}\n<\/style>\n\t<\/div>\n\t\n\n\n<\/div><\/div>\n<div class=\"col grid-col small-12 large-6 grid-col-1-3\" ><div class=\"col-inner\">\n\n\t<div class=\"img has-hover x md-x lg-x y md-y lg-y\" id=\"image_2059610126\">\n\t\t\t\t\t\t\t\t<div class=\"img-inner dark\" >\n\t\t\t<img decoding=\"async\" width=\"1020\" height=\"680\" src=\"https:\/\/modelkars.com\/wp-content\/uploads\/mr-models-ferrarif80-mr-models-9.webp\" class=\"attachment-large size-large\" alt=\"\" srcset=\"https:\/\/modelkars.com\/wp-content\/uploads\/mr-models-ferrarif80-mr-models-9.webp 1080w, https:\/\/modelkars.com\/wp-content\/uploads\/mr-models-ferrarif80-mr-models-9-680x453.webp 680w, https:\/\/modelkars.com\/wp-content\/uploads\/mr-models-ferrarif80-mr-models-9-64x43.webp 64w\" sizes=\"(max-width: 1020px) 100vw, 1020px\" \/>\t\t\t\t\t\t\n\t\t\t\t\t<\/div>\n\t\t\t\t\t\t\t\t\n<style>\n#image_2059610126 {\n  width: 100%;\n}\n<\/style>\n\t<\/div>\n\t\n\n\n<\/div><\/div>\n\n            <\/div>\n    <style>\n    #banner-grid-1569773576 .grid-col-1{height: 600px}\n    #banner-grid-1569773576 .grid-col-1-2{height: 300px}\n    #banner-grid-1569773576 .grid-col-1-3{height:200px}\n    #banner-grid-1569773576 .grid-col-2-3{height: 400px}\n    #banner-grid-1569773576 .grid-col-1-4{height: 150px}\n    #banner-grid-1569773576 .grid-col-3-4{height: 450px}\n\n\n        \/* Tablet *\/\n    @media (max-width: 850px){\n      #banner-grid-1569773576 .grid-col-1{height: 500px}\n      #banner-grid-1569773576 .grid-col-1-2{height: 250px}\n      #banner-grid-1569773576 .grid-col-1-3{height:166.66666666667px}\n      #banner-grid-1569773576 .grid-col-2-3{height: 333.33333333333px}\n      #banner-grid-1569773576 .grid-col-1-4{height: 125px}\n      #banner-grid-1569773576 .grid-col-3-4{height: 375px}\n    }\n    \n        \/* Mobile *\/\n    @media (max-width: 550px){\n      #banner-grid-1569773576 .grid-col-1{height: 400px}\n      #banner-grid-1569773576 .grid-col-1-2{height: 200px}\n      #banner-grid-1569773576 .grid-col-1-3{height:133.33333333333px}\n      #banner-grid-1569773576 .grid-col-2-3{height: 266.66666666667px}\n      #banner-grid-1569773576 .grid-col-1-4{height: 100px}\n      #banner-grid-1569773576 .grid-col-3-4{height: 300px}\n    }\n    \n\n  <\/style>\n    <\/div>\n  \n\t<div id=\"gap-1678285292\" class=\"gap-element clearfix\" style=\"display:block; height:auto;\">\n\t\t\n<style>\n#gap-1678285292 {\n  padding-top: 60px;\n}\n<\/style>\n\t<\/div>\n\t\n\n\n\t\t<\/div>\n\t\t\t\t\t<\/div>\n\n\t\n\n\n<style>\n#row-407844197 > .col > .col-inner {\n  background-color: rgb(255,255,255);\n}\n<\/style>\n<\/div>\n","protected":false},"excerpt":{"rendered":"<p>Dans une \u00e9l\u00e9gante finition gris Canna di Fucile, cette Ferrari F80 \u00e0 l\u2019\u00e9chelle 1:18 est limit\u00e9e \u00e0 49 exemplaires. Fabriqu\u00e9e en r\u00e9sine par MR Collection et expos\u00e9e sous vitrine, elle rend hommage au savoir-faire Ferrari. Les passionn\u00e9s y retrouveront la puissance hybride de 1200 chevaux.<\/p>\n","protected":false},"featured_media":72995,"template":"","meta":{"_seopress_robots_primary_cat":"","_seopress_titles_title":"","_seopress_titles_desc":"","_seopress_robots_index":""},"product_brand":[],"product_cat":[95],"product_tag":[84,93,92,85,86,323],"class_list":{"0":"post-59751","1":"product","2":"type-product","3":"status-publish","4":"has-post-thumbnail","6":"product_cat-mr-collection","7":"product_tag-echelle-118","8":"product_tag-edition-limitee","9":"product_tag-resine","10":"product_tag-sans-ouvrants","11":"product_tag-socle-inclus","12":"product_tag-vitrine-incluse","14":"first","15":"instock","16":"taxable","17":"shipping-taxable","18":"purchasable","19":"product-type-simple"},"_links":{"self":[{"href":"https:\/\/modelkars.com\/fr\/wp-json\/wp\/v2\/product\/59751","targetHints":{"allow":["GET"]}}],"collection":[{"href":"https:\/\/modelkars.com\/fr\/wp-json\/wp\/v2\/product"}],"about":[{"href":"https:\/\/modelkars.com\/fr\/wp-json\/wp\/v2\/types\/product"}],"wp:featuredmedia":[{"embeddable":true,"href":"https:\/\/modelkars.com\/fr\/wp-json\/wp\/v2\/media\/72995"}],"wp:attachment":[{"href":"https:\/\/modelkars.com\/fr\/wp-json\/wp\/v2\/media?parent=59751"}],"wp:term":[{"taxonomy":"product_brand","embeddable":true,"href":"https:\/\/modelkars.com\/fr\/wp-json\/wp\/v2\/product_brand?post=59751"},{"taxonomy":"product_cat","embeddable":true,"href":"https:\/\/modelkars.com\/fr\/wp-json\/wp\/v2\/product_cat?post=59751"},{"taxonomy":"product_tag","embeddable":true,"href":"https:\/\/modelkars.com\/fr\/wp-json\/wp\/v2\/product_tag?post=59751"}],"curies":[{"name":"wp","href":"https:\/\/api.w.org\/{rel}","templated":true}]}}