{"id":59750,"date":"2024-10-25T18:27:56","date_gmt":"2024-10-25T16:27:56","guid":{"rendered":"https:\/\/modelkars.com\/?post_type=product&#038;p=59750"},"modified":"2025-12-01T01:52:52","modified_gmt":"2025-12-01T00:52:52","slug":"fe045g-ferrari-f80-rouge-scuderia","status":"publish","type":"product","link":"https:\/\/modelkars.com\/fr\/shop\/mr-collection\/fe045g-ferrari-f80-rouge-scuderia\/","title":{"rendered":"Ferrari F80"},"content":{"rendered":"<div class=\"row row-collapse row-full-width\"  id=\"row-257723500\">\n\n\n\t<div id=\"col-307948845\" class=\"col small-12 large-12\"  >\n\t\t\t\t<div class=\"col-inner\"  >\n\t\t\t\n\t\t\t\n\n<div class=\"container section-title-container\" ><h3 class=\"section-title section-title-center\"><b aria-hidden=\"true\"><\/b><span class=\"section-title-main\" >Images du prototype<\/span><b aria-hidden=\"true\"><\/b><\/h3><\/div>\n\n  <div class=\"banner-grid-wrapper\">\n  <div id=\"banner-grid-964992414\" class=\"banner-grid row row-grid row-collapse\" data-packery-options=\"\">\n                      \n\n<div class=\"col grid-col small-12 large-6 grid-col-2-3\" ><div class=\"col-inner\">\n\n\t<div class=\"img has-hover x md-x lg-x y md-y lg-y\" id=\"image_136868326\">\n\t\t\t\t\t\t\t\t<div class=\"img-inner dark\" >\n\t\t\t<img decoding=\"async\" width=\"1020\" height=\"680\" src=\"https:\/\/modelkars.com\/wp-content\/uploads\/mr-models-ferrarif80-mr-models-3.webp\" class=\"attachment-large size-large\" alt=\"\" srcset=\"https:\/\/modelkars.com\/wp-content\/uploads\/mr-models-ferrarif80-mr-models-3.webp 1080w, https:\/\/modelkars.com\/wp-content\/uploads\/mr-models-ferrarif80-mr-models-3-680x453.webp 680w, https:\/\/modelkars.com\/wp-content\/uploads\/mr-models-ferrarif80-mr-models-3-64x43.webp 64w\" sizes=\"(max-width: 1020px) 100vw, 1020px\" \/>\t\t\t\t\t\t\n\t\t\t\t\t<\/div>\n\t\t\t\t\t\t\t\t\n<style>\n#image_136868326 {\n  width: 100%;\n}\n<\/style>\n\t<\/div>\n\t\n\n\n<\/div><\/div>\n<div class=\"col grid-col small-12 large-6 grid-col-1-2\" ><div class=\"col-inner\">\n\n\t<div class=\"img has-hover x md-x lg-x y md-y lg-y\" id=\"image_1581881936\">\n\t\t\t\t\t\t\t\t<div class=\"img-inner dark\" >\n\t\t\t<img decoding=\"async\" width=\"1020\" height=\"679\" src=\"https:\/\/modelkars.com\/wp-content\/uploads\/mr-models-ferrarif80-mr-models-5.webp\" class=\"attachment-large size-large\" alt=\"\" srcset=\"https:\/\/modelkars.com\/wp-content\/uploads\/mr-models-ferrarif80-mr-models-5.webp 1080w, https:\/\/modelkars.com\/wp-content\/uploads\/mr-models-ferrarif80-mr-models-5-680x453.webp 680w, https:\/\/modelkars.com\/wp-content\/uploads\/mr-models-ferrarif80-mr-models-5-64x43.webp 64w\" sizes=\"(max-width: 1020px) 100vw, 1020px\" \/>\t\t\t\t\t\t\n\t\t\t\t\t<\/div>\n\t\t\t\t\t\t\t\t\n<style>\n#image_1581881936 {\n  width: 100%;\n}\n<\/style>\n\t<\/div>\n\t\n\n\n<\/div><\/div>\n<div class=\"col grid-col small-6 large-3 grid-col-1-2\" ><div class=\"col-inner\">\n\n\t<div class=\"img has-hover x md-x lg-x y md-y lg-y\" id=\"image_127704749\">\n\t\t\t\t\t\t\t\t<div class=\"img-inner dark\" >\n\t\t\t<img decoding=\"async\" width=\"1020\" height=\"680\" src=\"https:\/\/modelkars.com\/wp-content\/uploads\/mr-models-ferrarif80-mr-models-8.webp\" class=\"attachment-large size-large\" alt=\"\" srcset=\"https:\/\/modelkars.com\/wp-content\/uploads\/mr-models-ferrarif80-mr-models-8.webp 1080w, https:\/\/modelkars.com\/wp-content\/uploads\/mr-models-ferrarif80-mr-models-8-680x453.webp 680w, https:\/\/modelkars.com\/wp-content\/uploads\/mr-models-ferrarif80-mr-models-8-64x43.webp 64w\" sizes=\"(max-width: 1020px) 100vw, 1020px\" \/>\t\t\t\t\t\t\n\t\t\t\t\t<\/div>\n\t\t\t\t\t\t\t\t\n<style>\n#image_127704749 {\n  width: 100%;\n}\n<\/style>\n\t<\/div>\n\t\n\n\n<\/div><\/div>\n<div class=\"col grid-col small-6 large-3 grid-col-1-2\" ><div class=\"col-inner\">\n\n\t<div class=\"img has-hover x md-x lg-x y md-y lg-y\" id=\"image_880200909\">\n\t\t\t\t\t\t\t\t<div class=\"img-inner dark\" >\n\t\t\t<img decoding=\"async\" width=\"1020\" height=\"680\" src=\"https:\/\/modelkars.com\/wp-content\/uploads\/mr-models-ferrarif80-mr-models-6.webp\" class=\"attachment-large size-large\" alt=\"\" srcset=\"https:\/\/modelkars.com\/wp-content\/uploads\/mr-models-ferrarif80-mr-models-6.webp 1080w, https:\/\/modelkars.com\/wp-content\/uploads\/mr-models-ferrarif80-mr-models-6-680x453.webp 680w, https:\/\/modelkars.com\/wp-content\/uploads\/mr-models-ferrarif80-mr-models-6-64x43.webp 64w\" sizes=\"(max-width: 1020px) 100vw, 1020px\" \/>\t\t\t\t\t\t\n\t\t\t\t\t<\/div>\n\t\t\t\t\t\t\t\t\n<style>\n#image_880200909 {\n  width: 100%;\n}\n<\/style>\n\t<\/div>\n\t\n\n\n<\/div><\/div>\n<div class=\"col grid-col small-12 large-6 grid-col-1-3\" ><div class=\"col-inner\">\n\n\t<div class=\"img has-hover x md-x lg-x y md-y lg-y\" id=\"image_458579809\">\n\t\t\t\t\t\t\t\t<div class=\"img-inner dark\" >\n\t\t\t<img decoding=\"async\" width=\"1020\" height=\"680\" src=\"https:\/\/modelkars.com\/wp-content\/uploads\/mr-models-ferrarif80-mr-models-9.webp\" class=\"attachment-large size-large\" alt=\"\" srcset=\"https:\/\/modelkars.com\/wp-content\/uploads\/mr-models-ferrarif80-mr-models-9.webp 1080w, https:\/\/modelkars.com\/wp-content\/uploads\/mr-models-ferrarif80-mr-models-9-680x453.webp 680w, https:\/\/modelkars.com\/wp-content\/uploads\/mr-models-ferrarif80-mr-models-9-64x43.webp 64w\" sizes=\"(max-width: 1020px) 100vw, 1020px\" \/>\t\t\t\t\t\t\n\t\t\t\t\t<\/div>\n\t\t\t\t\t\t\t\t\n<style>\n#image_458579809 {\n  width: 100%;\n}\n<\/style>\n\t<\/div>\n\t\n\n\n<\/div><\/div>\n\n            <\/div>\n    <style>\n    #banner-grid-964992414 .grid-col-1{height: 600px}\n    #banner-grid-964992414 .grid-col-1-2{height: 300px}\n    #banner-grid-964992414 .grid-col-1-3{height:200px}\n    #banner-grid-964992414 .grid-col-2-3{height: 400px}\n    #banner-grid-964992414 .grid-col-1-4{height: 150px}\n    #banner-grid-964992414 .grid-col-3-4{height: 450px}\n\n\n        \/* Tablet *\/\n    @media (max-width: 850px){\n      #banner-grid-964992414 .grid-col-1{height: 500px}\n      #banner-grid-964992414 .grid-col-1-2{height: 250px}\n      #banner-grid-964992414 .grid-col-1-3{height:166.66666666667px}\n      #banner-grid-964992414 .grid-col-2-3{height: 333.33333333333px}\n      #banner-grid-964992414 .grid-col-1-4{height: 125px}\n      #banner-grid-964992414 .grid-col-3-4{height: 375px}\n    }\n    \n        \/* Mobile *\/\n    @media (max-width: 550px){\n      #banner-grid-964992414 .grid-col-1{height: 400px}\n      #banner-grid-964992414 .grid-col-1-2{height: 200px}\n      #banner-grid-964992414 .grid-col-1-3{height:133.33333333333px}\n      #banner-grid-964992414 .grid-col-2-3{height: 266.66666666667px}\n      #banner-grid-964992414 .grid-col-1-4{height: 100px}\n      #banner-grid-964992414 .grid-col-3-4{height: 300px}\n    }\n    \n\n  <\/style>\n    <\/div>\n  \n\t<div id=\"gap-368485527\" class=\"gap-element clearfix\" style=\"display:block; height:auto;\">\n\t\t\n<style>\n#gap-368485527 {\n  padding-top: 60px;\n}\n<\/style>\n\t<\/div>\n\t\n\n\n\t\t<\/div>\n\t\t\t\t\t<\/div>\n\n\t\n\n\n<style>\n#row-257723500 > .col > .col-inner {\n  background-color: rgb(255,255,255);\n}\n<\/style>\n<\/div>\n","protected":false},"excerpt":{"rendered":"<p>Revivez l\u2019audace de Ferrari avec cette F80 rouge Scuderia \u00e0 l\u2019\u00e9chelle 1:18, par MR Collection. Sous vitrine et sur socle, cette r\u00e9plique en r\u00e9sine c\u00e9l\u00e8bre l&rsquo;innovation et la vitesse, rappelant ses 1200 chevaux hybrides. S\u00e9rie limit\u00e9e.<\/p>\n","protected":false},"featured_media":72983,"template":"","meta":{"_seopress_robots_primary_cat":"","_seopress_titles_title":"","_seopress_titles_desc":"","_seopress_robots_index":""},"product_brand":[],"product_cat":[95,163],"product_tag":[84,93,92,85,86,323],"class_list":{"0":"post-59750","1":"product","2":"type-product","3":"status-publish","4":"has-post-thumbnail","6":"product_cat-mr-collection","7":"product_cat-precommandes","8":"product_tag-echelle-118","9":"product_tag-edition-limitee","10":"product_tag-resine","11":"product_tag-sans-ouvrants","12":"product_tag-socle-inclus","13":"product_tag-vitrine-incluse","15":"first","16":"instock","17":"taxable","18":"shipping-taxable","19":"purchasable","20":"product-type-simple"},"_links":{"self":[{"href":"https:\/\/modelkars.com\/fr\/wp-json\/wp\/v2\/product\/59750","targetHints":{"allow":["GET"]}}],"collection":[{"href":"https:\/\/modelkars.com\/fr\/wp-json\/wp\/v2\/product"}],"about":[{"href":"https:\/\/modelkars.com\/fr\/wp-json\/wp\/v2\/types\/product"}],"wp:featuredmedia":[{"embeddable":true,"href":"https:\/\/modelkars.com\/fr\/wp-json\/wp\/v2\/media\/72983"}],"wp:attachment":[{"href":"https:\/\/modelkars.com\/fr\/wp-json\/wp\/v2\/media?parent=59750"}],"wp:term":[{"taxonomy":"product_brand","embeddable":true,"href":"https:\/\/modelkars.com\/fr\/wp-json\/wp\/v2\/product_brand?post=59750"},{"taxonomy":"product_cat","embeddable":true,"href":"https:\/\/modelkars.com\/fr\/wp-json\/wp\/v2\/product_cat?post=59750"},{"taxonomy":"product_tag","embeddable":true,"href":"https:\/\/modelkars.com\/fr\/wp-json\/wp\/v2\/product_tag?post=59750"}],"curies":[{"name":"wp","href":"https:\/\/api.w.org\/{rel}","templated":true}]}}