{"id":59747,"date":"2025-09-09T00:00:01","date_gmt":"2025-09-08T22:00:01","guid":{"rendered":"https:\/\/modelkars.com\/?post_type=product&#038;p=59747"},"modified":"2025-12-02T00:00:15","modified_gmt":"2025-12-01T23:00:15","slug":"fe045d-ferrari-f80-rame-mica-bande-blanche","status":"publish","type":"product","link":"https:\/\/modelkars.com\/fr\/shop\/mr-collection\/fe045d-ferrari-f80-rame-mica-bande-blanche\/","title":{"rendered":"Ferrari F80"},"content":{"rendered":"","protected":false},"excerpt":{"rendered":"<p>Cette Ferrari F80 \u00e0 l&rsquo;\u00e9chelle 1:18, en couleur bronze Rame Mica avec bande blanche, est un chef-d&rsquo;\u0153uvre de collection par MR Collection. Pos\u00e9e sur un socle sous vitrine, elle incarne la puissance hybride et le design novateur de Ferrari. Avec son moteur de 1200 chevaux, la F80 m\u00eale audace et sophistication. S\u00e9rie limit\u00e9e.<\/p>\n","protected":false},"featured_media":70840,"template":"","meta":{"_seopress_robots_primary_cat":"","_seopress_titles_title":"","_seopress_titles_desc":"","_seopress_robots_index":""},"product_brand":[],"product_cat":[95],"product_tag":[84,93,92,85,86,323],"class_list":{"0":"post-59747","1":"product","2":"type-product","3":"status-publish","4":"has-post-thumbnail","6":"product_cat-mr-collection","7":"product_tag-echelle-118","8":"product_tag-edition-limitee","9":"product_tag-resine","10":"product_tag-sans-ouvrants","11":"product_tag-socle-inclus","12":"product_tag-vitrine-incluse","14":"first","15":"instock","16":"taxable","17":"shipping-taxable","18":"purchasable","19":"product-type-simple"},"_links":{"self":[{"href":"https:\/\/modelkars.com\/fr\/wp-json\/wp\/v2\/product\/59747","targetHints":{"allow":["GET"]}}],"collection":[{"href":"https:\/\/modelkars.com\/fr\/wp-json\/wp\/v2\/product"}],"about":[{"href":"https:\/\/modelkars.com\/fr\/wp-json\/wp\/v2\/types\/product"}],"wp:featuredmedia":[{"embeddable":true,"href":"https:\/\/modelkars.com\/fr\/wp-json\/wp\/v2\/media\/70840"}],"wp:attachment":[{"href":"https:\/\/modelkars.com\/fr\/wp-json\/wp\/v2\/media?parent=59747"}],"wp:term":[{"taxonomy":"product_brand","embeddable":true,"href":"https:\/\/modelkars.com\/fr\/wp-json\/wp\/v2\/product_brand?post=59747"},{"taxonomy":"product_cat","embeddable":true,"href":"https:\/\/modelkars.com\/fr\/wp-json\/wp\/v2\/product_cat?post=59747"},{"taxonomy":"product_tag","embeddable":true,"href":"https:\/\/modelkars.com\/fr\/wp-json\/wp\/v2\/product_tag?post=59747"}],"curies":[{"name":"wp","href":"https:\/\/api.w.org\/{rel}","templated":true}]}}