{"id":59746,"date":"2025-07-31T00:00:01","date_gmt":"2025-07-30T22:00:01","guid":{"rendered":"https:\/\/modelkars.com\/?post_type=product&#038;p=59746"},"modified":"2025-12-02T00:00:17","modified_gmt":"2025-12-01T23:00:17","slug":"fe045c-ferrari-f80-blanc-italia","status":"publish","type":"product","link":"https:\/\/modelkars.com\/fr\/shop\/mr-collection\/fe045c-ferrari-f80-blanc-italia\/","title":{"rendered":"Ferrari F80"},"content":{"rendered":"","protected":false},"excerpt":{"rendered":"<p>\u00c9l\u00e9gante et rare, cette Ferrari F80 blanche Italia \u00e0 l&rsquo;\u00e9chelle 1:18 est fabriqu\u00e9e en r\u00e9sine par MR Collection. Pos\u00e9e sur un socle sous vitrine, elle reproduit l&rsquo;allure rac\u00e9e et les 1200 chevaux de cette supercar hybride. La F80 incarne la fusion de l\u2019a\u00e9rodynamisme et de la puissance Ferrari. S\u00e9rie limit\u00e9e.<\/p>\n","protected":false},"featured_media":70852,"template":"","meta":{"_seopress_robots_primary_cat":"","_seopress_titles_title":"","_seopress_titles_desc":"","_seopress_robots_index":""},"product_brand":[],"product_cat":[95],"product_tag":[84,93,92,85,86,323],"class_list":{"0":"post-59746","1":"product","2":"type-product","3":"status-publish","4":"has-post-thumbnail","6":"product_cat-mr-collection","7":"product_tag-echelle-118","8":"product_tag-edition-limitee","9":"product_tag-resine","10":"product_tag-sans-ouvrants","11":"product_tag-socle-inclus","12":"product_tag-vitrine-incluse","14":"first","15":"outofstock","16":"taxable","17":"shipping-taxable","18":"purchasable","19":"product-type-simple"},"_links":{"self":[{"href":"https:\/\/modelkars.com\/fr\/wp-json\/wp\/v2\/product\/59746","targetHints":{"allow":["GET"]}}],"collection":[{"href":"https:\/\/modelkars.com\/fr\/wp-json\/wp\/v2\/product"}],"about":[{"href":"https:\/\/modelkars.com\/fr\/wp-json\/wp\/v2\/types\/product"}],"wp:featuredmedia":[{"embeddable":true,"href":"https:\/\/modelkars.com\/fr\/wp-json\/wp\/v2\/media\/70852"}],"wp:attachment":[{"href":"https:\/\/modelkars.com\/fr\/wp-json\/wp\/v2\/media?parent=59746"}],"wp:term":[{"taxonomy":"product_brand","embeddable":true,"href":"https:\/\/modelkars.com\/fr\/wp-json\/wp\/v2\/product_brand?post=59746"},{"taxonomy":"product_cat","embeddable":true,"href":"https:\/\/modelkars.com\/fr\/wp-json\/wp\/v2\/product_cat?post=59746"},{"taxonomy":"product_tag","embeddable":true,"href":"https:\/\/modelkars.com\/fr\/wp-json\/wp\/v2\/product_tag?post=59746"}],"curies":[{"name":"wp","href":"https:\/\/api.w.org\/{rel}","templated":true}]}}