{"id":59579,"date":"2024-11-04T02:19:29","date_gmt":"2024-11-04T01:19:29","guid":{"rendered":"https:\/\/modelkars.com\/?post_type=product&#038;p=59579"},"modified":"2025-12-02T00:00:28","modified_gmt":"2025-12-01T23:00:28","slug":"wap0211710s0dk-porsche-911-dakar-vert-fjord","status":"publish","type":"product","link":"https:\/\/modelkars.com\/fr\/shop\/norev\/wap0211710s0dk-porsche-911-dakar-vert-fjord\/","title":{"rendered":"Porsche 911 Dakar"},"content":{"rendered":"","protected":false},"excerpt":{"rendered":"<p>La Porsche 911 Dakar \u00e0 l\u2019\u00e9chelle 1:18, en vert Fjord, est une r\u00e9plique en m\u00e9tal avec ouvrants, fabriqu\u00e9e par Norev. Ce mod\u00e8le comm\u00e9more les succ\u00e8s de Porsche dans les courses de rallye tout-terrain, et est livr\u00e9 dans un packaging officiel Porsche. Un must pour les amateurs de voitures de course iconiques.<\/p>\n","protected":false},"featured_media":59628,"template":"","meta":{"_seopress_robots_primary_cat":"","_seopress_titles_title":"","_seopress_titles_desc":"","_seopress_robots_index":""},"product_brand":[],"product_cat":[270],"product_tag":[117,84,89],"class_list":{"0":"post-59579","1":"product","2":"type-product","3":"status-publish","4":"has-post-thumbnail","6":"product_cat-norev","7":"product_tag-avec-ouvrants","8":"product_tag-echelle-118","9":"product_tag-metal","11":"first","12":"instock","13":"taxable","14":"shipping-taxable","15":"purchasable","16":"product-type-simple"},"_links":{"self":[{"href":"https:\/\/modelkars.com\/fr\/wp-json\/wp\/v2\/product\/59579","targetHints":{"allow":["GET"]}}],"collection":[{"href":"https:\/\/modelkars.com\/fr\/wp-json\/wp\/v2\/product"}],"about":[{"href":"https:\/\/modelkars.com\/fr\/wp-json\/wp\/v2\/types\/product"}],"wp:featuredmedia":[{"embeddable":true,"href":"https:\/\/modelkars.com\/fr\/wp-json\/wp\/v2\/media\/59628"}],"wp:attachment":[{"href":"https:\/\/modelkars.com\/fr\/wp-json\/wp\/v2\/media?parent=59579"}],"wp:term":[{"taxonomy":"product_brand","embeddable":true,"href":"https:\/\/modelkars.com\/fr\/wp-json\/wp\/v2\/product_brand?post=59579"},{"taxonomy":"product_cat","embeddable":true,"href":"https:\/\/modelkars.com\/fr\/wp-json\/wp\/v2\/product_cat?post=59579"},{"taxonomy":"product_tag","embeddable":true,"href":"https:\/\/modelkars.com\/fr\/wp-json\/wp\/v2\/product_tag?post=59579"}],"curies":[{"name":"wp","href":"https:\/\/api.w.org\/{rel}","templated":true}]}}