{"id":59577,"date":"2024-11-04T02:19:29","date_gmt":"2024-11-04T01:19:29","guid":{"rendered":"https:\/\/modelkars.com\/?post_type=product&#038;p=59577"},"modified":"2025-12-02T00:00:27","modified_gmt":"2025-12-01T23:00:27","slug":"wap0210020s357-porsche-vision-357-75-ans-concept-car-argent","status":"publish","type":"product","link":"https:\/\/modelkars.com\/fr\/shop\/spark\/wap0210020s357-porsche-vision-357-75-ans-concept-car-argent\/","title":{"rendered":"Porsche Vision 357 (75 ans concept car)"},"content":{"rendered":"","protected":false},"excerpt":{"rendered":"<p>La Porsche Vision 357 \u00e0 l&rsquo;\u00e9chelle 1:18 est un concept car c\u00e9l\u00e9brant les 75 ans de Porsche. Reproduite en r\u00e9sine par Spark, elle est livr\u00e9e dans une teinte argent\u00e9e avec un socle et une vitrine. Cette s\u00e9rie limit\u00e9e \u00e0 500 exemplaires est un hommage aux d\u00e9buts de Porsche avec la 356, tout en regardant vers l\u2019avenir de la marque.<\/p>\n","protected":false},"featured_media":59633,"template":"","meta":{"_seopress_robots_primary_cat":"","_seopress_titles_title":"","_seopress_titles_desc":"","_seopress_robots_index":""},"product_brand":[],"product_cat":[216],"product_tag":[84,93,92,85,86,323],"class_list":{"0":"post-59577","1":"product","2":"type-product","3":"status-publish","4":"has-post-thumbnail","6":"product_cat-spark","7":"product_tag-echelle-118","8":"product_tag-edition-limitee","9":"product_tag-resine","10":"product_tag-sans-ouvrants","11":"product_tag-socle-inclus","12":"product_tag-vitrine-incluse","14":"first","15":"instock","16":"taxable","17":"shipping-taxable","18":"purchasable","19":"product-type-simple"},"_links":{"self":[{"href":"https:\/\/modelkars.com\/fr\/wp-json\/wp\/v2\/product\/59577","targetHints":{"allow":["GET"]}}],"collection":[{"href":"https:\/\/modelkars.com\/fr\/wp-json\/wp\/v2\/product"}],"about":[{"href":"https:\/\/modelkars.com\/fr\/wp-json\/wp\/v2\/types\/product"}],"wp:featuredmedia":[{"embeddable":true,"href":"https:\/\/modelkars.com\/fr\/wp-json\/wp\/v2\/media\/59633"}],"wp:attachment":[{"href":"https:\/\/modelkars.com\/fr\/wp-json\/wp\/v2\/media?parent=59577"}],"wp:term":[{"taxonomy":"product_brand","embeddable":true,"href":"https:\/\/modelkars.com\/fr\/wp-json\/wp\/v2\/product_brand?post=59577"},{"taxonomy":"product_cat","embeddable":true,"href":"https:\/\/modelkars.com\/fr\/wp-json\/wp\/v2\/product_cat?post=59577"},{"taxonomy":"product_tag","embeddable":true,"href":"https:\/\/modelkars.com\/fr\/wp-json\/wp\/v2\/product_tag?post=59577"}],"curies":[{"name":"wp","href":"https:\/\/api.w.org\/{rel}","templated":true}]}}