{"id":59571,"date":"2024-11-22T00:00:01","date_gmt":"2024-11-21T23:00:01","guid":{"rendered":"https:\/\/modelkars.com\/?post_type=product&#038;p=59571"},"modified":"2025-12-01T01:52:48","modified_gmt":"2025-12-01T00:52:48","slug":"ot1050-volkswagen-golf-7-gti-oettinger-blanc-pure","status":"publish","type":"product","link":"https:\/\/modelkars.com\/fr\/shop\/ottomobile\/ot1050-volkswagen-golf-7-gti-oettinger-blanc-pure\/","title":{"rendered":"Volkswagen Golf 7 GTI Oettinger"},"content":{"rendered":"","protected":false},"excerpt":{"rendered":"<p>Cette Volkswagen Golf 7 GTI Oettinger \u00e0 l\u2019\u00e9chelle 1:18 est reproduite avec une finition en blanc Pure. Fabriqu\u00e9e par OttOmobile en r\u00e9sine, cette miniature fait partie d\u2019une \u00e9dition limit\u00e9e \u00e0 3000 exemplaires. La GTI, pr\u00e9par\u00e9e par Oettinger, pousse encore plus loin les performances et l&rsquo;esth\u00e9tique de la l\u00e9gendaire Golf GTI. Un incontournable pour les amateurs de compactes sportives.<\/p>\n","protected":false},"featured_media":59582,"template":"","meta":{"_seopress_robots_primary_cat":"","_seopress_titles_title":"","_seopress_titles_desc":"","_seopress_robots_index":""},"product_brand":[],"product_cat":[225],"product_tag":[84,93,92,85],"class_list":{"0":"post-59571","1":"product","2":"type-product","3":"status-publish","4":"has-post-thumbnail","6":"product_cat-ottomobile","7":"product_tag-echelle-118","8":"product_tag-edition-limitee","9":"product_tag-resine","10":"product_tag-sans-ouvrants","12":"first","13":"outofstock","14":"taxable","15":"shipping-taxable","16":"purchasable","17":"product-type-simple"},"_links":{"self":[{"href":"https:\/\/modelkars.com\/fr\/wp-json\/wp\/v2\/product\/59571","targetHints":{"allow":["GET"]}}],"collection":[{"href":"https:\/\/modelkars.com\/fr\/wp-json\/wp\/v2\/product"}],"about":[{"href":"https:\/\/modelkars.com\/fr\/wp-json\/wp\/v2\/types\/product"}],"wp:featuredmedia":[{"embeddable":true,"href":"https:\/\/modelkars.com\/fr\/wp-json\/wp\/v2\/media\/59582"}],"wp:attachment":[{"href":"https:\/\/modelkars.com\/fr\/wp-json\/wp\/v2\/media?parent=59571"}],"wp:term":[{"taxonomy":"product_brand","embeddable":true,"href":"https:\/\/modelkars.com\/fr\/wp-json\/wp\/v2\/product_brand?post=59571"},{"taxonomy":"product_cat","embeddable":true,"href":"https:\/\/modelkars.com\/fr\/wp-json\/wp\/v2\/product_cat?post=59571"},{"taxonomy":"product_tag","embeddable":true,"href":"https:\/\/modelkars.com\/fr\/wp-json\/wp\/v2\/product_tag?post=59571"}],"curies":[{"name":"wp","href":"https:\/\/api.w.org\/{rel}","templated":true}]}}