{"id":59487,"date":"2025-11-24T00:00:01","date_gmt":"2025-11-23T23:00:01","guid":{"rendered":"https:\/\/modelkars.com\/?post_type=product&#038;p=59487"},"modified":"2025-12-05T20:26:20","modified_gmt":"2025-12-05T19:26:20","slug":"fe045a-ferrari-f80-rouge-supercar","status":"publish","type":"product","link":"https:\/\/modelkars.com\/fr\/shop\/mr-collection\/fe045a-ferrari-f80-rouge-supercar\/","title":{"rendered":"Ferrari F80"},"content":{"rendered":"","protected":false},"excerpt":{"rendered":"<p>Ce mod\u00e8le de collection \u00e0 l&rsquo;\u00e9chelle 1:18 reproduit la Ferrari F80 dans une teinte rouge Supercar \u00e9clatante. Fabriqu\u00e9 en r\u00e9sine par MR Collection, il allie \u00e9l\u00e9gance et performance sous vitrine, sur un socle \u00e9l\u00e9gant. La F80, \u00e9quip\u00e9e d\u2019un groupe motopropulseur hybride et d\u00e9livrant 1200 chevaux, incarne la qu\u00eate de Ferrari pour l&rsquo;innovation et la vitesse. S\u00e9rie limit\u00e9e.<\/p>\n","protected":false},"featured_media":70804,"template":"","meta":{"_seopress_robots_primary_cat":"","_seopress_titles_title":"","_seopress_titles_desc":"","_seopress_robots_index":""},"product_brand":[],"product_cat":[95],"product_tag":[84,93,92,85,86],"class_list":{"0":"post-59487","1":"product","2":"type-product","3":"status-publish","4":"has-post-thumbnail","6":"product_cat-mr-collection","7":"product_tag-echelle-118","8":"product_tag-edition-limitee","9":"product_tag-resine","10":"product_tag-sans-ouvrants","11":"product_tag-socle-inclus","13":"first","14":"outofstock","15":"taxable","16":"shipping-taxable","17":"purchasable","18":"product-type-simple"},"_links":{"self":[{"href":"https:\/\/modelkars.com\/fr\/wp-json\/wp\/v2\/product\/59487","targetHints":{"allow":["GET"]}}],"collection":[{"href":"https:\/\/modelkars.com\/fr\/wp-json\/wp\/v2\/product"}],"about":[{"href":"https:\/\/modelkars.com\/fr\/wp-json\/wp\/v2\/types\/product"}],"wp:featuredmedia":[{"embeddable":true,"href":"https:\/\/modelkars.com\/fr\/wp-json\/wp\/v2\/media\/70804"}],"wp:attachment":[{"href":"https:\/\/modelkars.com\/fr\/wp-json\/wp\/v2\/media?parent=59487"}],"wp:term":[{"taxonomy":"product_brand","embeddable":true,"href":"https:\/\/modelkars.com\/fr\/wp-json\/wp\/v2\/product_brand?post=59487"},{"taxonomy":"product_cat","embeddable":true,"href":"https:\/\/modelkars.com\/fr\/wp-json\/wp\/v2\/product_cat?post=59487"},{"taxonomy":"product_tag","embeddable":true,"href":"https:\/\/modelkars.com\/fr\/wp-json\/wp\/v2\/product_tag?post=59487"}],"curies":[{"name":"wp","href":"https:\/\/api.w.org\/{rel}","templated":true}]}}