{"id":59129,"date":"2025-03-24T00:00:01","date_gmt":"2025-03-23T23:00:01","guid":{"rendered":"https:\/\/modelkars.com\/?post_type=product&#038;p=59129"},"modified":"2025-12-01T01:52:32","modified_gmt":"2025-12-01T00:52:32","slug":"ot1051-bmw-e36-by-khyzyl-saleem-blanc-alpine","status":"publish","type":"product","link":"https:\/\/modelkars.com\/fr\/shop\/ottomobile\/ot1051-bmw-e36-by-khyzyl-saleem-blanc-alpine\/","title":{"rendered":"BMW E36 by Khyzyl Saleem"},"content":{"rendered":"","protected":false},"excerpt":{"rendered":"<p>Cette BMW E36 \u00e0 l&rsquo;\u00e9chelle 1:18, modifi\u00e9e par Khyzyl Saleem, arbore une livr\u00e9e blanche Alpine \u00e9clatante. Fabriqu\u00e9e en r\u00e9sine par OttOmobile, cette \u00e9dition limit\u00e9e \u00e0 3000 exemplaires est un hommage au style avant-gardiste de Khyzyl, c\u00e9l\u00e8bre pour ses conceptions virtuelles radicales. La BMW E36, d\u00e9j\u00e0 embl\u00e9matique, prend ici une nouvelle dimension avec un design unique inspir\u00e9 par le monde des jeux vid\u00e9o et des concept cars futuristes.<\/p>\n","protected":false},"featured_media":65926,"template":"","meta":{"_seopress_robots_primary_cat":"","_seopress_titles_title":"","_seopress_titles_desc":"","_seopress_robots_index":""},"product_brand":[],"product_cat":[225],"product_tag":[84,93,92,85],"class_list":{"0":"post-59129","1":"product","2":"type-product","3":"status-publish","4":"has-post-thumbnail","6":"product_cat-ottomobile","7":"product_tag-echelle-118","8":"product_tag-edition-limitee","9":"product_tag-resine","10":"product_tag-sans-ouvrants","12":"first","13":"outofstock","14":"taxable","15":"shipping-taxable","16":"purchasable","17":"product-type-simple"},"_links":{"self":[{"href":"https:\/\/modelkars.com\/fr\/wp-json\/wp\/v2\/product\/59129","targetHints":{"allow":["GET"]}}],"collection":[{"href":"https:\/\/modelkars.com\/fr\/wp-json\/wp\/v2\/product"}],"about":[{"href":"https:\/\/modelkars.com\/fr\/wp-json\/wp\/v2\/types\/product"}],"wp:featuredmedia":[{"embeddable":true,"href":"https:\/\/modelkars.com\/fr\/wp-json\/wp\/v2\/media\/65926"}],"wp:attachment":[{"href":"https:\/\/modelkars.com\/fr\/wp-json\/wp\/v2\/media?parent=59129"}],"wp:term":[{"taxonomy":"product_brand","embeddable":true,"href":"https:\/\/modelkars.com\/fr\/wp-json\/wp\/v2\/product_brand?post=59129"},{"taxonomy":"product_cat","embeddable":true,"href":"https:\/\/modelkars.com\/fr\/wp-json\/wp\/v2\/product_cat?post=59129"},{"taxonomy":"product_tag","embeddable":true,"href":"https:\/\/modelkars.com\/fr\/wp-json\/wp\/v2\/product_tag?post=59129"}],"curies":[{"name":"wp","href":"https:\/\/api.w.org\/{rel}","templated":true}]}}