{"id":59127,"date":"2025-08-19T00:00:01","date_gmt":"2025-08-18T22:00:01","guid":{"rendered":"https:\/\/modelkars.com\/?post_type=product&#038;p=59127"},"modified":"2025-12-01T01:52:01","modified_gmt":"2025-12-01T00:52:01","slug":"p18254b-ferrari-12cilindri-rouge-corsa-et-jantes-noires","status":"publish","type":"product","link":"https:\/\/modelkars.com\/fr\/shop\/bbr\/p18254b-ferrari-12cilindri-rouge-corsa-et-jantes-noires\/","title":{"rendered":"Ferrari 12Cilindri"},"content":{"rendered":"","protected":false},"excerpt":{"rendered":"<p>Reproduite par BBR \u00e0 l\u2019\u00e9chelle 1:18, cette Ferrari 12Cilindri arbore la c\u00e9l\u00e8bre teinte rouge Corsa, associ\u00e9e \u00e0 des jantes noires pour un contraste saisissant. En r\u00e9sine et en \u00e9dition limit\u00e9e \u00e0 seulement 48 exemplaires, elle est livr\u00e9e sur un socle pour une pr\u00e9sentation id\u00e9ale. La Ferrari V12, v\u00e9ritable ic\u00f4ne de performance, est au c\u0153ur de l&rsquo;histoire de la marque depuis des d\u00e9cennies.<\/p>\n","protected":false},"featured_media":67842,"template":"","meta":{"_seopress_robots_primary_cat":"","_seopress_titles_title":"","_seopress_titles_desc":"","_seopress_robots_index":""},"product_brand":[],"product_cat":[315],"product_tag":[84,93,92,85,86],"class_list":{"0":"post-59127","1":"product","2":"type-product","3":"status-publish","4":"has-post-thumbnail","6":"product_cat-bbr","7":"product_tag-echelle-118","8":"product_tag-edition-limitee","9":"product_tag-resine","10":"product_tag-sans-ouvrants","11":"product_tag-socle-inclus","13":"first","14":"outofstock","15":"taxable","16":"shipping-taxable","17":"purchasable","18":"product-type-simple"},"_links":{"self":[{"href":"https:\/\/modelkars.com\/fr\/wp-json\/wp\/v2\/product\/59127","targetHints":{"allow":["GET"]}}],"collection":[{"href":"https:\/\/modelkars.com\/fr\/wp-json\/wp\/v2\/product"}],"about":[{"href":"https:\/\/modelkars.com\/fr\/wp-json\/wp\/v2\/types\/product"}],"wp:featuredmedia":[{"embeddable":true,"href":"https:\/\/modelkars.com\/fr\/wp-json\/wp\/v2\/media\/67842"}],"wp:attachment":[{"href":"https:\/\/modelkars.com\/fr\/wp-json\/wp\/v2\/media?parent=59127"}],"wp:term":[{"taxonomy":"product_brand","embeddable":true,"href":"https:\/\/modelkars.com\/fr\/wp-json\/wp\/v2\/product_brand?post=59127"},{"taxonomy":"product_cat","embeddable":true,"href":"https:\/\/modelkars.com\/fr\/wp-json\/wp\/v2\/product_cat?post=59127"},{"taxonomy":"product_tag","embeddable":true,"href":"https:\/\/modelkars.com\/fr\/wp-json\/wp\/v2\/product_tag?post=59127"}],"curies":[{"name":"wp","href":"https:\/\/api.w.org\/{rel}","templated":true}]}}