{"id":59125,"date":"2025-08-19T00:00:01","date_gmt":"2025-08-18T22:00:01","guid":{"rendered":"https:\/\/modelkars.com\/?post_type=product&#038;p=59125"},"modified":"2026-01-28T17:23:18","modified_gmt":"2026-01-28T16:23:18","slug":"p18254e-ferrari-12cilindri-noir-mate-et-toit-panoramique","status":"publish","type":"product","link":"https:\/\/modelkars.com\/fr\/shop\/bbr\/p18254e-ferrari-12cilindri-noir-mate-et-toit-panoramique\/","title":{"rendered":"Ferrari 12Cilindri"},"content":{"rendered":"","protected":false},"excerpt":{"rendered":"<p>Cette Ferrari 12Cilindri \u00e0 l&rsquo;\u00e9chelle 1:18 est une pi\u00e8ce d&rsquo;exception fabriqu\u00e9e par BBR. Ce mod\u00e8le en r\u00e9sine noir mat, avec un toit panoramique, offre une allure sophistiqu\u00e9e et moderne. Produite en \u00e9dition limit\u00e9e \u00e0 seulement 48 exemplaires, elle repose \u00e9l\u00e9gamment sur un socle. Le mod\u00e8le capture l&rsquo;essence des Ferrari V12, synonymes de performance et de puissance depuis plus de 70 ans.<\/p>\n","protected":false},"featured_media":67824,"template":"","meta":{"_seopress_robots_primary_cat":"","_seopress_titles_title":"","_seopress_titles_desc":"","_seopress_robots_index":""},"product_brand":[],"product_cat":[315],"product_tag":[84,93,92,85,86],"class_list":{"0":"post-59125","1":"product","2":"type-product","3":"status-publish","4":"has-post-thumbnail","6":"product_cat-bbr","7":"product_tag-echelle-118","8":"product_tag-edition-limitee","9":"product_tag-resine","10":"product_tag-sans-ouvrants","11":"product_tag-socle-inclus","13":"first","14":"outofstock","15":"taxable","16":"shipping-taxable","17":"purchasable","18":"product-type-simple"},"_links":{"self":[{"href":"https:\/\/modelkars.com\/fr\/wp-json\/wp\/v2\/product\/59125","targetHints":{"allow":["GET"]}}],"collection":[{"href":"https:\/\/modelkars.com\/fr\/wp-json\/wp\/v2\/product"}],"about":[{"href":"https:\/\/modelkars.com\/fr\/wp-json\/wp\/v2\/types\/product"}],"wp:featuredmedia":[{"embeddable":true,"href":"https:\/\/modelkars.com\/fr\/wp-json\/wp\/v2\/media\/67824"}],"wp:attachment":[{"href":"https:\/\/modelkars.com\/fr\/wp-json\/wp\/v2\/media?parent=59125"}],"wp:term":[{"taxonomy":"product_brand","embeddable":true,"href":"https:\/\/modelkars.com\/fr\/wp-json\/wp\/v2\/product_brand?post=59125"},{"taxonomy":"product_cat","embeddable":true,"href":"https:\/\/modelkars.com\/fr\/wp-json\/wp\/v2\/product_cat?post=59125"},{"taxonomy":"product_tag","embeddable":true,"href":"https:\/\/modelkars.com\/fr\/wp-json\/wp\/v2\/product_tag?post=59125"}],"curies":[{"name":"wp","href":"https:\/\/api.w.org\/{rel}","templated":true}]}}