{"id":59117,"date":"2025-05-02T00:00:01","date_gmt":"2025-05-01T22:00:01","guid":{"rendered":"https:\/\/modelkars.com\/?post_type=product&#038;p=59117"},"modified":"2025-12-02T00:00:21","modified_gmt":"2025-12-01T23:00:21","slug":"bbr1871d-ferrari-599-gtb-fiorano-blanc-mate","status":"publish","type":"product","link":"https:\/\/modelkars.com\/fr\/shop\/bbr\/bbr1871d-ferrari-599-gtb-fiorano-blanc-mate\/","title":{"rendered":"Ferrari 599 GTB Fiorano"},"content":{"rendered":"","protected":false},"excerpt":{"rendered":"<p>La Ferrari 599 GTB Fiorano en blanc mat, \u00e0 l&rsquo;\u00e9chelle 1:18, est une cr\u00e9ation exclusive de BBR. Limit\u00e9e et pos\u00e9e sur socle, cette version unique magnifie la puret\u00e9 des lignes de la 599 tout en mettant en valeur sa puissance V12.<\/p>\n","protected":false},"featured_media":66068,"template":"","meta":{"_seopress_robots_primary_cat":"","_seopress_titles_title":"","_seopress_titles_desc":"","_seopress_robots_index":""},"product_brand":[],"product_cat":[315],"product_tag":[84,93,92,85,86],"class_list":{"0":"post-59117","1":"product","2":"type-product","3":"status-publish","4":"has-post-thumbnail","6":"product_cat-bbr","7":"product_tag-echelle-118","8":"product_tag-edition-limitee","9":"product_tag-resine","10":"product_tag-sans-ouvrants","11":"product_tag-socle-inclus","13":"first","14":"instock","15":"taxable","16":"shipping-taxable","17":"purchasable","18":"product-type-simple"},"_links":{"self":[{"href":"https:\/\/modelkars.com\/fr\/wp-json\/wp\/v2\/product\/59117","targetHints":{"allow":["GET"]}}],"collection":[{"href":"https:\/\/modelkars.com\/fr\/wp-json\/wp\/v2\/product"}],"about":[{"href":"https:\/\/modelkars.com\/fr\/wp-json\/wp\/v2\/types\/product"}],"wp:featuredmedia":[{"embeddable":true,"href":"https:\/\/modelkars.com\/fr\/wp-json\/wp\/v2\/media\/66068"}],"wp:attachment":[{"href":"https:\/\/modelkars.com\/fr\/wp-json\/wp\/v2\/media?parent=59117"}],"wp:term":[{"taxonomy":"product_brand","embeddable":true,"href":"https:\/\/modelkars.com\/fr\/wp-json\/wp\/v2\/product_brand?post=59117"},{"taxonomy":"product_cat","embeddable":true,"href":"https:\/\/modelkars.com\/fr\/wp-json\/wp\/v2\/product_cat?post=59117"},{"taxonomy":"product_tag","embeddable":true,"href":"https:\/\/modelkars.com\/fr\/wp-json\/wp\/v2\/product_tag?post=59117"}],"curies":[{"name":"wp","href":"https:\/\/api.w.org\/{rel}","templated":true}]}}