{"id":59115,"date":"2025-03-10T00:00:01","date_gmt":"2025-03-09T23:00:01","guid":{"rendered":"https:\/\/modelkars.com\/?post_type=product&#038;p=59115"},"modified":"2025-12-02T00:00:24","modified_gmt":"2025-12-01T23:00:24","slug":"bbr1872c-ferrari-599-gtb-fiorano-bleu-mirabeau","status":"publish","type":"product","link":"https:\/\/modelkars.com\/fr\/shop\/bbr\/bbr1872c-ferrari-599-gtb-fiorano-bleu-mirabeau\/","title":{"rendered":"Ferrari 599 GTB Fiorano"},"content":{"rendered":"","protected":false},"excerpt":{"rendered":"<p>La Ferrari 599 GTB Fiorano \u00e0 l&rsquo;\u00e9chelle 1:18, dans un bleu Mirabeau \u00e9clatant, est fabriqu\u00e9e en r\u00e9sine par BBR. Livr\u00e9e sur un socle, cette s\u00e9rie limit\u00e9e met en valeur l&rsquo;\u00e9l\u00e9gance et les performances de la 599, avec son V12 capable de 620 chevaux.<\/p>\n","protected":false},"featured_media":64140,"template":"","meta":{"_seopress_robots_primary_cat":"","_seopress_titles_title":"","_seopress_titles_desc":"","_seopress_robots_index":""},"product_brand":[],"product_cat":[315],"product_tag":[84,93,92,85,86],"class_list":{"0":"post-59115","1":"product","2":"type-product","3":"status-publish","4":"has-post-thumbnail","6":"product_cat-bbr","7":"product_tag-echelle-118","8":"product_tag-edition-limitee","9":"product_tag-resine","10":"product_tag-sans-ouvrants","11":"product_tag-socle-inclus","13":"first","14":"instock","15":"taxable","16":"shipping-taxable","17":"purchasable","18":"product-type-simple"},"_links":{"self":[{"href":"https:\/\/modelkars.com\/fr\/wp-json\/wp\/v2\/product\/59115","targetHints":{"allow":["GET"]}}],"collection":[{"href":"https:\/\/modelkars.com\/fr\/wp-json\/wp\/v2\/product"}],"about":[{"href":"https:\/\/modelkars.com\/fr\/wp-json\/wp\/v2\/types\/product"}],"wp:featuredmedia":[{"embeddable":true,"href":"https:\/\/modelkars.com\/fr\/wp-json\/wp\/v2\/media\/64140"}],"wp:attachment":[{"href":"https:\/\/modelkars.com\/fr\/wp-json\/wp\/v2\/media?parent=59115"}],"wp:term":[{"taxonomy":"product_brand","embeddable":true,"href":"https:\/\/modelkars.com\/fr\/wp-json\/wp\/v2\/product_brand?post=59115"},{"taxonomy":"product_cat","embeddable":true,"href":"https:\/\/modelkars.com\/fr\/wp-json\/wp\/v2\/product_cat?post=59115"},{"taxonomy":"product_tag","embeddable":true,"href":"https:\/\/modelkars.com\/fr\/wp-json\/wp\/v2\/product_tag?post=59115"}],"curies":[{"name":"wp","href":"https:\/\/api.w.org\/{rel}","templated":true}]}}