{"id":59112,"date":"2024-10-15T18:11:37","date_gmt":"2024-10-15T16:11:37","guid":{"rendered":"https:\/\/modelkars.com\/?post_type=product&#038;p=59112"},"modified":"2025-12-01T01:52:54","modified_gmt":"2025-12-01T00:52:54","slug":"ot1095-alpine-a110-pikes-peak-2023","status":"publish","type":"product","link":"https:\/\/modelkars.com\/fr\/shop\/ottomobile\/ot1095-alpine-a110-pikes-peak-2023\/","title":{"rendered":"Alpine A110 Pikes Peak 2023"},"content":{"rendered":"","protected":false},"excerpt":{"rendered":"<p>Reproduction \u00e0 l&rsquo;\u00e9chelle 1:18 de l&rsquo;Alpine A110 Pikes Peak 2023, fabriqu\u00e9e en r\u00e9sine par OttOmobile. Cette \u00e9dition limit\u00e9e \u00e0 2000 exemplaires incarne l\u2019esprit de la c\u00e9l\u00e8bre course de c\u00f4te de Pikes Peak, o\u00f9 cette version modifi\u00e9e de l&rsquo;A110 s\u2019est distingu\u00e9e par ses performances impressionnantes.<\/p>\n","protected":false},"featured_media":59385,"template":"","meta":{"_seopress_robots_primary_cat":"","_seopress_titles_title":"","_seopress_titles_desc":"","_seopress_robots_index":""},"product_brand":[],"product_cat":[225],"product_tag":[84,93,92,85],"class_list":{"0":"post-59112","1":"product","2":"type-product","3":"status-publish","4":"has-post-thumbnail","6":"product_cat-ottomobile","7":"product_tag-echelle-118","8":"product_tag-edition-limitee","9":"product_tag-resine","10":"product_tag-sans-ouvrants","12":"first","13":"outofstock","14":"taxable","15":"shipping-taxable","16":"product-type-simple"},"_links":{"self":[{"href":"https:\/\/modelkars.com\/fr\/wp-json\/wp\/v2\/product\/59112","targetHints":{"allow":["GET"]}}],"collection":[{"href":"https:\/\/modelkars.com\/fr\/wp-json\/wp\/v2\/product"}],"about":[{"href":"https:\/\/modelkars.com\/fr\/wp-json\/wp\/v2\/types\/product"}],"wp:featuredmedia":[{"embeddable":true,"href":"https:\/\/modelkars.com\/fr\/wp-json\/wp\/v2\/media\/59385"}],"wp:attachment":[{"href":"https:\/\/modelkars.com\/fr\/wp-json\/wp\/v2\/media?parent=59112"}],"wp:term":[{"taxonomy":"product_brand","embeddable":true,"href":"https:\/\/modelkars.com\/fr\/wp-json\/wp\/v2\/product_brand?post=59112"},{"taxonomy":"product_cat","embeddable":true,"href":"https:\/\/modelkars.com\/fr\/wp-json\/wp\/v2\/product_cat?post=59112"},{"taxonomy":"product_tag","embeddable":true,"href":"https:\/\/modelkars.com\/fr\/wp-json\/wp\/v2\/product_tag?post=59112"}],"curies":[{"name":"wp","href":"https:\/\/api.w.org\/{rel}","templated":true}]}}