{"id":59111,"date":"2024-10-15T18:11:37","date_gmt":"2024-10-15T16:11:37","guid":{"rendered":"https:\/\/modelkars.com\/?post_type=product&#038;p=59111"},"modified":"2025-12-01T01:52:54","modified_gmt":"2025-12-01T00:52:54","slug":"ot1088-venturi-400-gt-bleu","status":"publish","type":"product","link":"https:\/\/modelkars.com\/fr\/shop\/ottomobile\/ot1088-venturi-400-gt-bleu\/","title":{"rendered":"Venturi 400 GT"},"content":{"rendered":"","protected":false},"excerpt":{"rendered":"<p>Cette Venturi 400 GT \u00e0 l&rsquo;\u00e9chelle 1:18 est pr\u00e9sent\u00e9e dans un bleu \u00e9clatant et fabriqu\u00e9e en r\u00e9sine par OttOmobile. Limit\u00e9e \u00e0 seulement 999 exemplaires, cette miniature repr\u00e9sente la premi\u00e8re supercar fran\u00e7aise produite en s\u00e9rie dans les ann\u00e9es 90, capable d&rsquo;atteindre une vitesse de 290 km\/h.<\/p>\n","protected":false},"featured_media":59362,"template":"","meta":{"_seopress_robots_primary_cat":"","_seopress_titles_title":"","_seopress_titles_desc":"","_seopress_robots_index":""},"product_brand":[],"product_cat":[225],"product_tag":[84,93,92,85],"class_list":{"0":"post-59111","1":"product","2":"type-product","3":"status-publish","4":"has-post-thumbnail","6":"product_cat-ottomobile","7":"product_tag-echelle-118","8":"product_tag-edition-limitee","9":"product_tag-resine","10":"product_tag-sans-ouvrants","12":"first","13":"outofstock","14":"taxable","15":"shipping-taxable","16":"product-type-simple"},"_links":{"self":[{"href":"https:\/\/modelkars.com\/fr\/wp-json\/wp\/v2\/product\/59111","targetHints":{"allow":["GET"]}}],"collection":[{"href":"https:\/\/modelkars.com\/fr\/wp-json\/wp\/v2\/product"}],"about":[{"href":"https:\/\/modelkars.com\/fr\/wp-json\/wp\/v2\/types\/product"}],"wp:featuredmedia":[{"embeddable":true,"href":"https:\/\/modelkars.com\/fr\/wp-json\/wp\/v2\/media\/59362"}],"wp:attachment":[{"href":"https:\/\/modelkars.com\/fr\/wp-json\/wp\/v2\/media?parent=59111"}],"wp:term":[{"taxonomy":"product_brand","embeddable":true,"href":"https:\/\/modelkars.com\/fr\/wp-json\/wp\/v2\/product_brand?post=59111"},{"taxonomy":"product_cat","embeddable":true,"href":"https:\/\/modelkars.com\/fr\/wp-json\/wp\/v2\/product_cat?post=59111"},{"taxonomy":"product_tag","embeddable":true,"href":"https:\/\/modelkars.com\/fr\/wp-json\/wp\/v2\/product_tag?post=59111"}],"curies":[{"name":"wp","href":"https:\/\/api.w.org\/{rel}","templated":true}]}}