{"id":59108,"date":"2025-07-25T00:00:01","date_gmt":"2025-07-24T22:00:01","guid":{"rendered":"https:\/\/modelkars.com\/?post_type=product&#038;p=59108"},"modified":"2025-12-01T01:52:06","modified_gmt":"2025-12-01T00:52:06","slug":"ts0600-lamborghini-countach-lb-works-tas-2024-blanc-liberty-walk","status":"publish","type":"product","link":"https:\/\/modelkars.com\/fr\/shop\/topspeed\/ts0600-lamborghini-countach-lb-works-tas-2024-blanc-liberty-walk\/","title":{"rendered":"Lamborghini Countach LB-Works TAS 2024"},"content":{"rendered":"","protected":false},"excerpt":{"rendered":"<p>Cette Lamborghini Countach LB-Works d\u00e9cor\u00e9e dans l\u2019esprit audacieux de Liberty Walk, est reproduite en r\u00e9sine par TopSpeed \u00e0 l\u2019\u00e9chelle 1:18, dans sa livr\u00e9e blanche d\u00e9voil\u00e9e au Tokyo Auto Salon 2024. Avec ses lignes embl\u00e9matiques et ses personnalisations sign\u00e9es LB-Works, cette r\u00e9plique en \u00e9dition limit\u00e9e rend hommage \u00e0 une ic\u00f4ne revisit\u00e9 du style. Le blanc pur associ\u00e9 aux touches graphiques de Liberty Walk conf\u00e8re \u00e0 cette Countach un look r\u00e9solument moderne et provocateur.<\/p>\n","protected":false},"featured_media":59184,"template":"","meta":{"_seopress_robots_primary_cat":"","_seopress_titles_title":"","_seopress_titles_desc":"","_seopress_robots_index":""},"product_brand":[],"product_cat":[74],"product_tag":[84,93,92,85],"class_list":{"0":"post-59108","1":"product","2":"type-product","3":"status-publish","4":"has-post-thumbnail","6":"product_cat-topspeed","7":"product_tag-echelle-118","8":"product_tag-edition-limitee","9":"product_tag-resine","10":"product_tag-sans-ouvrants","12":"first","13":"outofstock","14":"taxable","15":"shipping-taxable","16":"purchasable","17":"product-type-simple"},"_links":{"self":[{"href":"https:\/\/modelkars.com\/fr\/wp-json\/wp\/v2\/product\/59108","targetHints":{"allow":["GET"]}}],"collection":[{"href":"https:\/\/modelkars.com\/fr\/wp-json\/wp\/v2\/product"}],"about":[{"href":"https:\/\/modelkars.com\/fr\/wp-json\/wp\/v2\/types\/product"}],"wp:featuredmedia":[{"embeddable":true,"href":"https:\/\/modelkars.com\/fr\/wp-json\/wp\/v2\/media\/59184"}],"wp:attachment":[{"href":"https:\/\/modelkars.com\/fr\/wp-json\/wp\/v2\/media?parent=59108"}],"wp:term":[{"taxonomy":"product_brand","embeddable":true,"href":"https:\/\/modelkars.com\/fr\/wp-json\/wp\/v2\/product_brand?post=59108"},{"taxonomy":"product_cat","embeddable":true,"href":"https:\/\/modelkars.com\/fr\/wp-json\/wp\/v2\/product_cat?post=59108"},{"taxonomy":"product_tag","embeddable":true,"href":"https:\/\/modelkars.com\/fr\/wp-json\/wp\/v2\/product_tag?post=59108"}],"curies":[{"name":"wp","href":"https:\/\/api.w.org\/{rel}","templated":true}]}}