{"id":59106,"date":"2025-06-02T18:11:37","date_gmt":"2025-06-02T16:11:37","guid":{"rendered":"https:\/\/modelkars.com\/?post_type=product&#038;p=59106"},"modified":"2025-12-01T01:52:19","modified_gmt":"2025-12-01T00:52:19","slug":"ts0589-porsche-911-992-gt3-r-roxy-rose-ao-racing-michelin-gt-challenge-2023","status":"publish","type":"product","link":"https:\/\/modelkars.com\/fr\/shop\/topspeed\/ts0589-porsche-911-992-gt3-r-roxy-rose-ao-racing-michelin-gt-challenge-2023\/","title":{"rendered":"Porsche 911 (992) GT3-R \u00ab\u00a0Roxy\u00a0\u00bb"},"content":{"rendered":"","protected":false},"excerpt":{"rendered":"<p>La Porsche 911 (992) GT3-R \u00ab Roxy \u00bb en livr\u00e9e rose AO Racing, c\u00e9l\u00e8bre pour sa remarquable d\u00e9coration de dinosaure lors de sa participation au Michelin GT Challenge 2023, est magnifiquement recr\u00e9\u00e9e par TopSpeed \u00e0 l\u2019\u00e9chelle 1:18. Ce mod\u00e8le en r\u00e9sine se distingue par ses d\u00e9tails soign\u00e9s et son look unique. Connue pour sa livr\u00e9e saisissante, \u00ab Roxy \u00bb a marqu\u00e9 les esprits sur les circuits, rendant ce mod\u00e8le r\u00e9duit encore plus sp\u00e9cial. S\u00e9rie limit\u00e9e, cette pi\u00e8ce est un must pour les collectionneurs.<\/p>\n","protected":false},"featured_media":59156,"template":"","meta":{"_seopress_robots_primary_cat":"","_seopress_titles_title":"","_seopress_titles_desc":"","_seopress_robots_index":""},"product_brand":[],"product_cat":[74],"product_tag":[84,93,92,85],"class_list":{"0":"post-59106","1":"product","2":"type-product","3":"status-publish","4":"has-post-thumbnail","6":"product_cat-topspeed","7":"product_tag-echelle-118","8":"product_tag-edition-limitee","9":"product_tag-resine","10":"product_tag-sans-ouvrants","12":"first","13":"outofstock","14":"taxable","15":"shipping-taxable","16":"purchasable","17":"product-type-simple"},"_links":{"self":[{"href":"https:\/\/modelkars.com\/fr\/wp-json\/wp\/v2\/product\/59106","targetHints":{"allow":["GET"]}}],"collection":[{"href":"https:\/\/modelkars.com\/fr\/wp-json\/wp\/v2\/product"}],"about":[{"href":"https:\/\/modelkars.com\/fr\/wp-json\/wp\/v2\/types\/product"}],"wp:featuredmedia":[{"embeddable":true,"href":"https:\/\/modelkars.com\/fr\/wp-json\/wp\/v2\/media\/59156"}],"wp:attachment":[{"href":"https:\/\/modelkars.com\/fr\/wp-json\/wp\/v2\/media?parent=59106"}],"wp:term":[{"taxonomy":"product_brand","embeddable":true,"href":"https:\/\/modelkars.com\/fr\/wp-json\/wp\/v2\/product_brand?post=59106"},{"taxonomy":"product_cat","embeddable":true,"href":"https:\/\/modelkars.com\/fr\/wp-json\/wp\/v2\/product_cat?post=59106"},{"taxonomy":"product_tag","embeddable":true,"href":"https:\/\/modelkars.com\/fr\/wp-json\/wp\/v2\/product_tag?post=59106"}],"curies":[{"name":"wp","href":"https:\/\/api.w.org\/{rel}","templated":true}]}}