{"id":58456,"date":"2024-10-04T00:00:01","date_gmt":"2024-10-03T22:00:01","guid":{"rendered":"https:\/\/modelkars.com\/?post_type=product&#038;p=58456"},"modified":"2025-12-02T00:00:29","modified_gmt":"2025-12-01T23:00:29","slug":"ferrari-499p-50-le-mans-2023","status":"publish","type":"product","link":"https:\/\/modelkars.com\/fr\/shop\/bbr\/ferrari-499p-50-le-mans-2023\/","title":{"rendered":"Ferrari 499P #50 (Le Mans 2023 Pole Position)"},"content":{"rendered":"","protected":false},"excerpt":{"rendered":"<p>Cette voiture miniature \u00e0 l&rsquo;\u00e9chelle 1:18\u00e8me reproduit la Ferrari 499P num\u00e9ro 50 des 24 Heures du Mans 2023. Fabriqu\u00e9 par BBR, ce mod\u00e8le r\u00e9duit haut de gamme est r\u00e9alis\u00e9 en r\u00e9sine. Miniature produite en s\u00e9rie limit\u00e9e \u00e0 seulement 250 exemplaires num\u00e9rot\u00e9s. Vitrine incluse.<\/p>\n","protected":false},"featured_media":58458,"template":"","meta":{"_seopress_robots_primary_cat":"","_seopress_titles_title":"","_seopress_titles_desc":"","_seopress_robots_index":""},"product_brand":[],"product_cat":[315],"product_tag":[84,93,92,85,86,323],"class_list":{"0":"post-58456","1":"product","2":"type-product","3":"status-publish","4":"has-post-thumbnail","6":"product_cat-bbr","7":"product_tag-echelle-118","8":"product_tag-edition-limitee","9":"product_tag-resine","10":"product_tag-sans-ouvrants","11":"product_tag-socle-inclus","12":"product_tag-vitrine-incluse","14":"first","15":"instock","16":"taxable","17":"shipping-taxable","18":"purchasable","19":"product-type-simple"},"_links":{"self":[{"href":"https:\/\/modelkars.com\/fr\/wp-json\/wp\/v2\/product\/58456","targetHints":{"allow":["GET"]}}],"collection":[{"href":"https:\/\/modelkars.com\/fr\/wp-json\/wp\/v2\/product"}],"about":[{"href":"https:\/\/modelkars.com\/fr\/wp-json\/wp\/v2\/types\/product"}],"wp:featuredmedia":[{"embeddable":true,"href":"https:\/\/modelkars.com\/fr\/wp-json\/wp\/v2\/media\/58458"}],"wp:attachment":[{"href":"https:\/\/modelkars.com\/fr\/wp-json\/wp\/v2\/media?parent=58456"}],"wp:term":[{"taxonomy":"product_brand","embeddable":true,"href":"https:\/\/modelkars.com\/fr\/wp-json\/wp\/v2\/product_brand?post=58456"},{"taxonomy":"product_cat","embeddable":true,"href":"https:\/\/modelkars.com\/fr\/wp-json\/wp\/v2\/product_cat?post=58456"},{"taxonomy":"product_tag","embeddable":true,"href":"https:\/\/modelkars.com\/fr\/wp-json\/wp\/v2\/product_tag?post=58456"}],"curies":[{"name":"wp","href":"https:\/\/api.w.org\/{rel}","templated":true}]}}