{"id":5834,"date":"2019-07-04T14:08:57","date_gmt":"2019-07-04T12:08:57","guid":{"rendered":"https:\/\/modelkars.com\/?post_type=product&#038;p=5834"},"modified":"2025-12-01T01:55:31","modified_gmt":"2025-12-01T00:55:31","slug":"gt092-rolls-royce-silver-shadow-2-bleu-argent","status":"publish","type":"product","link":"https:\/\/modelkars.com\/fr\/shop\/gt-spirit\/gt092-rolls-royce-silver-shadow-2-bleu-argent\/","title":{"rendered":"Rolls-Royce Silver Shadow II"},"content":{"rendered":"","protected":false},"excerpt":{"rendered":"<p>Cette superbe Rolls-Royce Silver Shadow II est reproduite avec une fid\u00e9lit\u00e9 exceptionnelle \u00e0 l\u2019\u00e9chelle 1:18 dans une livr\u00e9e bicolore bleue-argent\u00e9e (Carribean Aqua \/ Silver). Cette miniature fabriqu\u00e9e par GT Spirit est produite en quantit\u00e9 limit\u00e9e et num\u00e9rot\u00e9e.<\/p>\n","protected":false},"featured_media":6773,"template":"","meta":{"_seopress_robots_primary_cat":"none","_seopress_titles_title":"","_seopress_titles_desc":"","_seopress_robots_index":""},"product_brand":[],"product_cat":[71],"product_tag":[221,84,93,92,85],"class_list":{"0":"post-5834","1":"product","2":"type-product","3":"status-publish","4":"has-post-thumbnail","6":"product_cat-gt-spirit","7":"product_tag-decembre-2019","8":"product_tag-echelle-118","9":"product_tag-edition-limitee","10":"product_tag-resine","11":"product_tag-sans-ouvrants","12":"product_shipping_class-delivengo","14":"first","15":"outofstock","16":"taxable","17":"shipping-taxable","18":"purchasable","19":"product-type-simple"},"_links":{"self":[{"href":"https:\/\/modelkars.com\/fr\/wp-json\/wp\/v2\/product\/5834","targetHints":{"allow":["GET"]}}],"collection":[{"href":"https:\/\/modelkars.com\/fr\/wp-json\/wp\/v2\/product"}],"about":[{"href":"https:\/\/modelkars.com\/fr\/wp-json\/wp\/v2\/types\/product"}],"wp:featuredmedia":[{"embeddable":true,"href":"https:\/\/modelkars.com\/fr\/wp-json\/wp\/v2\/media\/6773"}],"wp:attachment":[{"href":"https:\/\/modelkars.com\/fr\/wp-json\/wp\/v2\/media?parent=5834"}],"wp:term":[{"taxonomy":"product_brand","embeddable":true,"href":"https:\/\/modelkars.com\/fr\/wp-json\/wp\/v2\/product_brand?post=5834"},{"taxonomy":"product_cat","embeddable":true,"href":"https:\/\/modelkars.com\/fr\/wp-json\/wp\/v2\/product_cat?post=5834"},{"taxonomy":"product_tag","embeddable":true,"href":"https:\/\/modelkars.com\/fr\/wp-json\/wp\/v2\/product_tag?post=5834"}],"curies":[{"name":"wp","href":"https:\/\/api.w.org\/{rel}","templated":true}]}}